{"id":1428,"date":"2019-03-19T15:43:05","date_gmt":"2019-03-19T14:43:05","guid":{"rendered":"http:\/\/www.yamaha-music-school-colmar.com\/site\/?page_id=1428"},"modified":"2020-02-27T14:06:53","modified_gmt":"2020-02-27T13:06:53","slug":"cours-2","status":"publish","type":"page","link":"http:\/\/yamaha-music-school-lille.fr\/site\/cours-2\/","title":{"rendered":"EXAMEN DE GRADES"},"content":{"rendered":"\n<section class=\"wp-block-uagb-section uagb-section__wrap uagb-section__background-image uagb-block-040ea152-d562-4b03-aa7d-2296d97901b1\"><div class=\"uagb-section__overlay\"><\/div><div class=\"uagb-section__inner-wrap\">\n<div class=\"wp-block-uagb-advanced-heading uagb-block-5598840b-8963-4ad2-96b4-aff2793b74de\" id=\"uagb-adv-heading-8f146dd5-df26-4fb3-b94f-311fc511fde7\"><h1 class=\"uagb-heading-text\">EXAMENS DE GRADE<\/h1><p class=\"uagb-desc-text\"><\/p><\/div>\n<\/div><\/section>\n\n\n<style>#kt-layout-id_47f35b-43 > .kt-row-column-wrap{align-content:start;}:where(#kt-layout-id_47f35b-43 > .kt-row-column-wrap) > .wp-block-kadence-column{justify-content:start;}#kt-layout-id_47f35b-43 > .kt-row-column-wrap{column-gap:var(--global-kb-gap-md, 2rem);row-gap:var(--global-kb-gap-md, 2rem);max-width:1200px;margin-left:auto;margin-right:auto;padding-top:var( --global-kb-row-default-top, 25px );padding-bottom:var( --global-kb-row-default-bottom, 25px );padding-left:10px;padding-right:197px;grid-template-columns:minmax(0, calc(60% - ((var(--global-kb-gap-md, 2rem) * 1 )\/2)))minmax(0, calc(40% - ((var(--global-kb-gap-md, 2rem) * 1 )\/2)));}#kt-layout-id_47f35b-43 > .kt-row-layout-overlay{opacity:0.30;}@media all and (max-width: 1024px){#kt-layout-id_47f35b-43 > .kt-row-column-wrap{grid-template-columns:minmax(0, 2fr) minmax(0, 1fr);}}@media all and (max-width: 767px){#kt-layout-id_47f35b-43 > .kt-row-column-wrap{grid-template-columns:minmax(0, 1fr);}}<\/style>\n<div class=\"wp-block-kadence-rowlayout alignnone\"><div id=\"kt-layout-id_47f35b-43\" class=\"kt-row-layout-inner  kt-layout-id_47f35b-43\"><div class=\"kt-row-column-wrap kt-has-2-columns kt-gutter-default kt-v-gutter-default kt-row-valign-top kt-row-layout-left-golden kt-tab-layout-inherit kt-m-colapse-left-to-right kt-mobile-layout-row kt-custom-first-width-60 kt-custom-second-width-40\"><style>.kadence-column_37fb20-d7 > .kt-inside-inner-col{border-top-width:0px;border-right-width:0px;border-bottom-width:0px;border-left-width:0px;}.kadence-column_37fb20-d7 > .kt-inside-inner-col,.kadence-column_37fb20-d7 > .kt-inside-inner-col:before{border-top-left-radius:0px;border-top-right-radius:0px;border-bottom-right-radius:0px;border-bottom-left-radius:0px;}.kadence-column_37fb20-d7 > .kt-inside-inner-col{column-gap:var(--global-kb-gap-sm, 1rem);}.kadence-column_37fb20-d7 > .kt-inside-inner-col{flex-direction:column;}.kadence-column_37fb20-d7 > .kt-inside-inner-col > .aligncenter{width:100%;}.kadence-column_37fb20-d7 > .kt-inside-inner-col:before{opacity:0.3;}.kadence-column_37fb20-d7{position:relative;}@media all and (max-width: 1024px){.kadence-column_37fb20-d7 > .kt-inside-inner-col{flex-direction:column;justify-content:center;}}@media all and (max-width: 767px){.kadence-column_37fb20-d7 > .kt-inside-inner-col{flex-direction:column;justify-content:center;}}<\/style>\n<div class=\"wp-block-kadence-column inner-column-1 kadence-column_37fb20-d7\"><div class=\"kt-inside-inner-col\">\n<p><strong>Les examens\nde grade Yamaha pour les \u00e9l\u00e8ves.<\/strong><\/p>\n\n\n\n<p>Yamaha propose son propre syst\u00e8me d&rsquo;examen afin que les\nparents et les \u00e9l\u00e8ves puissent documenter leurs progr\u00e8s en cours. Les examens\nsont soigneusement con\u00e7us pour l&rsquo;\u00e2ge de l&rsquo;\u00e9tudiant et sont organis\u00e9s sur\ndemande en fin d\u2019ann\u00e9e. Pour beaucoup de nos \u00e9l\u00e8ves, ils offrent une motivation\nsuppl\u00e9mentaire pour d\u00e9velopper davantage leurs comp\u00e9tences et leurs capacit\u00e9s\nmusicales.<\/p>\n\n\n\n<p>Les enseignants qui font partie\ndu syst\u00e8me d&rsquo;\u00e9ducation musicale Yamaha suivent une formation sp\u00e9cifique pour pouvoir\norganiser ces examens. Dans notre \u00e9cole de musique, les professeurs sont eux-m\u00eames\ncertifi\u00e9s selon le syst\u00e8me de notation Yamaha.<\/p>\n\n\n\n<p><\/p>\n<\/div><\/div>\n\n\n<style>.kadence-column_55deca-4c > .kt-inside-inner-col{padding-left:0px;padding-right:0px;}.kadence-column_55deca-4c > .kt-inside-inner-col{border-top-width:0px;border-right-width:0px;border-bottom-width:0px;border-left-width:0px;}.kadence-column_55deca-4c > .kt-inside-inner-col,.kadence-column_55deca-4c > .kt-inside-inner-col:before{border-top-left-radius:0px;border-top-right-radius:0px;border-bottom-right-radius:0px;border-bottom-left-radius:0px;}.kadence-column_55deca-4c > .kt-inside-inner-col{column-gap:var(--global-kb-gap-sm, 1rem);}.kadence-column_55deca-4c > .kt-inside-inner-col{flex-direction:column;}.kadence-column_55deca-4c > .kt-inside-inner-col > .aligncenter{width:100%;}.kadence-column_55deca-4c > .kt-inside-inner-col:before{opacity:0.3;}.kadence-column_55deca-4c{position:relative;}.wp-block-kadence-column.kadence-column_55deca-4c > .kt-inside-inner-col{margin-right:-132px;}@media all and (max-width: 1024px){.kadence-column_55deca-4c > .kt-inside-inner-col{flex-direction:column;justify-content:center;}}@media all and (max-width: 767px){.kadence-column_55deca-4c > .kt-inside-inner-col{flex-direction:column;justify-content:center;}}<\/style>\n<div class=\"wp-block-kadence-column inner-column-2 kadence-column_55deca-4c\"><div class=\"kt-inside-inner-col\">\n<p style=\"font-size:21px\"><strong>Contact<\/strong><\/p>\n\n\n\n<ul class=\"wp-block-list\"><li> 06-83-11-72-40<\/li><li>yms.euterpe@gmail.com <\/li><\/ul>\n\n\n\n<div class=\"uagb-cta__outer-wrap uagb-block-846383e7-eadb-443d-a235-9c8a6f24cec3\"><div class=\"uagb-cta__content-wrap uagb-cta__block uagb-cta__icon-position-right uagb-cta__content-right uagb-cta__content-stacked-tablet uagb-cta__button-valign-middle uagb-cta__button-type-none \"><div class=\"uagb-cta__left-right-wrap\"><div class=\"uagb-cta__content\"><div class=\"uagb-cta__title-wrap\"><h3 class=\"uagb-cta__title\">Adresse<\/h3><\/div><div class=\"uagb-cta-text-wrap\"><p class=\"uagb-cta__desc\"> <br>24 Boulevard Jean-Baptiste Lebas<br>59000 LILLE<a href=\"http:\/\/www.yamaha-music-school-colmar.com\/site\/wp-admin\/contact.html\"><br><\/a><\/p><\/div><\/div><div class=\"uagb-cta__link-wrapper uagb-cta__block-link-style\"><\/div><\/div><\/div><\/div>\n<\/div><\/div>\n<\/div><\/div><\/div>\n\n\n","protected":false},"excerpt":{"rendered":"<p>Les examens de grade Yamaha pour les \u00e9l\u00e8ves. Yamaha propose son propre syst\u00e8me d&rsquo;examen afin que les parents et les \u00e9l\u00e8ves puissent documenter leurs progr\u00e8s en cours. Les examens sont soigneusement con\u00e7us pour l&rsquo;\u00e2ge de l&rsquo;\u00e9tudiant et sont organis\u00e9s sur demande en fin d\u2019ann\u00e9e. Pour beaucoup de nos \u00e9l\u00e8ves, ils offrent une motivation suppl\u00e9mentaire pour [&hellip;]<\/p>\n","protected":false},"author":1,"featured_media":0,"parent":0,"menu_order":0,"comment_status":"closed","ping_status":"closed","template":"","meta":{"_uag_custom_page_level_css":"","site-sidebar-layout":"no-sidebar","site-content-layout":"page-builder","ast-site-content-layout":"default","site-content-style":"default","site-sidebar-style":"default","ast-global-header-display":"","ast-banner-title-visibility":"","ast-main-header-display":"","ast-hfb-above-header-display":"","ast-hfb-below-header-display":"","ast-hfb-mobile-header-display":"","site-post-title":"disabled","ast-breadcrumbs-content":"","ast-featured-img":"disabled","footer-sml-layout":"","theme-transparent-header-meta":"enabled","adv-header-id-meta":"","stick-header-meta":"","header-above-stick-meta":"","header-main-stick-meta":"","header-below-stick-meta":"","astra-migrate-meta-layouts":"default","ast-page-background-enabled":"default","ast-page-background-meta":{"desktop":{"background-color":"","background-image":"","background-repeat":"repeat","background-position":"center center","background-size":"auto","background-attachment":"scroll","background-type":"","background-media":"","overlay-type":"","overlay-color":"","overlay-opacity":"","overlay-gradient":""},"tablet":{"background-color":"","background-image":"","background-repeat":"repeat","background-position":"center center","background-size":"auto","background-attachment":"scroll","background-type":"","background-media":"","overlay-type":"","overlay-color":"","overlay-opacity":"","overlay-gradient":""},"mobile":{"background-color":"","background-image":"","background-repeat":"repeat","background-position":"center center","background-size":"auto","background-attachment":"scroll","background-type":"","background-media":"","overlay-type":"","overlay-color":"","overlay-opacity":"","overlay-gradient":""}},"ast-content-background-meta":{"desktop":{"background-color":"var(--ast-global-color-5)","background-image":"","background-repeat":"repeat","background-position":"center center","background-size":"auto","background-attachment":"scroll","background-type":"","background-media":"","overlay-type":"","overlay-color":"","overlay-opacity":"","overlay-gradient":""},"tablet":{"background-color":"var(--ast-global-color-5)","background-image":"","background-repeat":"repeat","background-position":"center center","background-size":"auto","background-attachment":"scroll","background-type":"","background-media":"","overlay-type":"","overlay-color":"","overlay-opacity":"","overlay-gradient":""},"mobile":{"background-color":"var(--ast-global-color-5)","background-image":"","background-repeat":"repeat","background-position":"center center","background-size":"auto","background-attachment":"scroll","background-type":"","background-media":"","overlay-type":"","overlay-color":"","overlay-opacity":"","overlay-gradient":""}},"__cvm_playback_settings":[],"__cvm_video_id":"","_themeisle_gutenberg_block_has_review":false,"footnotes":""},"class_list":["post-1428","page","type-page","status-publish","hentry"],"featured_image_urls_v2":{"full":"","thumbnail":"","medium":"","medium_large":"","large":"","1536x1536":"","2048x2048":""},"post_excerpt_stackable_v2":"<p>EXAMENS DE GRADE Les examens de grade Yamaha pour les \u00e9l\u00e8ves. Yamaha propose son propre syst\u00e8me d&rsquo;examen afin que les parents et les \u00e9l\u00e8ves puissent documenter leurs progr\u00e8s en cours. Les examens sont soigneusement con\u00e7us pour l&rsquo;\u00e2ge de l&rsquo;\u00e9tudiant et sont organis\u00e9s sur demande en fin d\u2019ann\u00e9e. Pour beaucoup de nos \u00e9l\u00e8ves, ils offrent une motivation suppl\u00e9mentaire pour d\u00e9velopper davantage leurs comp\u00e9tences et leurs capacit\u00e9s musicales. Les enseignants qui font partie du syst\u00e8me d&rsquo;\u00e9ducation musicale Yamaha suivent une formation sp\u00e9cifique pour pouvoir organiser ces examens. Dans notre \u00e9cole de musique, les professeurs sont eux-m\u00eames certifi\u00e9s selon le syst\u00e8me de notation\u2026<\/p>\n","category_list_v2":"","author_info_v2":{"name":"EUTERPE","url":"http:\/\/yamaha-music-school-lille.fr\/site\/author\/euterpe\/"},"comments_num_v2":"0 commentaire","uagb_featured_image_src":{"full":false,"thumbnail":false,"medium":false,"medium_large":false,"large":false,"1536x1536":false,"2048x2048":false},"uagb_author_info":{"display_name":"EUTERPE","author_link":"http:\/\/yamaha-music-school-lille.fr\/site\/author\/euterpe\/"},"uagb_comment_info":0,"uagb_excerpt":"Les examens de grade Yamaha pour les \u00e9l\u00e8ves. Yamaha propose son propre syst\u00e8me d&rsquo;examen afin que les parents et les \u00e9l\u00e8ves puissent documenter leurs progr\u00e8s en cours. Les examens sont soigneusement con\u00e7us pour l&rsquo;\u00e2ge de l&rsquo;\u00e9tudiant et sont organis\u00e9s sur demande en fin d\u2019ann\u00e9e. Pour beaucoup de nos \u00e9l\u00e8ves, ils offrent une motivation suppl\u00e9mentaire pour\u2026","_links":{"self":[{"href":"http:\/\/yamaha-music-school-lille.fr\/site\/wp-json\/wp\/v2\/pages\/1428"}],"collection":[{"href":"http:\/\/yamaha-music-school-lille.fr\/site\/wp-json\/wp\/v2\/pages"}],"about":[{"href":"http:\/\/yamaha-music-school-lille.fr\/site\/wp-json\/wp\/v2\/types\/page"}],"author":[{"embeddable":true,"href":"http:\/\/yamaha-music-school-lille.fr\/site\/wp-json\/wp\/v2\/users\/1"}],"replies":[{"embeddable":true,"href":"http:\/\/yamaha-music-school-lille.fr\/site\/wp-json\/wp\/v2\/comments?post=1428"}],"version-history":[{"count":6,"href":"http:\/\/yamaha-music-school-lille.fr\/site\/wp-json\/wp\/v2\/pages\/1428\/revisions"}],"predecessor-version":[{"id":2238,"href":"http:\/\/yamaha-music-school-lille.fr\/site\/wp-json\/wp\/v2\/pages\/1428\/revisions\/2238"}],"wp:attachment":[{"href":"http:\/\/yamaha-music-school-lille.fr\/site\/wp-json\/wp\/v2\/media?parent=1428"}],"curies":[{"name":"wp","href":"https:\/\/api.w.org\/{rel}","templated":true}]}}