{"id":14,"date":"2018-11-26T12:47:06","date_gmt":"2018-11-26T11:47:06","guid":{"rendered":"https:\/\/websitedemos.net\/alex26\/?page_id=10"},"modified":"2025-09-11T13:24:10","modified_gmt":"2025-09-11T11:24:10","slug":"contact","status":"publish","type":"page","link":"http:\/\/yamaha-music-school-lille.fr\/site\/contact\/","title":{"rendered":"CONTACT"},"content":{"rendered":"\n<section class=\"wp-block-uagb-section uagb-section__wrap uagb-section__background-image uagb-block-fceaf9da\"><div class=\"uagb-section__overlay\"><\/div><div class=\"uagb-section__inner-wrap\">\n<div class=\"wp-block-uagb-advanced-heading uagb-block-067504f7\" id=\"uagb-adv-heading-6ef7f56c-0967-4566-b227-56d670196155\"><h1 class=\"uagb-heading-text\">CONTACT<\/h1><\/div>\n<\/div><\/section>\n\n\n\n<section class=\"wp-block-uagb-section uagb-section__wrap uagb-section__background-undefined uagb-block-7da07cff\"><div class=\"uagb-section__overlay\"><\/div><div class=\"uagb-section__inner-wrap\">\n<div class=\"wp-block-columns has-2-columns is-layout-flex wp-container-core-columns-is-layout-1 wp-block-columns-is-layout-flex\">\n<div class=\"wp-block-column is-layout-flow wp-block-column-is-layout-flow\">\n<div class=\"wp-block-uagb-advanced-heading uagb-block-3401be22\" id=\"uagb-adv-heading-e9d1dc99-96ad-4c0a-9547-5d6816f57706\"><h2 class=\"uagb-heading-text\">Contactez-nous <\/h2><p class=\"uagb-desc-text\">Nous serions heureux de vous rencontrer pendant nos heures d\u2019ouverture, et de vous pr\u00e9senter notre \u00e9cole. <\/p><\/div>\n\n\n\n<div style=\"height:40px\" aria-hidden=\"true\" class=\"wp-block-spacer\"><\/div>\n\n\n\n<div class=\"wp-block-uagb-icon-list uagb-block-56ae3eb0 uagb-icon-list__outer-wrap uagb-icon-list__layout-vertical\"><div class=\"uagb-icon-list__wrap\">\n<div class=\"wp-block-uagb-icon-list-child uagb-block-be1d8294 uagb-icon-list-repeater uagb-icon-list__wrapper\"><span class=\"uagb-icon-list__source-wrap\"><svg xmlns=\"https:\/\/www.w3.org\/2000\/svg\" viewBox=\"0 0 384 512\"><path d=\"M168.3 499.2C116.1 435 0 279.4 0 192C0 85.96 85.96 0 192 0C298 0 384 85.96 384 192C384 279.4 267 435 215.7 499.2C203.4 514.5 180.6 514.5 168.3 499.2H168.3zM192 256C227.3 256 256 227.3 256 192C256 156.7 227.3 128 192 128C156.7 128 128 156.7 128 192C128 227.3 156.7 256 192 256z\"><\/path><\/svg><\/span><span class=\"uagb-icon-list__label\"><a href=\"mailto:yms.euterpe@gmail.com\"> 24 Boulevard Jean-Baptiste LEBAS 59000 LILLE<\/a> <\/span><\/div>\n\n\n\n<div class=\"wp-block-uagb-icon-list-child uagb-block-268a1cd6 uagb-icon-list-repeater uagb-icon-list__wrapper\"><span class=\"uagb-icon-list__source-wrap\"><svg xmlns=\"https:\/\/www.w3.org\/2000\/svg\" viewBox=\"0 0 512 512\"><path d=\"M511.2 387l-23.25 100.8c-3.266 14.25-15.79 24.22-30.46 24.22C205.2 512 0 306.8 0 54.5c0-14.66 9.969-27.2 24.22-30.45l100.8-23.25C139.7-2.602 154.7 5.018 160.8 18.92l46.52 108.5c5.438 12.78 1.77 27.67-8.98 36.45L144.5 207.1c33.98 69.22 90.26 125.5 159.5 159.5l44.08-53.8c8.688-10.78 23.69-14.51 36.47-8.975l108.5 46.51C506.1 357.2 514.6 372.4 511.2 387z\"><\/path><\/svg><\/span><span class=\"uagb-icon-list__label\"> <a href=\"tel:+33689117240\">06-83-11-72-40<\/a> <\/span><\/div>\n\n\n\n<div class=\"wp-block-uagb-icon-list-child uagb-block-2e64f451 uagb-icon-list-repeater uagb-icon-list__wrapper\"><span class=\"uagb-icon-list__source-wrap\"><svg xmlns=\"https:\/\/www.w3.org\/2000\/svg\" viewBox=\"0 0 512 512\"><path d=\"M493.6 163c-24.88-19.62-45.5-35.37-164.3-121.6C312.7 29.21 279.7 0 256.4 0H255.6C232.3 0 199.3 29.21 182.6 41.38c-118.8 86.25-139.4 101.1-164.3 121.6C6.75 172 0 186 0 200.8v263.2C0 490.5 21.49 512 48 512h416c26.51 0 48-21.49 48-47.1V200.8C512 186 505.3 172 493.6 163zM303.2 367.5C289.1 378.5 272.5 384 256 384s-33.06-5.484-47.16-16.47L64 254.9V208.5c21.16-16.59 46.48-35.66 156.4-115.5c3.18-2.328 6.891-5.187 10.98-8.353C236.9 80.44 247.8 71.97 256 66.84c8.207 5.131 19.14 13.6 24.61 17.84c4.09 3.166 7.801 6.027 11.15 8.478C400.9 172.5 426.6 191.7 448 208.5v46.32L303.2 367.5z\"><\/path><\/svg><\/span><span class=\"uagb-icon-list__label\"> <a href=\"mailto:yms.euterpe@gmail.com\">yms.euterpe@gmail.com<\/a>   <\/span><\/div>\n<\/div><\/div>\n\n\n\n<div style=\"height:30px\" aria-hidden=\"true\" class=\"wp-block-spacer\"><\/div>\n<\/div>\n\n\n\n<div class=\"wp-block-column is-layout-flow wp-block-column-is-layout-flow\">\n<h2 class=\"wp-block-heading\">Fiche contact<\/h2>\n\n\n<div class=\"wpforms-container \" id=\"wpforms-6\"><form id=\"wpforms-form-6\" class=\"wpforms-validate wpforms-form\" data-formid=\"6\" method=\"post\" enctype=\"multipart\/form-data\" action=\"\/site\/wp-json\/wp\/v2\/pages\/14\" data-token=\"79739e1c9353de287511c41967acf651\" data-token-time=\"1777516065\"><noscript class=\"wpforms-error-noscript\">Veuillez activer JavaScript dans votre navigateur pour remplir ce formulaire.<\/noscript><div class=\"wpforms-field-container\"><div id=\"wpforms-6-field_5-container\" class=\"wpforms-field wpforms-field-checkbox\" data-field-id=\"5\"><label class=\"wpforms-field-label\">Civilit\u00e9<\/label><ul id=\"wpforms-6-field_5\"><li class=\"choice-1 depth-1\"><input type=\"checkbox\" id=\"wpforms-6-field_5_1\" name=\"wpforms[fields][5][]\" value=\"Madame\"  ><label class=\"wpforms-field-label-inline\" for=\"wpforms-6-field_5_1\">Madame<\/label><\/li><li class=\"choice-2 depth-1\"><input type=\"checkbox\" id=\"wpforms-6-field_5_2\" name=\"wpforms[fields][5][]\" value=\"Monsieur\"  ><label class=\"wpforms-field-label-inline\" for=\"wpforms-6-field_5_2\">Monsieur<\/label><\/li><\/ul><\/div><div id=\"wpforms-6-field_0-container\" class=\"wpforms-field wpforms-field-name\" data-field-id=\"0\"><label class=\"wpforms-field-label\" for=\"wpforms-6-field_0\">Votre Nom : (Obligatoire) <span class=\"wpforms-required-label\">*<\/span><\/label><input type=\"text\" id=\"wpforms-6-field_0\" class=\"wpforms-field-large wpforms-field-required\" name=\"wpforms[fields][0]\" required><\/div><div id=\"wpforms-6-field_6-container\" class=\"wpforms-field wpforms-field-text\" data-field-id=\"6\"><label class=\"wpforms-field-label\" for=\"wpforms-6-field_6\">Votre Pr\u00e9nom<\/label><input type=\"text\" id=\"wpforms-6-field_6\" class=\"wpforms-field-medium\" name=\"wpforms[fields][6]\" ><\/div><div id=\"wpforms-6-field_1-container\" class=\"wpforms-field wpforms-field-email\" data-field-id=\"1\"><label class=\"wpforms-field-label\" for=\"wpforms-6-field_1\">Votre e-Mail (requis) <span class=\"wpforms-required-label\">*<\/span><\/label><input type=\"email\" id=\"wpforms-6-field_1\" class=\"wpforms-field-large wpforms-field-required\" name=\"wpforms[fields][1]\" spellcheck=\"false\" required><\/div><div id=\"wpforms-6-field_7-container\" class=\"wpforms-field wpforms-field-text\" data-field-id=\"7\"><label class=\"wpforms-field-label\" for=\"wpforms-6-field_7\">T\u00e9l\u00e9phone<\/label><input type=\"text\" id=\"wpforms-6-field_7\" class=\"wpforms-field-medium\" name=\"wpforms[fields][7]\" ><\/div><div id=\"wpforms-6-field_8-container\" class=\"wpforms-field wpforms-field-radio\" data-field-id=\"8\"><label class=\"wpforms-field-label\">Sujet <span class=\"wpforms-required-label\">*<\/span><\/label><ul id=\"wpforms-6-field_8\" class=\"wpforms-field-required\"><li class=\"choice-1 depth-1\"><input type=\"radio\" id=\"wpforms-6-field_8_1\" name=\"wpforms[fields][8]\" value=\"G\u00e9n\u00e9ral\" required ><label class=\"wpforms-field-label-inline\" for=\"wpforms-6-field_8_1\">G\u00e9n\u00e9ral<\/label><\/li><li class=\"choice-2 depth-1\"><input type=\"radio\" id=\"wpforms-6-field_8_2\" name=\"wpforms[fields][8]\" value=\"Cours d&#039;essai\" required ><label class=\"wpforms-field-label-inline\" for=\"wpforms-6-field_8_2\">Cours d'essai<\/label><\/li><li class=\"choice-3 depth-1\"><input type=\"radio\" id=\"wpforms-6-field_8_3\" name=\"wpforms[fields][8]\" value=\"Collaboration\" required ><label class=\"wpforms-field-label-inline\" for=\"wpforms-6-field_8_3\">Collaboration<\/label><\/li><\/ul><\/div><div id=\"wpforms-6-field_2-container\" class=\"wpforms-field wpforms-field-textarea\" data-field-id=\"2\"><label class=\"wpforms-field-label\" for=\"wpforms-6-field_2\">Votre message <span class=\"wpforms-required-label\">*<\/span><\/label><textarea id=\"wpforms-6-field_2\" class=\"wpforms-field-medium wpforms-field-required\" name=\"wpforms[fields][2]\" required><\/textarea><\/div><div id=\"wpforms-6-field_17-container\" class=\"wpforms-field wpforms-field-checkbox\" data-field-id=\"17\"><label class=\"wpforms-field-label\">Protection de vos donn\u00e9es <span class=\"wpforms-required-label\">*<\/span><\/label><ul id=\"wpforms-6-field_17\" class=\"wpforms-field-required\"><li class=\"choice-1 depth-1\"><input type=\"checkbox\" id=\"wpforms-6-field_17_1\" name=\"wpforms[fields][17][]\" value=\"Je suis d&#039;accord\" required ><label class=\"wpforms-field-label-inline\" for=\"wpforms-6-field_17_1\">Je suis d'accord<\/label><\/li><\/ul><div class=\"wpforms-field-description\">J'accepte que YAMAHA MUSIC SCHOOL LILLE utilise les informations que je communique pour m'envoyer des informations sur les produits et prestations qui correspondent \u00e0 mon profil et \u00e0 mes int\u00e9r\u00eats en accord avec sa politique de protection des donn\u00e9es.<\/div><\/div><\/div><!-- .wpforms-field-container --><div class=\"wpforms-field wpforms-field-hp\"><label for=\"wpforms-6-field-hp\" class=\"wpforms-field-label\">Name<\/label><input type=\"text\" name=\"wpforms[hp]\" id=\"wpforms-6-field-hp\" class=\"wpforms-field-medium\"><\/div><div class=\"wpforms-submit-container\" ><input type=\"hidden\" name=\"wpforms[id]\" value=\"6\"><input type=\"hidden\" name=\"page_title\" value=\"\"><input type=\"hidden\" name=\"page_url\" value=\"http:\/\/yamaha-music-school-lille.fr\/site\/wp-json\/wp\/v2\/pages\/14\"><input type=\"hidden\" name=\"url_referer\" value=\"\"><button type=\"submit\" name=\"wpforms[submit]\" id=\"wpforms-submit-6\" class=\"wpforms-submit\" data-alt-text=\"Envoi en cours\" data-submit-text=\"Envoyer\" aria-live=\"assertive\" value=\"wpforms-submit\">Envoyer<\/button><\/div><\/form><\/div>  <!-- .wpforms-container -->\n<\/div>\n\n\n\n<div class=\"wp-block-column is-layout-flow wp-block-column-is-layout-flow\">\n<div class=\"wp-block-uagb-advanced-heading uagb-block-c41f7aae\" id=\"uagb-adv-heading-e9d1dc99-96ad-4c0a-9547-5d6816f57706\"><h2 class=\"uagb-heading-text\">Horaires :<\/h2><p class=\"uagb-desc-text\">Mardi 17h30 &#8211; 21h30<br>Mercredi 9h30 &#8211; 21h30<br>Jeudi 16h30 &#8211; 21h30&nbsp;<br>Vendredi 14h30 &#8211; 21h30<br>Samedi 9h30 -19h30&nbsp;<\/p><\/div>\n<\/div>\n<\/div>\n\n\n\n<p><\/p>\n<\/div><\/section>\n\n\n\n<section class=\"wp-block-uagb-section uagb-section__wrap uagb-section__background-undefined uagb-block-0cc34c5e\"><div class=\"uagb-section__overlay\"><\/div><div class=\"uagb-section__inner-wrap\"><\/div><\/section>\n\n\n\n<section class=\"wp-block-uagb-section uagb-section__wrap uagb-section__background-image uagb-block-a7d9ec38\"><div class=\"uagb-section__overlay\"><\/div><div class=\"uagb-section__inner-wrap\">\n<div class=\"wp-block-columns has-3-columns is-layout-flex wp-container-core-columns-is-layout-2 wp-block-columns-is-layout-flex\">\n<div class=\"wp-block-column is-layout-flow wp-block-column-is-layout-flow\">\n<h4 class=\"wp-block-heading\"><a href=\"http:\/\/yamaha-music-school-lille.fr\/site\/about\/\">A propos<\/a><\/h4>\n\n\n\n<h4 class=\"wp-block-heading\"><a href=\"http:\/\/yamaha-music-school-lille.fr\/site\/junior-original-concert\/\">Junior Original Concert<\/a><\/h4>\n\n\n\n<h4 class=\"wp-block-heading\"><a href=\"http:\/\/yamaha-music-school-lille.fr\/site\/cours-2\/\">Examens de grade<\/a><\/h4>\n\n\n\n<h4 class=\"wp-block-heading\"><a href=\"http:\/\/yamaha-music-school-lille.fr\/site\/contact\/\">Contact<\/a><\/h4>\n\n\n\n<h4 class=\"wp-block-heading\"><a href=\"https:\/\/yamaha-music-school-lille.fr\/site\/politique-de-confidentialite\/\" data-type=\"link\" data-id=\"https:\/\/yamaha-music-school-lille.fr\/site\/politique-de-confidentialite\/\">Mentions l\u00e9gales<\/a><\/h4>\n\n\n\n<figure class=\"wp-block-image is-resized\"><img decoding=\"async\" src=\"http:\/\/yamaha-music-school-lausanne.com\/wp-content\/uploads\/2019\/03\/images.png\" alt=\"\" class=\"wp-image-1274\" style=\"width:84px;height:84px\"\/><figcaption class=\"wp-element-caption\"><a href=\"https:\/\/www.facebook.com\/lallietsandrine\/\">Notre page Facebook<\/a><\/figcaption><\/figure>\n\n\n\n<p><\/p>\n\n\n\n<h4 class=\"wp-block-heading\" id=\"mce_1\">Contact<\/h4>\n<\/div>\n\n\n\n<div class=\"wp-block-column is-layout-flow wp-block-column-is-layout-flow\">\n<h4 class=\"wp-block-heading\"><a href=\"http:\/\/yamaha-music-school-Nos cours Cours Yamaha Autres cours Professeurs Horaires\/cours\/\"><\/a><a href=\"http:\/\/yamaha-music-school-lille.fr\/site\/cours\/\">Nos cours<\/a><\/h4>\n\n\n\n<h4 class=\"wp-block-heading\"><a href=\"http:\/\/yamaha-music-school-Nos cours Cours Yamaha Autres cours Professeurs Horaires\/cours\/\"><\/a><a href=\"http:\/\/yamaha-music-school-lille.fr\/site\/cours-pour-enfants\/\">Cours pour enfants<\/a><\/h4>\n\n\n\n<h4 class=\"wp-block-heading\"><a href=\"http:\/\/yamaha-music-school-Nos cours Cours Yamaha Autres cours Professeurs Horaires\/cours\/\"><\/a><a href=\"http:\/\/yamaha-music-school-lille.fr\/site\/cours-pour-adolescents-adultes\/\">Cours pour Adolescents\/Adultes<\/a><\/h4>\n\n\n\n<h4 class=\"wp-block-heading\"><a href=\"http:\/\/yamaha-music-school-Nos cours Cours Yamaha Autres cours Professeurs Horaires\/cours\/\"><\/a><a href=\"http:\/\/yamaha-music-school-lille.fr\/site\/nos-professeurs\/\">Professeurs<\/a><\/h4>\n\n\n\n<h4 class=\"wp-block-heading\"><a href=\"http:\/\/yamaha-music-school-lille.fr\/site\/tarifs\/\"><\/a><a href=\"http:\/\/yamaha-music-school-lille.fr\/site\/tarifs\/#\"><\/a><a href=\"http:\/\/yamaha-music-school-lausanne.com\/contact\/\"><\/a><a href=\"http:\/\/yamaha-music-school-lille.fr\/site\/tarifs\/\">Horaires<\/a><\/h4>\n\n\n\n<p><\/p>\n\n\n\n<p><\/p>\n<\/div>\n\n\n\n<div class=\"wp-block-column is-layout-flow wp-block-column-is-layout-flow\">\n<figure class=\"wp-block-image size-large is-resized\"><img loading=\"lazy\" decoding=\"async\" width=\"628\" height=\"141\" src=\"http:\/\/yamaha-music-school-lille.fr\/site\/wp-content\/uploads\/2019\/06\/yms_logo_big-1.png\" alt=\"\" class=\"wp-image-1839\" style=\"width:320px;height:71px\" srcset=\"http:\/\/yamaha-music-school-lille.fr\/site\/wp-content\/uploads\/2019\/06\/yms_logo_big-1.png 628w, http:\/\/yamaha-music-school-lille.fr\/site\/wp-content\/uploads\/2019\/06\/yms_logo_big-1-300x67.png 300w\" sizes=\"(max-width: 628px) 100vw, 628px\" \/><figcaption class=\"wp-element-caption\"><a href=\"http:\/\/yamaha-music-school-lille.fr\/site\/contact\/\"><strong> 06-83-11-72-40<br>yms.euterpe@gmail.com<\/strong><br><br> 24 Boulevard Jean-Baptiste Lebas<br>59000 LILLE  <\/a><\/figcaption><\/figure>\n\n\n\n<p><\/p>\n\n\n\n<p><\/p>\n\n\n\n<p><\/p>\n\n\n\n<p><\/p>\n<\/div>\n<\/div>\n\n\n\n<div style=\"height:30px\" aria-hidden=\"true\" class=\"wp-block-spacer\"><\/div>\n\n\n\n<hr class=\"wp-block-separator has-css-opacity is-style-wide\"\/>\n\n\n\n<div style=\"height:20px\" aria-hidden=\"true\" class=\"wp-block-spacer\"><\/div>\n\n\n\n<p><\/p>\n<\/div><\/section>\n","protected":false},"excerpt":{"rendered":"","protected":false},"author":1,"featured_media":0,"parent":0,"menu_order":0,"comment_status":"closed","ping_status":"closed","template":"","meta":{"_uag_custom_page_level_css":"","site-sidebar-layout":"no-sidebar","site-content-layout":"page-builder","ast-site-content-layout":"full-width-container","site-content-style":"unboxed","site-sidebar-style":"unboxed","ast-global-header-display":"","ast-banner-title-visibility":"","ast-main-header-display":"","ast-hfb-above-header-display":"","ast-hfb-below-header-display":"","ast-hfb-mobile-header-display":"","site-post-title":"disabled","ast-breadcrumbs-content":"","ast-featured-img":"disabled","footer-sml-layout":"","theme-transparent-header-meta":"enabled","adv-header-id-meta":"","stick-header-meta":"","header-above-stick-meta":"","header-main-stick-meta":"","header-below-stick-meta":"","astra-migrate-meta-layouts":"set","ast-page-background-enabled":"default","ast-page-background-meta":{"desktop":{"background-color":"","background-image":"","background-repeat":"repeat","background-position":"center center","background-size":"auto","background-attachment":"scroll","background-type":"","background-media":"","overlay-type":"","overlay-color":"","overlay-opacity":"","overlay-gradient":""},"tablet":{"background-color":"","background-image":"","background-repeat":"repeat","background-position":"center center","background-size":"auto","background-attachment":"scroll","background-type":"","background-media":"","overlay-type":"","overlay-color":"","overlay-opacity":"","overlay-gradient":""},"mobile":{"background-color":"","background-image":"","background-repeat":"repeat","background-position":"center center","background-size":"auto","background-attachment":"scroll","background-type":"","background-media":"","overlay-type":"","overlay-color":"","overlay-opacity":"","overlay-gradient":""}},"ast-content-background-meta":{"desktop":{"background-color":"var(--ast-global-color-5)","background-image":"","background-repeat":"repeat","background-position":"center center","background-size":"auto","background-attachment":"scroll","background-type":"","background-media":"","overlay-type":"","overlay-color":"","overlay-opacity":"","overlay-gradient":""},"tablet":{"background-color":"var(--ast-global-color-5)","background-image":"","background-repeat":"repeat","background-position":"center center","background-size":"auto","background-attachment":"scroll","background-type":"","background-media":"","overlay-type":"","overlay-color":"","overlay-opacity":"","overlay-gradient":""},"mobile":{"background-color":"var(--ast-global-color-5)","background-image":"","background-repeat":"repeat","background-position":"center center","background-size":"auto","background-attachment":"scroll","background-type":"","background-media":"","overlay-type":"","overlay-color":"","overlay-opacity":"","overlay-gradient":""}},"__cvm_playback_settings":[],"__cvm_video_id":"","_themeisle_gutenberg_block_has_review":false,"footnotes":""},"class_list":["post-14","page","type-page","status-publish","hentry"],"featured_image_urls_v2":{"full":"","thumbnail":"","medium":"","medium_large":"","large":"","1536x1536":"","2048x2048":""},"post_excerpt_stackable_v2":"<p>CONTACT Contactez-nous Nous serions heureux de vous rencontrer pendant nos heures d\u2019ouverture, et de vous pr\u00e9senter notre \u00e9cole. 24 Boulevard Jean-Baptiste LEBAS 59000 LILLE 06-83-11-72-40 yms.euterpe@gmail.com Fiche contact Veuillez activer JavaScript dans votre navigateur pour remplir ce formulaire.Civilit\u00e9MadameMonsieurVotre Nom : (Obligatoire) *Votre Pr\u00e9nomVotre e-Mail (requis) *T\u00e9l\u00e9phoneSujet *G\u00e9n\u00e9ralCours d&rsquo;essaiCollaborationVotre message *Protection de vos donn\u00e9es *Je suis d&rsquo;accordJ&rsquo;accepte que YAMAHA MUSIC SCHOOL LILLE utilise les informations que je communique pour m&rsquo;envoyer des informations sur les produits et prestations qui correspondent \u00e0 mon profil et \u00e0 mes int\u00e9r\u00eats en accord avec sa politique de protection des donn\u00e9es.MessageEnvoyer Horaires :Mardi 17h30 &#8211; 21h30Mercredi 9h30\u2026<\/p>\n","category_list_v2":"","author_info_v2":{"name":"EUTERPE","url":"http:\/\/yamaha-music-school-lille.fr\/site\/author\/euterpe\/"},"comments_num_v2":"0 commentaire","uagb_featured_image_src":{"full":false,"thumbnail":false,"medium":false,"medium_large":false,"large":false,"1536x1536":false,"2048x2048":false},"uagb_author_info":{"display_name":"EUTERPE","author_link":"http:\/\/yamaha-music-school-lille.fr\/site\/author\/euterpe\/"},"uagb_comment_info":0,"uagb_excerpt":null,"_links":{"self":[{"href":"http:\/\/yamaha-music-school-lille.fr\/site\/wp-json\/wp\/v2\/pages\/14"}],"collection":[{"href":"http:\/\/yamaha-music-school-lille.fr\/site\/wp-json\/wp\/v2\/pages"}],"about":[{"href":"http:\/\/yamaha-music-school-lille.fr\/site\/wp-json\/wp\/v2\/types\/page"}],"author":[{"embeddable":true,"href":"http:\/\/yamaha-music-school-lille.fr\/site\/wp-json\/wp\/v2\/users\/1"}],"replies":[{"embeddable":true,"href":"http:\/\/yamaha-music-school-lille.fr\/site\/wp-json\/wp\/v2\/comments?post=14"}],"version-history":[{"count":23,"href":"http:\/\/yamaha-music-school-lille.fr\/site\/wp-json\/wp\/v2\/pages\/14\/revisions"}],"predecessor-version":[{"id":2935,"href":"http:\/\/yamaha-music-school-lille.fr\/site\/wp-json\/wp\/v2\/pages\/14\/revisions\/2935"}],"wp:attachment":[{"href":"http:\/\/yamaha-music-school-lille.fr\/site\/wp-json\/wp\/v2\/media?parent=14"}],"curies":[{"name":"wp","href":"https:\/\/api.w.org\/{rel}","templated":true}]}}