{"id":1265,"date":"2019-03-17T14:56:55","date_gmt":"2019-03-17T13:56:55","guid":{"rendered":"http:\/\/www.yamaha-music-school-colmar.com\/site\/?page_id=1265"},"modified":"2021-12-14T10:01:35","modified_gmt":"2021-12-14T09:01:35","slug":"junior-original-concert","status":"publish","type":"page","link":"http:\/\/yamaha-music-school-lille.fr\/site\/junior-original-concert\/","title":{"rendered":"JUNIOR ORIGINAL CONCERT"},"content":{"rendered":"\n<section class=\"wp-block-uagb-section uagb-section__wrap uagb-section__background-image uagb-block-65e13547\"><div class=\"uagb-section__overlay\"><\/div><div class=\"uagb-section__inner-wrap\">\n<div class=\"wp-block-uagb-advanced-heading uagb-block-214efc66\" id=\"uagb-adv-heading-7a60ab5c-4ae5-42a4-a35e-cabd413692b5\"><h1 class=\"uagb-heading-text\">JUNIOR ORIGINAL CONCERT<\/h1><p class=\"uagb-desc-text\"><\/p><\/div>\n<\/div><\/section>\n\n\n\n<p>  <\/p>\n\n\n\n<div style=\"height:53px\" aria-hidden=\"true\" class=\"wp-block-spacer\"><\/div>\n\n\n\n<div class=\"wp-block-stackable-video-popup stk-block-video-popup stk-block stk-ad11979\" data-video=\"https:\/\/youtu.be\/E4Wvqk0iH0g\" data-block-id=\"ad11979\"><button class=\"stk-block-video-popup__overlay stk-row stk-inner-blocks stk-block-content stk-hover-parent\" aria-label=\"Play Video\">\n<div class=\"wp-block-stackable-icon stk-block-icon has-text-align-center stk-block stk-04df276\" data-block-id=\"04df276\"><span class=\"stk--svg-wrapper\"><div class=\"stk--inner-svg\"><svg style=\"height:0;width:0\"><defs><linearGradient id=\"linear-gradient-04df276\" x1=\"0\" x2=\"100%\" y1=\"0\" y2=\"0\"><stop offset=\"0%\" style=\"stop-opacity:1;stop-color:var(--linear-gradient-04-df-276-color-1)\"><\/stop><stop offset=\"100%\" style=\"stop-opacity:1;stop-color:var(--linear-gradient-04-df-276-color-2)\"><\/stop><\/linearGradient><\/defs><\/svg><svg data-prefix=\"fas\" data-icon=\"play\" class=\"svg-inline--fa fa-play fa-w-14\" xmlns=\"http:\/\/www.w3.org\/2000\/svg\" viewBox=\"0 0 448 512\" aria-hidden=\"true\" width=\"32\" height=\"32\"><path fill=\"currentColor\" d=\"M424.4 214.7L72.4 6.6C43.8-10.3 0 6.1 0 47.9V464c0 37.5 40.7 60.1 72.4 41.3l352-208c31.4-18.5 31.5-64.1 0-82.6z\"><\/path><\/svg><\/div><\/span><\/div>\n\n\n\n<div class=\"wp-block-stackable-image stk-block-image stk-block stk-e3908f7\" data-block-id=\"e3908f7\"><style>.stk-e3908f7 .stk-img-wrapper{width:62% !important}.stk-e3908f7 .stk-img-wrapper img{border-radius:22px !important}<\/style><figure class=\"stk-img-wrapper stk-image--shape-stretch\"><img loading=\"lazy\" decoding=\"async\" class=\"stk-img wp-image-2573\" src=\"http:\/\/yamaha-music-school-lille.fr\/site\/wp-content\/uploads\/2021\/12\/Icone-JOC-France-2019-Rond-noir-1.jpg\" width=\"1063\" height=\"484\" srcset=\"http:\/\/yamaha-music-school-lille.fr\/site\/wp-content\/uploads\/2021\/12\/Icone-JOC-France-2019-Rond-noir-1.jpg 1063w, http:\/\/yamaha-music-school-lille.fr\/site\/wp-content\/uploads\/2021\/12\/Icone-JOC-France-2019-Rond-noir-1-300x137.jpg 300w, http:\/\/yamaha-music-school-lille.fr\/site\/wp-content\/uploads\/2021\/12\/Icone-JOC-France-2019-Rond-noir-1-1024x466.jpg 1024w, http:\/\/yamaha-music-school-lille.fr\/site\/wp-content\/uploads\/2021\/12\/Icone-JOC-France-2019-Rond-noir-1-768x350.jpg 768w\" sizes=\"(max-width: 1063px) 100vw, 1063px\" \/><\/figure><\/div>\n<\/button><\/div>\n\n\n\n<p class=\"has-text-align-center\"><strong>Concert JOC France (1er d\u00e9cembre 2019)<\/strong><\/p>\n\n\n\n<div style=\"height:53px\" aria-hidden=\"true\" class=\"wp-block-spacer\"><\/div>\n\n\n\n<p>  <\/p>\n\n\n\n<div class=\"wp-block-stackable-video-popup stk-block-video-popup stk-block stk-7adbb83\" data-video=\"https:\/\/youtu.be\/pRFgWtO_6h8\" data-block-id=\"7adbb83\"><button class=\"stk-block-video-popup__overlay stk-row stk-inner-blocks stk-block-content stk-hover-parent\" aria-label=\"Play Video\">\n<div class=\"wp-block-stackable-icon stk-block-icon has-text-align-center stk-block stk-dd254f1\" data-block-id=\"dd254f1\"><span class=\"stk--svg-wrapper\"><div class=\"stk--inner-svg\"><svg style=\"height:0;width:0\"><defs><linearGradient id=\"linear-gradient-dd254f1\" x1=\"0\" x2=\"100%\" y1=\"0\" y2=\"0\"><stop offset=\"0%\" style=\"stop-opacity:1;stop-color:var(--linear-gradient-dd-254-f-1-color-1)\"><\/stop><stop offset=\"100%\" style=\"stop-opacity:1;stop-color:var(--linear-gradient-dd-254-f-1-color-2)\"><\/stop><\/linearGradient><\/defs><\/svg><svg data-prefix=\"fas\" data-icon=\"play\" class=\"svg-inline--fa fa-play fa-w-14\" xmlns=\"http:\/\/www.w3.org\/2000\/svg\" viewBox=\"0 0 448 512\" aria-hidden=\"true\" width=\"32\" height=\"32\"><path fill=\"currentColor\" d=\"M424.4 214.7L72.4 6.6C43.8-10.3 0 6.1 0 47.9V464c0 37.5 40.7 60.1 72.4 41.3l352-208c31.4-18.5 31.5-64.1 0-82.6z\"><\/path><\/svg><\/div><\/span><\/div>\n\n\n\n<div class=\"wp-block-stackable-image stk-block-image stk-block stk-4f6b0b3\" data-block-id=\"4f6b0b3\"><style>.stk-4f6b0b3 .stk-img-wrapper{width:62% !important}.stk-4f6b0b3 .stk-img-wrapper img{border-radius:22px !important}<\/style><figure class=\"stk-img-wrapper stk-image--shape-stretch\"><img loading=\"lazy\" decoding=\"async\" class=\"stk-img wp-image-2568\" src=\"http:\/\/yamaha-music-school-lille.fr\/site\/wp-content\/uploads\/2021\/12\/Icone-JOC-50th-Rond-noir.jpg\" width=\"1063\" height=\"484\" srcset=\"http:\/\/yamaha-music-school-lille.fr\/site\/wp-content\/uploads\/2021\/12\/Icone-JOC-50th-Rond-noir.jpg 1063w, http:\/\/yamaha-music-school-lille.fr\/site\/wp-content\/uploads\/2021\/12\/Icone-JOC-50th-Rond-noir-300x137.jpg 300w, http:\/\/yamaha-music-school-lille.fr\/site\/wp-content\/uploads\/2021\/12\/Icone-JOC-50th-Rond-noir-1024x466.jpg 1024w, http:\/\/yamaha-music-school-lille.fr\/site\/wp-content\/uploads\/2021\/12\/Icone-JOC-50th-Rond-noir-768x350.jpg 768w\" sizes=\"(max-width: 1063px) 100vw, 1063px\" \/><\/figure><\/div>\n<\/button><\/div>\n\n\n\n<p class=\"has-text-align-center\"><strong>Retour sur les 50 ans des concerts JOC dans le monde<\/strong><\/p>\n\n\n\n<div style=\"height:53px\" aria-hidden=\"true\" class=\"wp-block-spacer\"><\/div>\n\n\n<style>#kt-layout-id_47f35b-43 > .kt-row-column-wrap{align-content:start;}:where(#kt-layout-id_47f35b-43 > .kt-row-column-wrap) > .wp-block-kadence-column{justify-content:start;}#kt-layout-id_47f35b-43 > .kt-row-column-wrap{column-gap:var(--global-kb-gap-md, 2rem);row-gap:var(--global-kb-gap-md, 2rem);max-width:1200px;margin-left:auto;margin-right:auto;padding-top:var( --global-kb-row-default-top, 25px );padding-bottom:var( --global-kb-row-default-bottom, 25px );padding-left:10px;padding-right:197px;grid-template-columns:minmax(0, calc(60% - ((var(--global-kb-gap-md, 2rem) * 1 )\/2)))minmax(0, calc(40% - ((var(--global-kb-gap-md, 2rem) * 1 )\/2)));}#kt-layout-id_47f35b-43 > .kt-row-layout-overlay{opacity:0.30;}@media all and (max-width: 1024px){#kt-layout-id_47f35b-43 > .kt-row-column-wrap{grid-template-columns:minmax(0, 2fr) minmax(0, 1fr);}}@media all and (max-width: 767px){#kt-layout-id_47f35b-43 > .kt-row-column-wrap{grid-template-columns:minmax(0, 1fr);}}<\/style>\n<div class=\"wp-block-kadence-rowlayout alignnone\"><div id=\"kt-layout-id_47f35b-43\" class=\"kt-row-layout-inner kt-layout-id_47f35b-43\"><div class=\"kt-row-column-wrap kt-has-2-columns kt-gutter-default kt-v-gutter-default kt-row-valign-top kt-row-layout-left-golden kt-tab-layout-inherit kt-m-colapse-left-to-right kt-mobile-layout-row  kt-custom-first-width-60  kt-custom-second-width-40\"><style>.kadence-column_37fb20-d7 > .kt-inside-inner-col{border-top-width:0px;border-right-width:0px;border-bottom-width:0px;border-left-width:0px;}.kadence-column_37fb20-d7 > .kt-inside-inner-col,.kadence-column_37fb20-d7 > .kt-inside-inner-col:before{border-top-left-radius:0px;border-top-right-radius:0px;border-bottom-right-radius:0px;border-bottom-left-radius:0px;}.kadence-column_37fb20-d7 > .kt-inside-inner-col{column-gap:var(--global-kb-gap-sm, 1rem);}.kadence-column_37fb20-d7 > .kt-inside-inner-col{flex-direction:column;}.kadence-column_37fb20-d7 > .kt-inside-inner-col > .aligncenter{width:100%;}.kadence-column_37fb20-d7 > .kt-inside-inner-col:before{opacity:0.3;}.kadence-column_37fb20-d7{position:relative;}@media all and (max-width: 1024px){.kadence-column_37fb20-d7 > .kt-inside-inner-col{flex-direction:column;justify-content:center;}}@media all and (max-width: 767px){.kadence-column_37fb20-d7 > .kt-inside-inner-col{flex-direction:column;justify-content:center;}}<\/style>\n<div class=\"wp-block-kadence-column inner-column-1 kadence-column_37fb20-d7\"><div class=\"kt-inside-inner-col\">\n<p class=\"has-text-align-left\"><strong>Le Junior Original Concert (concert des jeunes compositeurs).<\/strong><\/p>\n\n\n\n<p> <br>Encourager la cr\u00e9ativit\u00e9, l\u2019improvisation et la composition est la cl\u00e9 de la philosophie d&rsquo;enseignement musical de Yamaha. D\u00e8s le d\u00e9part, nous invitons les enfants \u00e0 exprimer leurs propres pens\u00e9es, sentiments et id\u00e9es en musique. Au cours des le\u00e7ons, des motifs et des m\u00e9lodies simples se transforment en compositions plus complexes. L&rsquo;interpr\u00e9tation de ces pi\u00e8ces musicales fait partie de l&rsquo;enseignement, que ce soit lors de petits concerts en classe ou lors des concerts de l\u2019\u00e9cole que nous organisons chaque ann\u00e9e.<\/p>\n<\/div><\/div>\n\n\n<style>.kadence-column_55deca-4c > .kt-inside-inner-col{padding-right:0px;}.kadence-column_55deca-4c > .kt-inside-inner-col{border-top-width:0px;border-right-width:0px;border-bottom-width:0px;border-left-width:0px;}.kadence-column_55deca-4c > .kt-inside-inner-col,.kadence-column_55deca-4c > .kt-inside-inner-col:before{border-top-left-radius:0px;border-top-right-radius:0px;border-bottom-right-radius:0px;border-bottom-left-radius:0px;}.kadence-column_55deca-4c > .kt-inside-inner-col{column-gap:var(--global-kb-gap-sm, 1rem);}.kadence-column_55deca-4c > .kt-inside-inner-col{flex-direction:column;}.kadence-column_55deca-4c > .kt-inside-inner-col > .aligncenter{width:100%;}.kadence-column_55deca-4c > .kt-inside-inner-col:before{opacity:0.3;}.kadence-column_55deca-4c{position:relative;}.wp-block-kadence-column.kadence-column_55deca-4c > .kt-inside-inner-col{margin-right:-119px;}@media all and (max-width: 1024px){.kadence-column_55deca-4c > .kt-inside-inner-col{flex-direction:column;justify-content:center;}}@media all and (max-width: 767px){.kadence-column_55deca-4c > .kt-inside-inner-col{flex-direction:column;justify-content:center;}}<\/style>\n<div class=\"wp-block-kadence-column inner-column-2 kadence-column_55deca-4c\"><div class=\"kt-inside-inner-col\">\n<p style=\"font-size:21px\"><strong>Contact<\/strong><\/p>\n\n\n\n<ul class=\"wp-block-list\"><li> 06-83-11-72-40<\/li><li>yms.euterpe@gmail.com <\/li><\/ul>\n\n\n\n<p style=\"font-size:21px\"><strong>Adresse<\/strong> <\/p>\n\n\n\n<p>24 Boulevard Jean-Baptiste Lebas<br>59000 LILLE<\/p>\n<\/div><\/div>\n<\/div><\/div><\/div>\n\n\n\n<div class=\"wp-block-themeisle-blocks-advanced-columns has-1-columns has-desktop-equal-layout has-tablet-equal-layout has-mobile-equal-layout has-default-gap has-vertical-unset\" id=\"wp-block-themeisle-blocks-advanced-columns-55a3616d\"><div class=\"wp-block-themeisle-blocks-advanced-columns-overlay\"><\/div><div class=\"innerblocks-wrap\">\n<div class=\"wp-block-themeisle-blocks-advanced-column\" id=\"wp-block-themeisle-blocks-advanced-column-4ad52b46\">\n<p>La Yamaha Music Foundation a lanc\u00e9 la s\u00e9rie \u00a0\u00bb Junior\nOriginal Concert \u00a0\u00bb en 1972 afin de donner aux enfants des \u00e9coles de\nmusique Yamaha la possibilit\u00e9 de pr\u00e9senter leurs propres compositions \u00e0 un\nlarge public. Les participants ne doivent pas \u00eatre \u00e2g\u00e9s de plus de 16 ans. Pour\n\u00eatre s\u00e9lectionn\u00e9s, ils doivent soumettre et interpr\u00e9ter leurs propres\ncompositions. L&rsquo;un des moments forts de chaque concert est une improvisation\nspontan\u00e9e dans laquelle l&rsquo;un des enfants am\u00e9liore un motif inconnu.<\/p>\n\n\n\n<p>Le \u00a0\u00bb Junior Original Concert \u00a0\u00bb est organis\u00e9 \u00e0 l&rsquo;\u00e9chelle\nlocale et nationale. Les \u00e9tudiants ayant des compositions complexes peuvent\ns&rsquo;inscrire \u00e0 des concerts nationaux et internationaux, pour le Concert Original\nJunior national ou europ\u00e9en, par exemple.<\/p>\n<\/div>\n<\/div><\/div>\n\n\n\n<section class=\"wp-block-uagb-section uagb-section__wrap uagb-section__background-image uagb-block-a7d9ec38\"><div class=\"uagb-section__overlay\"><\/div><div class=\"uagb-section__inner-wrap\">\n<div class=\"wp-block-columns has-3-columns is-layout-flex wp-container-core-columns-is-layout-1 wp-block-columns-is-layout-flex\">\n<div class=\"wp-block-column is-layout-flow wp-block-column-is-layout-flow\">\n<h4 class=\"wp-block-heading\"><a href=\"http:\/\/yamaha-music-school-lille.fr\/site\/about\/\">A propos<\/a><\/h4>\n\n\n\n<h4 class=\"wp-block-heading\"><a href=\"http:\/\/yamaha-music-school-lille.fr\/site\/junior-original-concert\/\">Junior Original Concert<\/a><\/h4>\n\n\n\n<h4 class=\"wp-block-heading\"><a href=\"http:\/\/yamaha-music-school-lille.fr\/site\/cours-2\/\">Examens de grade<\/a><\/h4>\n\n\n\n<h4 class=\"wp-block-heading\"><a href=\"http:\/\/yamaha-music-school-lille.fr\/site\/contact\/\">Contact<\/a><\/h4>\n\n\n\n<h4 class=\"wp-block-heading\"><a href=\"https:\/\/yamaha-music-school-lille.fr\/site\/politique-de-confidentialite\/\" data-type=\"link\" data-id=\"https:\/\/yamaha-music-school-lille.fr\/site\/politique-de-confidentialite\/\">Mentions l\u00e9gales<\/a><\/h4>\n\n\n\n<figure class=\"wp-block-image is-resized\"><img decoding=\"async\" src=\"http:\/\/yamaha-music-school-lausanne.com\/wp-content\/uploads\/2019\/03\/images.png\" alt=\"\" class=\"wp-image-1274\" style=\"width:84px;height:84px\"\/><figcaption class=\"wp-element-caption\"><a href=\"https:\/\/www.facebook.com\/lallietsandrine\/\">Notre page Facebook<\/a><\/figcaption><\/figure>\n\n\n\n<p><\/p>\n\n\n\n<h4 class=\"wp-block-heading\" id=\"mce_1\">Contact<\/h4>\n<\/div>\n\n\n\n<div class=\"wp-block-column is-layout-flow wp-block-column-is-layout-flow\">\n<h4 class=\"wp-block-heading\"><a href=\"http:\/\/yamaha-music-school-Nos cours Cours Yamaha Autres cours Professeurs Horaires\/cours\/\"><\/a><a href=\"http:\/\/yamaha-music-school-lille.fr\/site\/cours\/\">Nos cours<\/a><\/h4>\n\n\n\n<h4 class=\"wp-block-heading\"><a href=\"http:\/\/yamaha-music-school-Nos cours Cours Yamaha Autres cours Professeurs Horaires\/cours\/\"><\/a><a href=\"http:\/\/yamaha-music-school-lille.fr\/site\/cours-pour-enfants\/\">Cours pour enfants<\/a><\/h4>\n\n\n\n<h4 class=\"wp-block-heading\"><a href=\"http:\/\/yamaha-music-school-Nos cours Cours Yamaha Autres cours Professeurs Horaires\/cours\/\"><\/a><a href=\"http:\/\/yamaha-music-school-lille.fr\/site\/cours-pour-adolescents-adultes\/\">Cours pour Adolescents\/Adultes<\/a><\/h4>\n\n\n\n<h4 class=\"wp-block-heading\"><a href=\"http:\/\/yamaha-music-school-Nos cours Cours Yamaha Autres cours Professeurs Horaires\/cours\/\"><\/a><a href=\"http:\/\/yamaha-music-school-lille.fr\/site\/nos-professeurs\/\">Professeurs<\/a><\/h4>\n\n\n\n<h4 class=\"wp-block-heading\"><a href=\"http:\/\/yamaha-music-school-lille.fr\/site\/tarifs\/\"><\/a><a href=\"http:\/\/yamaha-music-school-lille.fr\/site\/tarifs\/#\"><\/a><a href=\"http:\/\/yamaha-music-school-lausanne.com\/contact\/\"><\/a><a href=\"http:\/\/yamaha-music-school-lille.fr\/site\/tarifs\/\">Horaires<\/a><\/h4>\n\n\n\n<p><\/p>\n\n\n\n<p><\/p>\n<\/div>\n\n\n\n<div class=\"wp-block-column is-layout-flow wp-block-column-is-layout-flow\">\n<figure class=\"wp-block-image size-large is-resized\"><img loading=\"lazy\" decoding=\"async\" width=\"628\" height=\"141\" src=\"http:\/\/yamaha-music-school-lille.fr\/site\/wp-content\/uploads\/2019\/06\/yms_logo_big-1.png\" alt=\"\" class=\"wp-image-1839\" style=\"width:320px;height:71px\" srcset=\"http:\/\/yamaha-music-school-lille.fr\/site\/wp-content\/uploads\/2019\/06\/yms_logo_big-1.png 628w, http:\/\/yamaha-music-school-lille.fr\/site\/wp-content\/uploads\/2019\/06\/yms_logo_big-1-300x67.png 300w\" sizes=\"(max-width: 628px) 100vw, 628px\" \/><figcaption class=\"wp-element-caption\"><a href=\"http:\/\/yamaha-music-school-lille.fr\/site\/contact\/\"><strong> 06-83-11-72-40<br>yms.euterpe@gmail.com<\/strong><br><br> 24 Boulevard Jean-Baptiste Lebas<br>59000 LILLE  <\/a><\/figcaption><\/figure>\n\n\n\n<p><\/p>\n\n\n\n<p><\/p>\n\n\n\n<p><\/p>\n\n\n\n<p><\/p>\n<\/div>\n<\/div>\n\n\n\n<div style=\"height:30px\" aria-hidden=\"true\" class=\"wp-block-spacer\"><\/div>\n\n\n\n<hr class=\"wp-block-separator has-css-opacity is-style-wide\"\/>\n\n\n\n<div style=\"height:20px\" aria-hidden=\"true\" class=\"wp-block-spacer\"><\/div>\n\n\n\n<p><\/p>\n<\/div><\/section>\n","protected":false},"excerpt":{"rendered":"<p>Concert JOC France (1er d\u00e9cembre 2019) Retour sur les 50 ans des concerts JOC dans le monde Le Junior Original Concert (concert des jeunes compositeurs). Encourager la cr\u00e9ativit\u00e9, l\u2019improvisation et la composition est la cl\u00e9 de la philosophie d&rsquo;enseignement musical de Yamaha. D\u00e8s le d\u00e9part, nous invitons les enfants \u00e0 exprimer leurs propres pens\u00e9es, sentiments [&hellip;]<\/p>\n","protected":false},"author":1,"featured_media":0,"parent":0,"menu_order":0,"comment_status":"closed","ping_status":"closed","template":"","meta":{"_uag_custom_page_level_css":"","site-sidebar-layout":"no-sidebar","site-content-layout":"page-builder","ast-site-content-layout":"default","site-content-style":"default","site-sidebar-style":"default","ast-global-header-display":"","ast-banner-title-visibility":"","ast-main-header-display":"","ast-hfb-above-header-display":"","ast-hfb-below-header-display":"","ast-hfb-mobile-header-display":"","site-post-title":"disabled","ast-breadcrumbs-content":"","ast-featured-img":"disabled","footer-sml-layout":"","theme-transparent-header-meta":"enabled","adv-header-id-meta":"","stick-header-meta":"","header-above-stick-meta":"","header-main-stick-meta":"","header-below-stick-meta":"","astra-migrate-meta-layouts":"default","ast-page-background-enabled":"default","ast-page-background-meta":{"desktop":{"background-color":"","background-image":"","background-repeat":"repeat","background-position":"center center","background-size":"auto","background-attachment":"scroll","background-type":"","background-media":"","overlay-type":"","overlay-color":"","overlay-opacity":"","overlay-gradient":""},"tablet":{"background-color":"","background-image":"","background-repeat":"repeat","background-position":"center center","background-size":"auto","background-attachment":"scroll","background-type":"","background-media":"","overlay-type":"","overlay-color":"","overlay-opacity":"","overlay-gradient":""},"mobile":{"background-color":"","background-image":"","background-repeat":"repeat","background-position":"center center","background-size":"auto","background-attachment":"scroll","background-type":"","background-media":"","overlay-type":"","overlay-color":"","overlay-opacity":"","overlay-gradient":""}},"ast-content-background-meta":{"desktop":{"background-color":"var(--ast-global-color-5)","background-image":"","background-repeat":"repeat","background-position":"center center","background-size":"auto","background-attachment":"scroll","background-type":"","background-media":"","overlay-type":"","overlay-color":"","overlay-opacity":"","overlay-gradient":""},"tablet":{"background-color":"var(--ast-global-color-5)","background-image":"","background-repeat":"repeat","background-position":"center center","background-size":"auto","background-attachment":"scroll","background-type":"","background-media":"","overlay-type":"","overlay-color":"","overlay-opacity":"","overlay-gradient":""},"mobile":{"background-color":"var(--ast-global-color-5)","background-image":"","background-repeat":"repeat","background-position":"center center","background-size":"auto","background-attachment":"scroll","background-type":"","background-media":"","overlay-type":"","overlay-color":"","overlay-opacity":"","overlay-gradient":""}},"__cvm_playback_settings":[],"__cvm_video_id":"","_themeisle_gutenberg_block_has_review":false,"footnotes":""},"class_list":["post-1265","page","type-page","status-publish","hentry"],"featured_image_urls_v2":{"full":"","thumbnail":"","medium":"","medium_large":"","large":"","1536x1536":"","2048x2048":""},"post_excerpt_stackable_v2":"<p>JUNIOR ORIGINAL CONCERT Concert JOC France (1er d\u00e9cembre 2019) Retour sur les 50 ans des concerts JOC dans le monde Le Junior Original Concert (concert des jeunes compositeurs). Encourager la cr\u00e9ativit\u00e9, l\u2019improvisation et la composition est la cl\u00e9 de la philosophie d&rsquo;enseignement musical de Yamaha. D\u00e8s le d\u00e9part, nous invitons les enfants \u00e0 exprimer leurs propres pens\u00e9es, sentiments et id\u00e9es en musique. Au cours des le\u00e7ons, des motifs et des m\u00e9lodies simples se transforment en compositions plus complexes. L&rsquo;interpr\u00e9tation de ces pi\u00e8ces musicales fait partie de l&rsquo;enseignement, que ce soit lors de petits concerts en classe ou lors des concerts\u2026<\/p>\n","category_list_v2":"","author_info_v2":{"name":"EUTERPE","url":"http:\/\/yamaha-music-school-lille.fr\/site\/author\/euterpe\/"},"comments_num_v2":"0 commentaire","uagb_featured_image_src":{"full":false,"thumbnail":false,"medium":false,"medium_large":false,"large":false,"1536x1536":false,"2048x2048":false},"uagb_author_info":{"display_name":"EUTERPE","author_link":"http:\/\/yamaha-music-school-lille.fr\/site\/author\/euterpe\/"},"uagb_comment_info":0,"uagb_excerpt":"Concert JOC France (1er d\u00e9cembre 2019) Retour sur les 50 ans des concerts JOC dans le monde Le Junior Original Concert (concert des jeunes compositeurs). Encourager la cr\u00e9ativit\u00e9, l\u2019improvisation et la composition est la cl\u00e9 de la philosophie d&rsquo;enseignement musical de Yamaha. D\u00e8s le d\u00e9part, nous invitons les enfants \u00e0 exprimer leurs propres pens\u00e9es, sentiments\u2026","_links":{"self":[{"href":"http:\/\/yamaha-music-school-lille.fr\/site\/wp-json\/wp\/v2\/pages\/1265"}],"collection":[{"href":"http:\/\/yamaha-music-school-lille.fr\/site\/wp-json\/wp\/v2\/pages"}],"about":[{"href":"http:\/\/yamaha-music-school-lille.fr\/site\/wp-json\/wp\/v2\/types\/page"}],"author":[{"embeddable":true,"href":"http:\/\/yamaha-music-school-lille.fr\/site\/wp-json\/wp\/v2\/users\/1"}],"replies":[{"embeddable":true,"href":"http:\/\/yamaha-music-school-lille.fr\/site\/wp-json\/wp\/v2\/comments?post=1265"}],"version-history":[{"count":18,"href":"http:\/\/yamaha-music-school-lille.fr\/site\/wp-json\/wp\/v2\/pages\/1265\/revisions"}],"predecessor-version":[{"id":2665,"href":"http:\/\/yamaha-music-school-lille.fr\/site\/wp-json\/wp\/v2\/pages\/1265\/revisions\/2665"}],"wp:attachment":[{"href":"http:\/\/yamaha-music-school-lille.fr\/site\/wp-json\/wp\/v2\/media?parent=1265"}],"curies":[{"name":"wp","href":"https:\/\/api.w.org\/{rel}","templated":true}]}}