{"id":1171,"date":"2019-03-16T18:10:19","date_gmt":"2019-03-16T17:10:19","guid":{"rendered":"http:\/\/www.yamaha-music-school-colmar.com\/site\/?page_id=1171"},"modified":"2020-02-27T15:15:42","modified_gmt":"2020-02-27T14:15:42","slug":"guitare-acoustique","status":"publish","type":"page","link":"http:\/\/yamaha-music-school-lille.fr\/site\/guitare-acoustique\/","title":{"rendered":"GUITARE CLASSIQUE"},"content":{"rendered":"\n<section class=\"wp-block-uagb-section uagb-section__wrap uagb-section__background-image uagb-block-199d5ccc-2329-4fb7-91d9-b627ede78c1d\"><div class=\"uagb-section__overlay\"><\/div><div class=\"uagb-section__inner-wrap\">\n<div class=\"wp-block-uagb-advanced-heading uagb-block-d1b1fcc2-c31a-4706-be16-f9e27e68f05c\" id=\"uagb-adv-heading-08002f09-4b45-433a-867c-c236a998412a\"><h1 class=\"uagb-heading-text\">GUITARE CLASSIQUE<\/h1><p class=\"uagb-desc-text\"><\/p><\/div>\n<\/div><\/section>\n\n\n<style>#kt-layout-id_47f35b-43 > .kt-row-column-wrap{align-content:start;}:where(#kt-layout-id_47f35b-43 > .kt-row-column-wrap) > .wp-block-kadence-column{justify-content:start;}#kt-layout-id_47f35b-43 > .kt-row-column-wrap{column-gap:var(--global-kb-gap-md, 2rem);row-gap:var(--global-kb-gap-md, 2rem);max-width:1200px;margin-left:auto;margin-right:auto;padding-top:var( --global-kb-row-default-top, 25px );padding-bottom:var( --global-kb-row-default-bottom, 25px );padding-left:10px;padding-right:197px;grid-template-columns:minmax(0, calc(60% - ((var(--global-kb-gap-md, 2rem) * 1 )\/2)))minmax(0, calc(40% - ((var(--global-kb-gap-md, 2rem) * 1 )\/2)));}#kt-layout-id_47f35b-43 > .kt-row-layout-overlay{opacity:0.30;}@media all and (max-width: 1024px){#kt-layout-id_47f35b-43 > .kt-row-column-wrap{grid-template-columns:minmax(0, 2fr) minmax(0, 1fr);}}@media all and (max-width: 767px){#kt-layout-id_47f35b-43 > .kt-row-column-wrap{grid-template-columns:minmax(0, 1fr);}}<\/style>\n<div class=\"wp-block-kadence-rowlayout alignnone\"><div id=\"kt-layout-id_47f35b-43\" class=\"kt-row-layout-inner  kt-layout-id_47f35b-43\"><div class=\"kt-row-column-wrap kt-has-2-columns kt-gutter-default kt-v-gutter-default kt-row-valign-top kt-row-layout-left-golden kt-tab-layout-inherit kt-m-colapse-left-to-right kt-mobile-layout-row kt-custom-first-width-60 kt-custom-second-width-40\"><style>.kadence-column_37fb20-d7 > .kt-inside-inner-col{border-top-width:0px;border-right-width:0px;border-bottom-width:0px;border-left-width:0px;}.kadence-column_37fb20-d7 > .kt-inside-inner-col,.kadence-column_37fb20-d7 > .kt-inside-inner-col:before{border-top-left-radius:0px;border-top-right-radius:0px;border-bottom-right-radius:0px;border-bottom-left-radius:0px;}.kadence-column_37fb20-d7 > .kt-inside-inner-col{column-gap:var(--global-kb-gap-sm, 1rem);}.kadence-column_37fb20-d7 > .kt-inside-inner-col{flex-direction:column;}.kadence-column_37fb20-d7 > .kt-inside-inner-col > .aligncenter{width:100%;}.kadence-column_37fb20-d7 > .kt-inside-inner-col:before{opacity:0.3;}.kadence-column_37fb20-d7{position:relative;}@media all and (max-width: 1024px){.kadence-column_37fb20-d7 > .kt-inside-inner-col{flex-direction:column;justify-content:center;}}@media all and (max-width: 767px){.kadence-column_37fb20-d7 > .kt-inside-inner-col{flex-direction:column;justify-content:center;}}<\/style>\n<div class=\"wp-block-kadence-column inner-column-1 kadence-column_37fb20-d7\"><div class=\"kt-inside-inner-col\">\n<p class=\"has-text-align-left\"><strong>Guitare classique<\/strong><\/p>\n\n\n\n<p>Les \u00e9l\u00e8ves inscrits dans la Yamaha Music School de Lille exp\u00e9rimentent la philosophie \u00abla pratique avant la th\u00e9orie \u00bb. Notre \u00e9quipe exp\u00e9riment\u00e9e s\u2019adapte aux besoins des \u00e9l\u00e8ves, et accompagne chacun d\u2019entre eux dans leur cr\u00e9ativit\u00e9.<\/p>\n\n\n\n<p>La d\u00e9couverte et l&rsquo;apprentissage d&rsquo;un grand nombre de pi\u00e8ces leur permet d&rsquo;acqu\u00e9rir une sensibilit\u00e9 accrue \u00e0 diff\u00e9rents styles de musique, tout en mettant l&rsquo;accent sur le plaisir de jouer. Les \u00e9tudiants du cours participent \u00e0 des activit\u00e9s pour d\u00e9velopper et exprimer leur cr\u00e9ativit\u00e9 musicale, notamment&nbsp;:<\/p>\n\n\n\n<ul class=\"wp-block-list\"><li>L\u2019improvisation sur des harmonies et des m\u00e9lodies<\/li><li>Le jeu en groupe avec les autres \u00e9l\u00e8ves <\/li><li>L\u2019accompagnement de leurs propres morceaux<\/li><li>Le perfectionnement de la dext\u00e9rit\u00e9 et de la technique<\/li><\/ul>\n<\/div><\/div>\n\n\n<style>.kadence-column_55deca-4c > .kt-inside-inner-col{border-top-width:0px;border-right-width:0px;border-bottom-width:0px;border-left-width:0px;}.kadence-column_55deca-4c > .kt-inside-inner-col,.kadence-column_55deca-4c > .kt-inside-inner-col:before{border-top-left-radius:0px;border-top-right-radius:0px;border-bottom-right-radius:0px;border-bottom-left-radius:0px;}.kadence-column_55deca-4c > .kt-inside-inner-col{column-gap:var(--global-kb-gap-sm, 1rem);}.kadence-column_55deca-4c > .kt-inside-inner-col{flex-direction:column;}.kadence-column_55deca-4c > .kt-inside-inner-col > .aligncenter{width:100%;}.kadence-column_55deca-4c > .kt-inside-inner-col:before{opacity:0.3;}.kadence-column_55deca-4c{position:relative;}@media all and (max-width: 1024px){.kadence-column_55deca-4c > .kt-inside-inner-col{flex-direction:column;justify-content:center;}}@media all and (max-width: 767px){.kadence-column_55deca-4c > .kt-inside-inner-col{flex-direction:column;justify-content:center;}}<\/style>\n<div class=\"wp-block-kadence-column inner-column-2 kadence-column_55deca-4c\"><div class=\"kt-inside-inner-col\">\n<p><\/p>\n\n\n\n<p>Pour les enfants de 7\/9 ans&nbsp;<\/p>\n\n\n\n<p>Dur\u00e9e\ndes le\u00e7ons par semaine&nbsp;:<\/p>\n\n\n\n<p><strong>Cours individuel&nbsp;:<\/strong><\/p>\n\n\n\n<p>30 minutes<\/p>\n\n\n\n<p><strong>Cours collectif&nbsp;:<\/strong><\/p>\n\n\n\n<p>55 minutes<\/p>\n\n\n\n<p>Groupe de 6 \u00e9l\u00e8ves maximum<\/p>\n\n\n<style>.wp-block-kadence-advancedbtn.kb-btns_b0c35f-ae{gap:var(--global-kb-gap-xs, 0.5rem );justify-content:center;align-items:center;}.kt-btns_b0c35f-ae .kt-button{font-weight:normal;font-style:normal;}.wp-block-kadence-advancedbtn.kt-btns_b0c35f-ae .kt-btn-wrap-0 .kt-button{color:#ffffff;font-size:18px;background:#ff6900;border-color:#ff6900;border-style:solid;}.wp-block-kadence-advancedbtn.kt-btns_b0c35f-ae .kt-btn-wrap-0 .kt-button:hover, .wp-block-kadence-advancedbtn.kt-btns_b0c35f-ae .kt-btn-wrap-0 .kt-button:focus{color:#ffffff;border-color:#444444;}.wp-block-kadence-advancedbtn.kt-btns_b0c35f-ae .kt-btn-wrap-0 .kt-button::before{display:none;}.wp-block-kadence-advancedbtn.kt-btns_b0c35f-ae .kt-btn-wrap-0 .kt-button:hover, .wp-block-kadence-advancedbtn.kt-btns_b0c35f-ae .kt-btn-wrap-0 .kt-button:focus{background:#444444;}<\/style>\n<div class=\"wp-block-kadence-advancedbtn kt-btn-align-center kt-btn-tablet-align-inherit kt-btn-mobile-align-inherit kt-btns-wrap kt-btns_b0c35f-ae\"><div class=\"kt-btn-wrap kt-btn-wrap-0\"><a class=\"kt-button button kt-btn-0-action kt-btn-size-custom kt-btn-style-basic kt-btn-svg-show-always kt-btn-has-text-true kt-btn-has-svg-false\" href=\"http:\/\/www.yamaha-music-school-lille.fr\/site\/tarifs\/\" style=\"border-radius:3px;border-width:2px\"><span class=\"kt-btn-inner-text\">Tarifs<\/span><\/a><\/div><\/div>\n\n\n<style>.wp-block-kadence-advancedbtn.kb-btns_78ba1a-a9{gap:var(--global-kb-gap-xs, 0.5rem );justify-content:center;align-items:center;}.kt-btns_78ba1a-a9 .kt-button{font-weight:normal;font-style:normal;}.wp-block-kadence-advancedbtn.kt-btns_78ba1a-a9 .kt-btn-wrap-0 .kt-button{color:#ffffff;font-size:18px;background:#ff6900;border-color:#ff6900;border-style:solid;}.wp-block-kadence-advancedbtn.kt-btns_78ba1a-a9 .kt-btn-wrap-0 .kt-button:hover, .wp-block-kadence-advancedbtn.kt-btns_78ba1a-a9 .kt-btn-wrap-0 .kt-button:focus{color:#ffffff;border-color:#444444;}.wp-block-kadence-advancedbtn.kt-btns_78ba1a-a9 .kt-btn-wrap-0 .kt-button::before{display:none;}.wp-block-kadence-advancedbtn.kt-btns_78ba1a-a9 .kt-btn-wrap-0 .kt-button:hover, .wp-block-kadence-advancedbtn.kt-btns_78ba1a-a9 .kt-btn-wrap-0 .kt-button:focus{background:#444444;}<\/style>\n<div class=\"wp-block-kadence-advancedbtn kt-btn-align-center kt-btn-tablet-align-inherit kt-btn-mobile-align-inherit kt-btns-wrap kt-btns_78ba1a-a9\"><div class=\"kt-btn-wrap kt-btn-wrap-0\"><a class=\"kt-button button kt-btn-0-action kt-btn-size-custom kt-btn-style-basic kt-btn-svg-show-always kt-btn-has-text-true kt-btn-has-svg-false\" href=\"http:\/\/www.yamaha-music-school-lille.fr\/site\/tarifs\/\" style=\"border-radius:3px;border-width:2px\"><span class=\"kt-btn-inner-text\">Horaires<\/span><\/a><\/div><\/div>\n\n\n\n<p><\/p>\n<\/div><\/div>\n<\/div><\/div><\/div>\n\n\n","protected":false},"excerpt":{"rendered":"<p>Guitare classique Les \u00e9l\u00e8ves inscrits dans la Yamaha Music School de Lille exp\u00e9rimentent la philosophie \u00abla pratique avant la th\u00e9orie \u00bb. Notre \u00e9quipe exp\u00e9riment\u00e9e s\u2019adapte aux besoins des \u00e9l\u00e8ves, et accompagne chacun d\u2019entre eux dans leur cr\u00e9ativit\u00e9. La d\u00e9couverte et l&rsquo;apprentissage d&rsquo;un grand nombre de pi\u00e8ces leur permet d&rsquo;acqu\u00e9rir une sensibilit\u00e9 accrue \u00e0 diff\u00e9rents styles [&hellip;]<\/p>\n","protected":false},"author":1,"featured_media":0,"parent":0,"menu_order":0,"comment_status":"closed","ping_status":"closed","template":"","meta":{"_uag_custom_page_level_css":"","site-sidebar-layout":"no-sidebar","site-content-layout":"page-builder","ast-site-content-layout":"default","site-content-style":"default","site-sidebar-style":"default","ast-global-header-display":"","ast-banner-title-visibility":"","ast-main-header-display":"","ast-hfb-above-header-display":"","ast-hfb-below-header-display":"","ast-hfb-mobile-header-display":"","site-post-title":"disabled","ast-breadcrumbs-content":"","ast-featured-img":"disabled","footer-sml-layout":"","theme-transparent-header-meta":"enabled","adv-header-id-meta":"","stick-header-meta":"","header-above-stick-meta":"","header-main-stick-meta":"","header-below-stick-meta":"","astra-migrate-meta-layouts":"default","ast-page-background-enabled":"default","ast-page-background-meta":{"desktop":{"background-color":"","background-image":"","background-repeat":"repeat","background-position":"center center","background-size":"auto","background-attachment":"scroll","background-type":"","background-media":"","overlay-type":"","overlay-color":"","overlay-opacity":"","overlay-gradient":""},"tablet":{"background-color":"","background-image":"","background-repeat":"repeat","background-position":"center center","background-size":"auto","background-attachment":"scroll","background-type":"","background-media":"","overlay-type":"","overlay-color":"","overlay-opacity":"","overlay-gradient":""},"mobile":{"background-color":"","background-image":"","background-repeat":"repeat","background-position":"center center","background-size":"auto","background-attachment":"scroll","background-type":"","background-media":"","overlay-type":"","overlay-color":"","overlay-opacity":"","overlay-gradient":""}},"ast-content-background-meta":{"desktop":{"background-color":"var(--ast-global-color-5)","background-image":"","background-repeat":"repeat","background-position":"center center","background-size":"auto","background-attachment":"scroll","background-type":"","background-media":"","overlay-type":"","overlay-color":"","overlay-opacity":"","overlay-gradient":""},"tablet":{"background-color":"var(--ast-global-color-5)","background-image":"","background-repeat":"repeat","background-position":"center center","background-size":"auto","background-attachment":"scroll","background-type":"","background-media":"","overlay-type":"","overlay-color":"","overlay-opacity":"","overlay-gradient":""},"mobile":{"background-color":"var(--ast-global-color-5)","background-image":"","background-repeat":"repeat","background-position":"center center","background-size":"auto","background-attachment":"scroll","background-type":"","background-media":"","overlay-type":"","overlay-color":"","overlay-opacity":"","overlay-gradient":""}},"__cvm_playback_settings":[],"__cvm_video_id":"","_themeisle_gutenberg_block_has_review":false,"footnotes":""},"class_list":["post-1171","page","type-page","status-publish","hentry"],"featured_image_urls_v2":{"full":"","thumbnail":"","medium":"","medium_large":"","large":"","1536x1536":"","2048x2048":""},"post_excerpt_stackable_v2":"<p>GUITARE CLASSIQUE Guitare classique Les \u00e9l\u00e8ves inscrits dans la Yamaha Music School de Lille exp\u00e9rimentent la philosophie \u00abla pratique avant la th\u00e9orie \u00bb. Notre \u00e9quipe exp\u00e9riment\u00e9e s\u2019adapte aux besoins des \u00e9l\u00e8ves, et accompagne chacun d\u2019entre eux dans leur cr\u00e9ativit\u00e9. La d\u00e9couverte et l&rsquo;apprentissage d&rsquo;un grand nombre de pi\u00e8ces leur permet d&rsquo;acqu\u00e9rir une sensibilit\u00e9 accrue \u00e0 diff\u00e9rents styles de musique, tout en mettant l&rsquo;accent sur le plaisir de jouer. Les \u00e9tudiants du cours participent \u00e0 des activit\u00e9s pour d\u00e9velopper et exprimer leur cr\u00e9ativit\u00e9 musicale, notamment&nbsp;: L\u2019improvisation sur des harmonies et des m\u00e9lodiesLe jeu en groupe avec les autres \u00e9l\u00e8ves L\u2019accompagnement de\u2026<\/p>\n","category_list_v2":"","author_info_v2":{"name":"EUTERPE","url":"http:\/\/yamaha-music-school-lille.fr\/site\/author\/euterpe\/"},"comments_num_v2":"0 commentaire","uagb_featured_image_src":{"full":false,"thumbnail":false,"medium":false,"medium_large":false,"large":false,"1536x1536":false,"2048x2048":false},"uagb_author_info":{"display_name":"EUTERPE","author_link":"http:\/\/yamaha-music-school-lille.fr\/site\/author\/euterpe\/"},"uagb_comment_info":0,"uagb_excerpt":"Guitare classique Les \u00e9l\u00e8ves inscrits dans la Yamaha Music School de Lille exp\u00e9rimentent la philosophie \u00abla pratique avant la th\u00e9orie \u00bb. Notre \u00e9quipe exp\u00e9riment\u00e9e s\u2019adapte aux besoins des \u00e9l\u00e8ves, et accompagne chacun d\u2019entre eux dans leur cr\u00e9ativit\u00e9. La d\u00e9couverte et l&rsquo;apprentissage d&rsquo;un grand nombre de pi\u00e8ces leur permet d&rsquo;acqu\u00e9rir une sensibilit\u00e9 accrue \u00e0 diff\u00e9rents styles\u2026","_links":{"self":[{"href":"http:\/\/yamaha-music-school-lille.fr\/site\/wp-json\/wp\/v2\/pages\/1171"}],"collection":[{"href":"http:\/\/yamaha-music-school-lille.fr\/site\/wp-json\/wp\/v2\/pages"}],"about":[{"href":"http:\/\/yamaha-music-school-lille.fr\/site\/wp-json\/wp\/v2\/types\/page"}],"author":[{"embeddable":true,"href":"http:\/\/yamaha-music-school-lille.fr\/site\/wp-json\/wp\/v2\/users\/1"}],"replies":[{"embeddable":true,"href":"http:\/\/yamaha-music-school-lille.fr\/site\/wp-json\/wp\/v2\/comments?post=1171"}],"version-history":[{"count":8,"href":"http:\/\/yamaha-music-school-lille.fr\/site\/wp-json\/wp\/v2\/pages\/1171\/revisions"}],"predecessor-version":[{"id":2315,"href":"http:\/\/yamaha-music-school-lille.fr\/site\/wp-json\/wp\/v2\/pages\/1171\/revisions\/2315"}],"wp:attachment":[{"href":"http:\/\/yamaha-music-school-lille.fr\/site\/wp-json\/wp\/v2\/media?parent=1171"}],"curies":[{"name":"wp","href":"https:\/\/api.w.org\/{rel}","templated":true}]}}