{"id":1169,"date":"2019-03-16T18:09:29","date_gmt":"2019-03-16T17:09:29","guid":{"rendered":"http:\/\/www.yamaha-music-school-colmar.com\/site\/?page_id=1169"},"modified":"2022-09-28T10:55:10","modified_gmt":"2022-09-28T08:55:10","slug":"cours-pour-adolescents-adultes","status":"publish","type":"page","link":"http:\/\/yamaha-music-school-lille.fr\/site\/cours-pour-adolescents-adultes\/","title":{"rendered":"COURS POUR ADOLESCENTS \/ ADULTES"},"content":{"rendered":"\n<div class=\"wp-block-stackable-image stk-block-image stk-block stk-cc76d37\" data-block-id=\"cc76d37\"><style>.stk-cc76d37 .stk-img-wrapper{height:600px !important}<\/style><figure class=\"stk-img-wrapper stk-image--shape-stretch\"><img loading=\"lazy\" decoding=\"async\" class=\"stk-img wp-image-1809\" src=\"http:\/\/yamaha-music-school-lille.fr\/site\/wp-content\/uploads\/2019\/06\/courses-teens.jpg\" width=\"600\" height=\"459\" srcset=\"http:\/\/yamaha-music-school-lille.fr\/site\/wp-content\/uploads\/2019\/06\/courses-teens.jpg 600w, http:\/\/yamaha-music-school-lille.fr\/site\/wp-content\/uploads\/2019\/06\/courses-teens-300x230.jpg 300w\" sizes=\"(max-width: 600px) 100vw, 600px\" \/><\/figure><\/div>\n\n\n<style>#kt-layout-id_47f35b-43 > .kt-row-column-wrap{align-content:start;}:where(#kt-layout-id_47f35b-43 > .kt-row-column-wrap) > .wp-block-kadence-column{justify-content:start;}#kt-layout-id_47f35b-43 > .kt-row-column-wrap{column-gap:var(--global-kb-gap-md, 2rem);row-gap:var(--global-kb-gap-md, 2rem);max-width:1200px;margin-left:auto;margin-right:auto;padding-top:var( --global-kb-row-default-top, 25px );padding-bottom:var( --global-kb-row-default-bottom, 25px );padding-left:10px;padding-right:197px;grid-template-columns:minmax(0, calc(60% - ((var(--global-kb-gap-md, 2rem) * 1 )\/2)))minmax(0, calc(40% - ((var(--global-kb-gap-md, 2rem) * 1 )\/2)));}#kt-layout-id_47f35b-43 > .kt-row-layout-overlay{opacity:0.30;}@media all and (max-width: 1024px){#kt-layout-id_47f35b-43 > .kt-row-column-wrap{grid-template-columns:minmax(0, 2fr) minmax(0, 1fr);}}@media all and (max-width: 767px){#kt-layout-id_47f35b-43 > .kt-row-column-wrap{grid-template-columns:minmax(0, 1fr);}}<\/style>\n<div class=\"wp-block-kadence-rowlayout alignnone\"><div id=\"kt-layout-id_47f35b-43\" class=\"kt-row-layout-inner kt-layout-id_47f35b-43\"><div class=\"kt-row-column-wrap kt-has-2-columns kt-gutter-default kt-v-gutter-default kt-row-valign-top kt-row-layout-left-golden kt-tab-layout-inherit kt-m-colapse-left-to-right kt-mobile-layout-row  kt-custom-first-width-60  kt-custom-second-width-40\"><style>.kadence-column_37fb20-d7 > .kt-inside-inner-col{border-top-width:0px;border-right-width:0px;border-bottom-width:0px;border-left-width:0px;}.kadence-column_37fb20-d7 > .kt-inside-inner-col,.kadence-column_37fb20-d7 > .kt-inside-inner-col:before{border-top-left-radius:0px;border-top-right-radius:0px;border-bottom-right-radius:0px;border-bottom-left-radius:0px;}.kadence-column_37fb20-d7 > .kt-inside-inner-col{column-gap:var(--global-kb-gap-sm, 1rem);}.kadence-column_37fb20-d7 > .kt-inside-inner-col{flex-direction:column;}.kadence-column_37fb20-d7 > .kt-inside-inner-col > .aligncenter{width:100%;}.kadence-column_37fb20-d7 > .kt-inside-inner-col:before{opacity:0.3;}.kadence-column_37fb20-d7{position:relative;}@media all and (max-width: 1024px){.kadence-column_37fb20-d7 > .kt-inside-inner-col{flex-direction:column;justify-content:center;}}@media all and (max-width: 767px){.kadence-column_37fb20-d7 > .kt-inside-inner-col{flex-direction:column;justify-content:center;}}<\/style>\n<div class=\"wp-block-kadence-column inner-column-1 kadence-column_37fb20-d7\"><div class=\"kt-inside-inner-col\">\n<p class=\"has-text-align-left\"><strong>Cours pour adolescents \/ adultes<\/strong><\/p>\n\n\n\n<p>Notre principe fondamental est que les \u00e9l\u00e8ves doivent commencer l\u2019apprentissage de la musique en s\u2019amusant avec l\u2019instrument plut\u00f4t qu\u2019en \u00e9tudiant uniquement les parties th\u00e9oriques. Les le\u00e7ons sont dispens\u00e9es en petit groupe. Tous les programmes d&rsquo;enseignement sont soigneusement con\u00e7us pour donner aux \u00e9l\u00e8ves un d\u00e9part stimulant vers leur long voyage musical.<\/p>\n\n\n\n<p>Nous nous concentrons particuli\u00e8rement sur le\nd\u00e9veloppement de la cr\u00e9ativit\u00e9 de chaque \u00e9l\u00e8ve.<\/p>\n<\/div><\/div>\n\n\n<style>.kadence-column_55deca-4c > .kt-inside-inner-col{padding-right:0px;}.kadence-column_55deca-4c > .kt-inside-inner-col{border-top-width:0px;border-right-width:0px;border-bottom-width:0px;border-left-width:0px;}.kadence-column_55deca-4c > .kt-inside-inner-col,.kadence-column_55deca-4c > .kt-inside-inner-col:before{border-top-left-radius:0px;border-top-right-radius:0px;border-bottom-right-radius:0px;border-bottom-left-radius:0px;}.kadence-column_55deca-4c > .kt-inside-inner-col{column-gap:var(--global-kb-gap-sm, 1rem);}.kadence-column_55deca-4c > .kt-inside-inner-col{flex-direction:column;}.kadence-column_55deca-4c > .kt-inside-inner-col > .aligncenter{width:100%;}.kadence-column_55deca-4c > .kt-inside-inner-col:before{opacity:0.3;}.kadence-column_55deca-4c{position:relative;}.wp-block-kadence-column.kadence-column_55deca-4c > .kt-inside-inner-col{margin-right:-132px;}@media all and (max-width: 1024px){.kadence-column_55deca-4c > .kt-inside-inner-col{flex-direction:column;justify-content:center;}}@media all and (max-width: 767px){.kadence-column_55deca-4c > .kt-inside-inner-col{flex-direction:column;justify-content:center;}}<\/style>\n<div class=\"wp-block-kadence-column inner-column-2 kadence-column_55deca-4c\"><div class=\"kt-inside-inner-col\">\n<p><strong>Contacts<\/strong><\/p>\n\n\n\n<ul class=\"wp-block-list\"><li> 06-83-11-72-40<\/li><li>yms.euterpe@gmail.com  <\/li><\/ul>\n\n\n\n<p><strong>Adresse<\/strong><\/p>\n\n\n\n<p>  24 Boulevard Jean-Baptiste Lebas<br>59000 LILLE <\/p>\n\n\n<style>.wp-block-kadence-advancedbtn.kb-btns_1e41c7-bb{gap:var(--global-kb-gap-xs, 0.5rem );justify-content:center;align-items:center;}.kt-btns_1e41c7-bb .kt-button{font-weight:normal;font-style:normal;}.wp-block-kadence-advancedbtn.kt-btns_1e41c7-bb .kt-btn-wrap-0 .kt-button{color:#ffffff;font-size:18px;background:#ff6900;border-color:#ff6900;border-style:solid;}.wp-block-kadence-advancedbtn.kt-btns_1e41c7-bb .kt-btn-wrap-0 .kt-button:hover, .wp-block-kadence-advancedbtn.kt-btns_1e41c7-bb .kt-btn-wrap-0 .kt-button:focus{color:#ffffff;border-color:#444444;}.wp-block-kadence-advancedbtn.kt-btns_1e41c7-bb .kt-btn-wrap-0 .kt-button::before{display:none;}.wp-block-kadence-advancedbtn.kt-btns_1e41c7-bb .kt-btn-wrap-0 .kt-button:hover, .wp-block-kadence-advancedbtn.kt-btns_1e41c7-bb .kt-btn-wrap-0 .kt-button:focus{background:#444444;}<\/style>\n<div class=\"wp-block-kadence-advancedbtn kt-btn-align-center kt-btn-tablet-align-inherit kt-btn-mobile-align-inherit kt-btns-wrap kt-btns_1e41c7-bb\"><div class=\"kt-btn-wrap kt-btn-wrap-0\"><a class=\"kt-button button kt-btn-0-action kt-btn-size-custom kt-btn-style-basic kt-btn-svg-show-always kt-btn-has-text-true kt-btn-has-svg-false\" href=\"http:\/\/www.yamaha-music-school-lille.fr\/site\/tarifs\/\" style=\"border-radius:3px;border-width:2px\"><span class=\"kt-btn-inner-text\">Horaires<\/span><\/a><\/div><\/div>\n\n\n<style>.wp-block-kadence-advancedbtn.kb-btns_b651a0-95{gap:var(--global-kb-gap-xs, 0.5rem );justify-content:center;align-items:center;}.kt-btns_b651a0-95 .kt-button{font-weight:normal;font-style:normal;}.wp-block-kadence-advancedbtn.kt-btns_b651a0-95 .kt-btn-wrap-0 .kt-button{color:#ffffff;font-size:18px;background:#ff6900;border-color:#ff6900;border-style:solid;}.wp-block-kadence-advancedbtn.kt-btns_b651a0-95 .kt-btn-wrap-0 .kt-button:hover, .wp-block-kadence-advancedbtn.kt-btns_b651a0-95 .kt-btn-wrap-0 .kt-button:focus{color:#ffffff;border-color:#444444;}.wp-block-kadence-advancedbtn.kt-btns_b651a0-95 .kt-btn-wrap-0 .kt-button::before{display:none;}.wp-block-kadence-advancedbtn.kt-btns_b651a0-95 .kt-btn-wrap-0 .kt-button:hover, .wp-block-kadence-advancedbtn.kt-btns_b651a0-95 .kt-btn-wrap-0 .kt-button:focus{background:#444444;}<\/style>\n<div class=\"wp-block-kadence-advancedbtn kt-btn-align-center kt-btn-tablet-align-inherit kt-btn-mobile-align-inherit kt-btns-wrap kt-btns_b651a0-95\"><div class=\"kt-btn-wrap kt-btn-wrap-0\"><a class=\"kt-button button kt-btn-0-action kt-btn-size-custom kt-btn-style-basic kt-btn-svg-show-always kt-btn-has-text-true kt-btn-has-svg-false\" href=\"http:\/\/www.yamaha-music-school-lille.fr\/site\/tarifs\/\" style=\"border-radius:3px;border-width:2px\"><span class=\"kt-btn-inner-text\">Tarifs<\/span><\/a><\/div><\/div>\n\n\n\n<p><\/p>\n<\/div><\/div>\n<\/div><\/div><\/div>\n\n\n\n<div class=\"wp-block-ugb-image-box ugb-image-box ugb-d72d15d ugb-image-box--v4 ugb-image-box--columns-2 ugb-image-box--design-basic ugb-image-box--align-center ugb-main-block\" id=\"\"><style>.ugb-d72d15d .ugb-image-box__box{border-radius:12px !important}.ugb-d72d15d .ugb-image-box__item{height:400px !important;justify-content:center !important}.ugb-d72d15d .ugb-image-box__item1 .ugb-image-box__image{background-image:url(http:\/\/www.yamaha-music-school-colmar.com\/site\/wp-content\/uploads\/2019\/03\/header-music-kids-piano.jpg)}.ugb-d72d15d .ugb-image-box__item2 .ugb-image-box__image{background-image:url(http:\/\/yamaha-music-school-lille.fr\/site\/wp-content\/uploads\/2019\/06\/vocals.jpg)}.ugb-d72d15d .ugb-image-box__item3 .ugb-image-box__image{background-image:url(http:\/\/www.yamaha-music-school-colmar.com\/site\/wp-content\/uploads\/2019\/03\/header-guitar.jpg)}.ugb-d72d15d .ugb-image-box__item4 .ugb-image-box__image{background-image:url(http:\/\/www.yamaha-music-school-colmar.com\/site\/wp-content\/uploads\/2019\/03\/header-electric-guitar.jpg)}.ugb-d72d15d .ugb-image-box__item:hover .ugb-image-box__overlay-hover{opacity:0.7 !important}.ugb-d72d15d .ugb-image-box__title{color:#ffffff !important}.ugb-d72d15d .ugb-image-box__description{color:#ffffff !important}.ugb-d72d15d .ugb-inner-block{text-align:center}<\/style><div class=\"ugb-inner-block\"><div class=\"ugb-block-content\"><div class=\"ugb-image-box__item ugb-image-box__item1 ugb-image-box__box ugb--shadow-3\"><div class=\"ugb-image-box__box ugb-image-box__image-wrapper\"><div class=\"ugb-image-box__box ugb-image-box__image\"><\/div><\/div><div class=\"ugb-image-box__box ugb-image-box__overlay-hover\"><\/div><div class=\"ugb-image-box__content\"><div class=\"ugb-image-box__header\"><h3 class=\"ugb-image-box__title\">Piano<\/h3><\/div><\/div><a class=\"ugb-image-box__overlay-link\" href=\"http:\/\/www.yamaha-music-school-lille.fr\/site\/piano\/\" title=\"Piano\" aria-label=\"Piano\"><\/a><\/div><div class=\"ugb-image-box__item ugb-image-box__item2 ugb-image-box__box ugb--shadow-3\"><div class=\"ugb-image-box__box ugb-image-box__image-wrapper\"><div class=\"ugb-image-box__box ugb-image-box__image\"><\/div><\/div><div class=\"ugb-image-box__box ugb-image-box__overlay-hover\"><\/div><div class=\"ugb-image-box__content\"><div class=\"ugb-image-box__header\"><h3 class=\"ugb-image-box__title\">Chant<\/h3><\/div><\/div><a class=\"ugb-image-box__overlay-link\" href=\"http:\/\/www.yamaha-music-school-lille.fr\/site\/chant\/\" title=\"Chant\" aria-label=\"Chant\"><\/a><\/div><\/div><\/div><\/div>\n\n\n\n<div class=\"wp-block-ugb-image-box ugb-image-box ugb-762772a ugb-image-box--v4 ugb-image-box--columns-2 ugb-image-box--design-basic ugb-image-box--align-center ugb-main-block\" id=\"\"><style>.ugb-762772a .ugb-image-box__box{border-radius:12px !important}.ugb-762772a .ugb-image-box__item{height:400px !important;justify-content:center !important}.ugb-762772a .ugb-image-box__item1 .ugb-image-box__image{background-image:url(http:\/\/www.yamaha-music-school-colmar.com\/site\/wp-content\/uploads\/2019\/03\/header-guitar.jpg)}.ugb-762772a .ugb-image-box__item2 .ugb-image-box__image{background-image:url(http:\/\/www.yamaha-music-school-colmar.com\/site\/wp-content\/uploads\/2019\/03\/header-electric-guitar.jpg)}.ugb-762772a .ugb-image-box__item3 .ugb-image-box__image{background-image:url(http:\/\/www.yamaha-music-school-colmar.com\/site\/wp-content\/uploads\/2019\/03\/header-guitar.jpg)}.ugb-762772a .ugb-image-box__item4 .ugb-image-box__image{background-image:url(http:\/\/www.yamaha-music-school-colmar.com\/site\/wp-content\/uploads\/2019\/03\/header-electric-guitar.jpg)}.ugb-762772a .ugb-image-box__item:hover .ugb-image-box__overlay-hover{opacity:0.7 !important}.ugb-762772a .ugb-image-box__title{color:#ffffff !important}.ugb-762772a .ugb-image-box__description{color:#ffffff !important}.ugb-762772a .ugb-inner-block{text-align:center}<\/style><div class=\"ugb-inner-block\"><div class=\"ugb-block-content\"><div class=\"ugb-image-box__item ugb-image-box__item1 ugb-image-box__box ugb--shadow-3\"><div class=\"ugb-image-box__box ugb-image-box__image-wrapper\"><div class=\"ugb-image-box__box ugb-image-box__image\"><\/div><\/div><div class=\"ugb-image-box__box ugb-image-box__overlay-hover\"><\/div><div class=\"ugb-image-box__content\"><div class=\"ugb-image-box__header\"><h3 class=\"ugb-image-box__title\">Guitare acoustique<\/h3><\/div><\/div><a class=\"ugb-image-box__overlay-link\" href=\"http:\/\/www.yamaha-music-school-lille.fr\/site\/guitare-acoustique\/\" title=\"Guitare acoustique\" aria-label=\"Guitare acoustique\"><\/a><\/div><div class=\"ugb-image-box__item ugb-image-box__item2 ugb-image-box__box ugb--shadow-3\"><div class=\"ugb-image-box__box ugb-image-box__image-wrapper\"><div class=\"ugb-image-box__box ugb-image-box__image\"><\/div><\/div><div class=\"ugb-image-box__box ugb-image-box__overlay-hover\"><\/div><div class=\"ugb-image-box__content\"><div class=\"ugb-image-box__header\"><h3 class=\"ugb-image-box__title\">Guitare \u00e9lectrique<\/h3><\/div><\/div><a class=\"ugb-image-box__overlay-link\" href=\"http:\/\/www.yamaha-music-school-lille.fr\/site\/guitare-electrique\/\" title=\"Guitare \u00e9lectrique\" aria-label=\"Guitare \u00e9lectrique\"><\/a><\/div><\/div><\/div><\/div>\n\n\n","protected":false},"excerpt":{"rendered":"<p>Cours pour adolescents \/ adultes Notre principe fondamental est que les \u00e9l\u00e8ves doivent commencer l\u2019apprentissage de la musique en s\u2019amusant avec l\u2019instrument plut\u00f4t qu\u2019en \u00e9tudiant uniquement les parties th\u00e9oriques. Les le\u00e7ons sont dispens\u00e9es en petit groupe. Tous les programmes d&rsquo;enseignement sont soigneusement con\u00e7us pour donner aux \u00e9l\u00e8ves un d\u00e9part stimulant vers leur long voyage musical. [&hellip;]<\/p>\n","protected":false},"author":1,"featured_media":1809,"parent":0,"menu_order":0,"comment_status":"closed","ping_status":"closed","template":"","meta":{"_uag_custom_page_level_css":"","site-sidebar-layout":"no-sidebar","site-content-layout":"page-builder","ast-site-content-layout":"default","site-content-style":"default","site-sidebar-style":"default","ast-global-header-display":"","ast-banner-title-visibility":"","ast-main-header-display":"","ast-hfb-above-header-display":"","ast-hfb-below-header-display":"","ast-hfb-mobile-header-display":"","site-post-title":"disabled","ast-breadcrumbs-content":"","ast-featured-img":"disabled","footer-sml-layout":"","theme-transparent-header-meta":"enabled","adv-header-id-meta":"","stick-header-meta":"","header-above-stick-meta":"","header-main-stick-meta":"","header-below-stick-meta":"","astra-migrate-meta-layouts":"default","ast-page-background-enabled":"default","ast-page-background-meta":{"desktop":{"background-color":"","background-image":"","background-repeat":"repeat","background-position":"center center","background-size":"auto","background-attachment":"scroll","background-type":"","background-media":"","overlay-type":"","overlay-color":"","overlay-opacity":"","overlay-gradient":""},"tablet":{"background-color":"","background-image":"","background-repeat":"repeat","background-position":"center center","background-size":"auto","background-attachment":"scroll","background-type":"","background-media":"","overlay-type":"","overlay-color":"","overlay-opacity":"","overlay-gradient":""},"mobile":{"background-color":"","background-image":"","background-repeat":"repeat","background-position":"center center","background-size":"auto","background-attachment":"scroll","background-type":"","background-media":"","overlay-type":"","overlay-color":"","overlay-opacity":"","overlay-gradient":""}},"ast-content-background-meta":{"desktop":{"background-color":"var(--ast-global-color-5)","background-image":"","background-repeat":"repeat","background-position":"center center","background-size":"auto","background-attachment":"scroll","background-type":"","background-media":"","overlay-type":"","overlay-color":"","overlay-opacity":"","overlay-gradient":""},"tablet":{"background-color":"var(--ast-global-color-5)","background-image":"","background-repeat":"repeat","background-position":"center center","background-size":"auto","background-attachment":"scroll","background-type":"","background-media":"","overlay-type":"","overlay-color":"","overlay-opacity":"","overlay-gradient":""},"mobile":{"background-color":"var(--ast-global-color-5)","background-image":"","background-repeat":"repeat","background-position":"center center","background-size":"auto","background-attachment":"scroll","background-type":"","background-media":"","overlay-type":"","overlay-color":"","overlay-opacity":"","overlay-gradient":""}},"__cvm_playback_settings":[],"__cvm_video_id":"","_themeisle_gutenberg_block_has_review":false,"footnotes":""},"class_list":["post-1169","page","type-page","status-publish","has-post-thumbnail","hentry"],"featured_image_urls_v2":{"full":["http:\/\/yamaha-music-school-lille.fr\/site\/wp-content\/uploads\/2019\/06\/courses-teens.jpg",600,459,false],"thumbnail":["http:\/\/yamaha-music-school-lille.fr\/site\/wp-content\/uploads\/2019\/06\/courses-teens-150x150.jpg",150,150,true],"medium":["http:\/\/yamaha-music-school-lille.fr\/site\/wp-content\/uploads\/2019\/06\/courses-teens-300x230.jpg",300,230,true],"medium_large":["http:\/\/yamaha-music-school-lille.fr\/site\/wp-content\/uploads\/2019\/06\/courses-teens.jpg",600,459,false],"large":["http:\/\/yamaha-music-school-lille.fr\/site\/wp-content\/uploads\/2019\/06\/courses-teens.jpg",600,459,false],"1536x1536":["http:\/\/yamaha-music-school-lille.fr\/site\/wp-content\/uploads\/2019\/06\/courses-teens.jpg",600,459,false],"2048x2048":["http:\/\/yamaha-music-school-lille.fr\/site\/wp-content\/uploads\/2019\/06\/courses-teens.jpg",600,459,false]},"post_excerpt_stackable_v2":"<p>Cours pour adolescents \/ adultes Notre principe fondamental est que les \u00e9l\u00e8ves doivent commencer l\u2019apprentissage de la musique en s\u2019amusant avec l\u2019instrument plut\u00f4t qu\u2019en \u00e9tudiant uniquement les parties th\u00e9oriques. Les le\u00e7ons sont dispens\u00e9es en petit groupe. Tous les programmes d&rsquo;enseignement sont soigneusement con\u00e7us pour donner aux \u00e9l\u00e8ves un d\u00e9part stimulant vers leur long voyage musical. Nous nous concentrons particuli\u00e8rement sur le d\u00e9veloppement de la cr\u00e9ativit\u00e9 de chaque \u00e9l\u00e8ve. Contacts 06-83-11-72-40yms.euterpe@gmail.com Adresse 24 Boulevard Jean-Baptiste Lebas59000 LILLE Horaires Tarifs PianoChant Guitare acoustiqueGuitare \u00e9lectrique<\/p>\n","category_list_v2":"","author_info_v2":{"name":"EUTERPE","url":"http:\/\/yamaha-music-school-lille.fr\/site\/author\/euterpe\/"},"comments_num_v2":"0 commentaire","uagb_featured_image_src":{"full":["http:\/\/yamaha-music-school-lille.fr\/site\/wp-content\/uploads\/2019\/06\/courses-teens.jpg",600,459,false],"thumbnail":["http:\/\/yamaha-music-school-lille.fr\/site\/wp-content\/uploads\/2019\/06\/courses-teens-150x150.jpg",150,150,true],"medium":["http:\/\/yamaha-music-school-lille.fr\/site\/wp-content\/uploads\/2019\/06\/courses-teens-300x230.jpg",300,230,true],"medium_large":["http:\/\/yamaha-music-school-lille.fr\/site\/wp-content\/uploads\/2019\/06\/courses-teens.jpg",600,459,false],"large":["http:\/\/yamaha-music-school-lille.fr\/site\/wp-content\/uploads\/2019\/06\/courses-teens.jpg",600,459,false],"1536x1536":["http:\/\/yamaha-music-school-lille.fr\/site\/wp-content\/uploads\/2019\/06\/courses-teens.jpg",600,459,false],"2048x2048":["http:\/\/yamaha-music-school-lille.fr\/site\/wp-content\/uploads\/2019\/06\/courses-teens.jpg",600,459,false]},"uagb_author_info":{"display_name":"EUTERPE","author_link":"http:\/\/yamaha-music-school-lille.fr\/site\/author\/euterpe\/"},"uagb_comment_info":0,"uagb_excerpt":"Cours pour adolescents \/ adultes Notre principe fondamental est que les \u00e9l\u00e8ves doivent commencer l\u2019apprentissage de la musique en s\u2019amusant avec l\u2019instrument plut\u00f4t qu\u2019en \u00e9tudiant uniquement les parties th\u00e9oriques. Les le\u00e7ons sont dispens\u00e9es en petit groupe. Tous les programmes d&rsquo;enseignement sont soigneusement con\u00e7us pour donner aux \u00e9l\u00e8ves un d\u00e9part stimulant vers leur long voyage musical.\u2026","_links":{"self":[{"href":"http:\/\/yamaha-music-school-lille.fr\/site\/wp-json\/wp\/v2\/pages\/1169"}],"collection":[{"href":"http:\/\/yamaha-music-school-lille.fr\/site\/wp-json\/wp\/v2\/pages"}],"about":[{"href":"http:\/\/yamaha-music-school-lille.fr\/site\/wp-json\/wp\/v2\/types\/page"}],"author":[{"embeddable":true,"href":"http:\/\/yamaha-music-school-lille.fr\/site\/wp-json\/wp\/v2\/users\/1"}],"replies":[{"embeddable":true,"href":"http:\/\/yamaha-music-school-lille.fr\/site\/wp-json\/wp\/v2\/comments?post=1169"}],"version-history":[{"count":17,"href":"http:\/\/yamaha-music-school-lille.fr\/site\/wp-json\/wp\/v2\/pages\/1169\/revisions"}],"predecessor-version":[{"id":2736,"href":"http:\/\/yamaha-music-school-lille.fr\/site\/wp-json\/wp\/v2\/pages\/1169\/revisions\/2736"}],"wp:featuredmedia":[{"embeddable":true,"href":"http:\/\/yamaha-music-school-lille.fr\/site\/wp-json\/wp\/v2\/media\/1809"}],"wp:attachment":[{"href":"http:\/\/yamaha-music-school-lille.fr\/site\/wp-json\/wp\/v2\/media?parent=1169"}],"curies":[{"name":"wp","href":"https:\/\/api.w.org\/{rel}","templated":true}]}}