{"id":1167,"date":"2019-03-16T18:08:06","date_gmt":"2019-03-16T17:08:06","guid":{"rendered":"http:\/\/www.yamaha-music-school-colmar.com\/site\/?page_id=1167"},"modified":"2020-06-29T14:28:15","modified_gmt":"2020-06-29T12:28:15","slug":"cours-pour-enfants","status":"publish","type":"page","link":"http:\/\/yamaha-music-school-lille.fr\/site\/cours-pour-enfants\/","title":{"rendered":"COURS POUR ENFANTS"},"content":{"rendered":"\n<section class=\"wp-block-uagb-section uagb-section__wrap uagb-section__background-image alignfull uagb-block-27e1b789-e78d-4044-b315-930acdcd5860\"><div class=\"uagb-section__overlay\"><\/div><div class=\"uagb-section__inner-wrap\">\n<div class=\"wp-block-uagb-advanced-heading uagb-block-d231f8de-56e1-4a92-8c2a-f91fa7ac6eaf ticss-31b115b7\" id=\"uagb-adv-heading-7a9915f6-91cc-42ff-bd36-1fbe86170e7b\"><h1 class=\"uagb-heading-text\"><span style=\"color: #f4f7f8\" class=\"ugb-highlight\">COURS POUR ENFANTS<\/span><\/h1><p class=\"uagb-desc-text\"><\/p><\/div>\n<\/div><\/section>\n\n\n<style>#kt-layout-id_47f35b-43 > .kt-row-column-wrap{align-content:start;}:where(#kt-layout-id_47f35b-43 > .kt-row-column-wrap) > .wp-block-kadence-column{justify-content:start;}#kt-layout-id_47f35b-43 > .kt-row-column-wrap{column-gap:var(--global-kb-gap-md, 2rem);row-gap:var(--global-kb-gap-md, 2rem);max-width:1200px;margin-left:auto;margin-right:auto;padding-top:var( --global-kb-row-default-top, 25px );padding-bottom:var( --global-kb-row-default-bottom, 25px );padding-left:10px;padding-right:197px;grid-template-columns:minmax(0, calc(60% - ((var(--global-kb-gap-md, 2rem) * 1 )\/2)))minmax(0, calc(40% - ((var(--global-kb-gap-md, 2rem) * 1 )\/2)));}#kt-layout-id_47f35b-43 > .kt-row-layout-overlay{opacity:0.30;}@media all and (max-width: 1024px){#kt-layout-id_47f35b-43 > .kt-row-column-wrap{grid-template-columns:minmax(0, 2fr) minmax(0, 1fr);}}@media all and (max-width: 767px){#kt-layout-id_47f35b-43 > .kt-row-column-wrap{grid-template-columns:minmax(0, 1fr);}}<\/style>\n<div class=\"wp-block-kadence-rowlayout alignnone\"><div id=\"kt-layout-id_47f35b-43\" class=\"kt-row-layout-inner  kt-layout-id_47f35b-43\"><div class=\"kt-row-column-wrap kt-has-2-columns kt-gutter-default kt-v-gutter-default kt-row-valign-top kt-row-layout-left-golden kt-tab-layout-inherit kt-m-colapse-left-to-right kt-mobile-layout-row kt-custom-first-width-60 kt-custom-second-width-40\"><style>.kadence-column_37fb20-d7 > .kt-inside-inner-col{border-top-width:0px;border-right-width:0px;border-bottom-width:0px;border-left-width:0px;}.kadence-column_37fb20-d7 > .kt-inside-inner-col,.kadence-column_37fb20-d7 > .kt-inside-inner-col:before{border-top-left-radius:0px;border-top-right-radius:0px;border-bottom-right-radius:0px;border-bottom-left-radius:0px;}.kadence-column_37fb20-d7 > .kt-inside-inner-col{column-gap:var(--global-kb-gap-sm, 1rem);}.kadence-column_37fb20-d7 > .kt-inside-inner-col{flex-direction:column;}.kadence-column_37fb20-d7 > .kt-inside-inner-col > .aligncenter{width:100%;}.kadence-column_37fb20-d7 > .kt-inside-inner-col:before{opacity:0.3;}.kadence-column_37fb20-d7{position:relative;}@media all and (max-width: 1024px){.kadence-column_37fb20-d7 > .kt-inside-inner-col{flex-direction:column;justify-content:center;}}@media all and (max-width: 767px){.kadence-column_37fb20-d7 > .kt-inside-inner-col{flex-direction:column;justify-content:center;}}<\/style>\n<div class=\"wp-block-kadence-column inner-column-1 kadence-column_37fb20-d7\"><div class=\"kt-inside-inner-col\">\n<p class=\"has-text-align-left\"><strong>Cours pour enfants<\/strong><\/p>\n\n\n\n<p> <br>D\u00e8s les premi\u00e8res ann\u00e9es les enfants sont sensibles \u00e0 la musique. Les tout-petits connaissent leurs premi\u00e8res exp\u00e9riences musicales, en chantant et mimant les chansons cr\u00e9\u00e9es pour eux. Ces exercices favorisent de mani\u00e8re insidieuse l&rsquo;apprentissage de la parole et du langage. Jusqu&rsquo;\u00e0 l\u2019\u00e2ge de 5 ans, le vocabulaire des enfants se d\u00e9veloppe rapidement ainsi que la capacit\u00e9 \u00e0 reconna\u00eetre et \u00e0 analyser les sons. Ecouter de la musique est un moyen efficace pour favoriser ces d\u00e9veloppements, jouant \u00e9galement sur les aptitudes intellectuelles et sociales. <\/p>\n<\/div><\/div>\n\n\n<style>.kadence-column_55deca-4c > .kt-inside-inner-col{padding-right:0px;}.kadence-column_55deca-4c > .kt-inside-inner-col{border-top-width:0px;border-right-width:0px;border-bottom-width:0px;border-left-width:0px;}.kadence-column_55deca-4c > .kt-inside-inner-col,.kadence-column_55deca-4c > .kt-inside-inner-col:before{border-top-left-radius:0px;border-top-right-radius:0px;border-bottom-right-radius:0px;border-bottom-left-radius:0px;}.kadence-column_55deca-4c > .kt-inside-inner-col{column-gap:var(--global-kb-gap-sm, 1rem);}.kadence-column_55deca-4c > .kt-inside-inner-col{flex-direction:column;}.kadence-column_55deca-4c > .kt-inside-inner-col > .aligncenter{width:100%;}.kadence-column_55deca-4c > .kt-inside-inner-col:before{opacity:0.3;}.kadence-column_55deca-4c{position:relative;}.wp-block-kadence-column.kadence-column_55deca-4c > .kt-inside-inner-col{margin-right:-129px;}@media all and (max-width: 1024px){.kadence-column_55deca-4c > .kt-inside-inner-col{flex-direction:column;justify-content:center;}}@media all and (max-width: 767px){.kadence-column_55deca-4c > .kt-inside-inner-col{flex-direction:column;justify-content:center;}}<\/style>\n<div class=\"wp-block-kadence-column inner-column-2 kadence-column_55deca-4c\"><div class=\"kt-inside-inner-col\">\n<p style=\"font-size:21px\"><strong>Contact<\/strong><\/p>\n\n\n\n<ul class=\"wp-block-list\"><li> 06-83-11-72-40<\/li><li>yms.euterpe@gmail.com  <\/li><\/ul>\n\n\n\n<div class=\"uagb-cta__outer-wrap uagb-block-5173104c-27d0-4ace-86a9-6a437b8b1b57\"><div class=\"uagb-cta__content-wrap uagb-cta__block uagb-cta__icon-position-right uagb-cta__content-right uagb-cta__content-stacked-tablet uagb-cta__button-valign-middle uagb-cta__button-type-none \"><div class=\"uagb-cta__left-right-wrap\"><div class=\"uagb-cta__content\"><div class=\"uagb-cta__title-wrap\"><h3 class=\"uagb-cta__title\">Adresse<\/h3><\/div><div class=\"uagb-cta-text-wrap\"><p class=\"uagb-cta__desc\"> <br> 24 Boulevard Jean-Baptiste Lebas<br>59000 LILLE<\/p><\/div><\/div><div class=\"uagb-cta__link-wrapper uagb-cta__block-link-style\"><\/div><\/div><\/div><\/div>\n\n\n<style>.wp-block-kadence-advancedbtn.kb-btns_f74411-11{gap:var(--global-kb-gap-xs, 0.5rem );justify-content:center;align-items:center;}.kt-btns_f74411-11 .kt-button{font-weight:normal;font-style:normal;}.kt-btns_f74411-11 .kt-btn-wrap-0{margin-right:5px;}.wp-block-kadence-advancedbtn.kt-btns_f74411-11 .kt-btn-wrap-0 .kt-button{color:#fafafa;background:#ff6900;border-color:#ff6900;}.wp-block-kadence-advancedbtn.kt-btns_f74411-11 .kt-btn-wrap-0 .kt-button:hover, .wp-block-kadence-advancedbtn.kt-btns_f74411-11 .kt-btn-wrap-0 .kt-button:focus{color:#ffffff;border-color:#444444;}.wp-block-kadence-advancedbtn.kt-btns_f74411-11 .kt-btn-wrap-0 .kt-button::before{display:none;}.wp-block-kadence-advancedbtn.kt-btns_f74411-11 .kt-btn-wrap-0 .kt-button:hover, .wp-block-kadence-advancedbtn.kt-btns_f74411-11 .kt-btn-wrap-0 .kt-button:focus{background:#444444;}<\/style>\n<div class=\"wp-block-kadence-advancedbtn kt-btn-align-center kt-btn-tablet-align-inherit kt-btn-mobile-align-inherit kt-btns-wrap kt-btns_f74411-11\"><div class=\"kt-btn-wrap kt-btn-wrap-0\"><a class=\"kt-button button kt-btn-0-action kt-btn-size-standard kt-btn-style-basic kt-btn-svg-show-always kt-btn-has-text-true kt-btn-has-svg-false\" href=\"http:\/\/yamaha-music-school-lille.fr\/site\/tarifs\/\"><span class=\"kt-btn-inner-text\">Horaires<\/span><\/a><\/div><\/div>\n\n\n<style>.wp-block-kadence-advancedbtn.kb-btns_8c754d-06{gap:var(--global-kb-gap-xs, 0.5rem );justify-content:center;align-items:center;}.kt-btns_8c754d-06 .kt-button{font-weight:normal;font-style:normal;}.kt-btns_8c754d-06 .kt-btn-wrap-0{margin-right:5px;}.wp-block-kadence-advancedbtn.kt-btns_8c754d-06 .kt-btn-wrap-0 .kt-button{color:#fafafa;background:#ff6900;border-color:#ff6900;}.wp-block-kadence-advancedbtn.kt-btns_8c754d-06 .kt-btn-wrap-0 .kt-button:hover, .wp-block-kadence-advancedbtn.kt-btns_8c754d-06 .kt-btn-wrap-0 .kt-button:focus{color:#ffffff;border-color:#444444;}.wp-block-kadence-advancedbtn.kt-btns_8c754d-06 .kt-btn-wrap-0 .kt-button::before{display:none;}.wp-block-kadence-advancedbtn.kt-btns_8c754d-06 .kt-btn-wrap-0 .kt-button:hover, .wp-block-kadence-advancedbtn.kt-btns_8c754d-06 .kt-btn-wrap-0 .kt-button:focus{background:#444444;}<\/style>\n<div class=\"wp-block-kadence-advancedbtn kt-btn-align-center kt-btn-tablet-align-inherit kt-btn-mobile-align-inherit kt-btns-wrap kt-btns_8c754d-06\"><div class=\"kt-btn-wrap kt-btn-wrap-0\"><a class=\"kt-button button kt-btn-0-action kt-btn-size-standard kt-btn-style-basic kt-btn-svg-show-always kt-btn-has-text-true kt-btn-has-svg-false\" href=\"http:\/\/yamaha-music-school-lille.fr\/site\/tarifs\/\"><span class=\"kt-btn-inner-text\">Tarifs<\/span><\/a><\/div><\/div>\n<\/div><\/div>\n<\/div><\/div><\/div>\n\n\n\n<div class=\"alignwide wp-block-ugb-image-box ugb-image-box ugb-cc9b764 ugb-image-box--v4 ugb-image-box--columns-2 ugb-image-box--design-basic ugb-image-box--align-center ugb-main-block\" id=\"\"><style>.ugb-cc9b764 .ugb-image-box__box{border-radius:12px !important}.ugb-cc9b764 .ugb-image-box__item{height:400px !important;justify-content:center !important}.ugb-cc9b764 .ugb-image-box__item1 .ugb-image-box__image{background-image:url(http:\/\/www.yamaha-music-school-colmar.com\/site\/wp-content\/uploads\/2019\/04\/piano4ans.jpg)}.ugb-cc9b764 .ugb-image-box__item2 .ugb-image-box__image{background-image:url(http:\/\/www.yamaha-music-school-colmar.com\/site\/wp-content\/uploads\/2019\/04\/Yamaha-Guitar-Course.jpg)}.ugb-cc9b764 .ugb-image-box__item:hover .ugb-image-box__overlay-hover{opacity:0.7 !important}.ugb-cc9b764 .ugb-image-box__title{font-size:23px !important;color:#ffffff !important}.ugb-cc9b764 .ugb-image-box__description{color:#ffffff !important}.ugb-cc9b764 .ugb-inner-block{text-align:center}<\/style><div class=\"ugb-inner-block\"><div class=\"ugb-block-content\"><div class=\"ugb-image-box__item ugb-image-box__item1 ugb-image-box__box ugb--shadow-3\"><div class=\"ugb-image-box__box ugb-image-box__image-wrapper\"><div class=\"ugb-image-box__box ugb-image-box__image\"><\/div><\/div><div class=\"ugb-image-box__box ugb-image-box__overlay-hover\"><\/div><div class=\"ugb-image-box__content\"><div class=\"ugb-image-box__header\"><h4 class=\"ugb-image-box__title\">Junior Music Course<\/h4><\/div><p class=\"ugb-image-box__description\">(de 4 \u00e0 6 ans)<\/p><\/div><a class=\"ugb-image-box__overlay-link\" href=\"http:\/\/www.yamaha-music-school-lille.fr\/site\/junior-music-course\/\" title=\"Junior Music Course\" aria-label=\"Junior Music Course\"><\/a><\/div><div class=\"ugb-image-box__item ugb-image-box__item2 ugb-image-box__box ugb--shadow-3\"><div class=\"ugb-image-box__box ugb-image-box__image-wrapper\"><div class=\"ugb-image-box__box ugb-image-box__image\"><\/div><\/div><div class=\"ugb-image-box__box ugb-image-box__overlay-hover\"><\/div><div class=\"ugb-image-box__content\"><div class=\"ugb-image-box__header\"><h4 class=\"ugb-image-box__title\">Guitare classique<\/h4><\/div><p class=\"ugb-image-box__description\">(de 7 \u00e0 9 ans)<\/p><\/div><a class=\"ugb-image-box__overlay-link\" href=\"http:\/\/www.yamaha-music-school-lille.fr\/site\/guitare-acoustique\/\" title=\"Guitare classique\" aria-label=\"Guitare classique\"><\/a><\/div><\/div><\/div><\/div>\n\n\n\n<div class=\"wp-block-ugb-image-box ugb-image-box ugb-a01470a ugb-image-box--v4 ugb-image-box--columns-2 ugb-image-box--design-basic ugb-image-box--align-center ugb-main-block\" id=\"\"><style>.ugb-a01470a .ugb-image-box__box{border-radius:12px !important}.ugb-a01470a .ugb-image-box__item{height:400px !important;justify-content:center !important}.ugb-a01470a .ugb-image-box__item1 .ugb-image-box__image{background-image:url(http:\/\/www.yamaha-music-school-colmar.com\/site\/wp-content\/uploads\/2019\/04\/piano6ans.jpg)}.ugb-a01470a .ugb-image-box__item2 .ugb-image-box__image{background-image:url(http:\/\/www.yamaha-music-school-colmar.com\/site\/wp-content\/uploads\/2019\/04\/piano9ans.jpg)}.ugb-a01470a .ugb-image-box__item:hover .ugb-image-box__overlay-hover{opacity:0.7 !important}.ugb-a01470a .ugb-image-box__title{font-size:23px !important;color:#ffffff !important}.ugb-a01470a .ugb-image-box__description{color:#ffffff !important}.ugb-a01470a .ugb-inner-block{text-align:center}<\/style><div class=\"ugb-inner-block\"><div class=\"ugb-block-content\"><div class=\"ugb-image-box__item ugb-image-box__item1 ugb-image-box__box ugb--shadow-3\"><div class=\"ugb-image-box__box ugb-image-box__image-wrapper\"><div class=\"ugb-image-box__box ugb-image-box__image\"><\/div><\/div><div class=\"ugb-image-box__box ugb-image-box__overlay-hover\"><\/div><div class=\"ugb-image-box__content\"><div class=\"ugb-image-box__header\"><h3 class=\"ugb-image-box__title\">Music Adventure<\/h3><\/div><p class=\"ugb-image-box__description\">(de 6 \u00e0 8 ans)<\/p><\/div><a class=\"ugb-image-box__overlay-link\" href=\"http:\/\/www.yamaha-music-school-lille.fr\/site\/music-adventure-2\/\" title=\"Music Adventure\" aria-label=\"Music Adventure\"><\/a><\/div><div class=\"ugb-image-box__item ugb-image-box__item2 ugb-image-box__box ugb--shadow-3\"><div class=\"ugb-image-box__box ugb-image-box__image-wrapper\"><div class=\"ugb-image-box__box ugb-image-box__image\"><\/div><\/div><div class=\"ugb-image-box__box ugb-image-box__overlay-hover\"><\/div><div class=\"ugb-image-box__content\"><div class=\"ugb-image-box__header\"><h3 class=\"ugb-image-box__title\">Piano forte<\/h3><\/div><p class=\"ugb-image-box__description\">(d\u00e8s 9 ans)<\/p><\/div><a class=\"ugb-image-box__overlay-link\" href=\"http:\/\/www.yamaha-music-school-lille.fr\/site\/piano\/\" title=\"Piano forte\" aria-label=\"Piano forte\"><\/a><\/div><\/div><\/div><\/div>\n\n\n\n<section class=\"wp-block-uagb-section uagb-section__wrap uagb-section__background-image uagb-block-a7d9ec38\"><div class=\"uagb-section__overlay\"><\/div><div class=\"uagb-section__inner-wrap\">\n<div class=\"wp-block-columns has-3-columns is-layout-flex wp-container-core-columns-is-layout-1 wp-block-columns-is-layout-flex\">\n<div class=\"wp-block-column is-layout-flow wp-block-column-is-layout-flow\">\n<h4 class=\"wp-block-heading\"><a href=\"http:\/\/yamaha-music-school-lille.fr\/site\/about\/\">A propos<\/a><\/h4>\n\n\n\n<h4 class=\"wp-block-heading\"><a href=\"http:\/\/yamaha-music-school-lille.fr\/site\/junior-original-concert\/\">Junior Original Concert<\/a><\/h4>\n\n\n\n<h4 class=\"wp-block-heading\"><a href=\"http:\/\/yamaha-music-school-lille.fr\/site\/cours-2\/\">Examens de grade<\/a><\/h4>\n\n\n\n<h4 class=\"wp-block-heading\"><a href=\"http:\/\/yamaha-music-school-lille.fr\/site\/contact\/\">Contact<\/a><\/h4>\n\n\n\n<h4 class=\"wp-block-heading\"><a href=\"https:\/\/yamaha-music-school-lille.fr\/site\/politique-de-confidentialite\/\" data-type=\"link\" data-id=\"https:\/\/yamaha-music-school-lille.fr\/site\/politique-de-confidentialite\/\">Mentions l\u00e9gales<\/a><\/h4>\n\n\n\n<figure class=\"wp-block-image is-resized\"><img decoding=\"async\" src=\"http:\/\/yamaha-music-school-lausanne.com\/wp-content\/uploads\/2019\/03\/images.png\" alt=\"\" class=\"wp-image-1274\" style=\"width:84px;height:84px\"\/><figcaption class=\"wp-element-caption\"><a href=\"https:\/\/www.facebook.com\/lallietsandrine\/\">Notre page Facebook<\/a><\/figcaption><\/figure>\n\n\n\n<p><\/p>\n\n\n\n<h4 class=\"wp-block-heading\" id=\"mce_1\">Contact<\/h4>\n<\/div>\n\n\n\n<div class=\"wp-block-column is-layout-flow wp-block-column-is-layout-flow\">\n<h4 class=\"wp-block-heading\"><a href=\"http:\/\/yamaha-music-school-Nos cours Cours Yamaha Autres cours Professeurs Horaires\/cours\/\"><\/a><a href=\"http:\/\/yamaha-music-school-lille.fr\/site\/cours\/\">Nos cours<\/a><\/h4>\n\n\n\n<h4 class=\"wp-block-heading\"><a href=\"http:\/\/yamaha-music-school-Nos cours Cours Yamaha Autres cours Professeurs Horaires\/cours\/\"><\/a><a href=\"http:\/\/yamaha-music-school-lille.fr\/site\/cours-pour-enfants\/\">Cours pour enfants<\/a><\/h4>\n\n\n\n<h4 class=\"wp-block-heading\"><a href=\"http:\/\/yamaha-music-school-Nos cours Cours Yamaha Autres cours Professeurs Horaires\/cours\/\"><\/a><a href=\"http:\/\/yamaha-music-school-lille.fr\/site\/cours-pour-adolescents-adultes\/\">Cours pour Adolescents\/Adultes<\/a><\/h4>\n\n\n\n<h4 class=\"wp-block-heading\"><a href=\"http:\/\/yamaha-music-school-Nos cours Cours Yamaha Autres cours Professeurs Horaires\/cours\/\"><\/a><a href=\"http:\/\/yamaha-music-school-lille.fr\/site\/nos-professeurs\/\">Professeurs<\/a><\/h4>\n\n\n\n<h4 class=\"wp-block-heading\"><a href=\"http:\/\/yamaha-music-school-lille.fr\/site\/tarifs\/\"><\/a><a href=\"http:\/\/yamaha-music-school-lille.fr\/site\/tarifs\/#\"><\/a><a href=\"http:\/\/yamaha-music-school-lausanne.com\/contact\/\"><\/a><a href=\"http:\/\/yamaha-music-school-lille.fr\/site\/tarifs\/\">Horaires<\/a><\/h4>\n\n\n\n<p><\/p>\n\n\n\n<p><\/p>\n<\/div>\n\n\n\n<div class=\"wp-block-column is-layout-flow wp-block-column-is-layout-flow\">\n<figure class=\"wp-block-image size-large is-resized\"><img loading=\"lazy\" decoding=\"async\" width=\"628\" height=\"141\" src=\"http:\/\/yamaha-music-school-lille.fr\/site\/wp-content\/uploads\/2019\/06\/yms_logo_big-1.png\" alt=\"\" class=\"wp-image-1839\" style=\"width:320px;height:71px\" srcset=\"http:\/\/yamaha-music-school-lille.fr\/site\/wp-content\/uploads\/2019\/06\/yms_logo_big-1.png 628w, http:\/\/yamaha-music-school-lille.fr\/site\/wp-content\/uploads\/2019\/06\/yms_logo_big-1-300x67.png 300w\" sizes=\"(max-width: 628px) 100vw, 628px\" \/><figcaption class=\"wp-element-caption\"><a href=\"http:\/\/yamaha-music-school-lille.fr\/site\/contact\/\"><strong> 06-83-11-72-40<br>yms.euterpe@gmail.com<\/strong><br><br> 24 Boulevard Jean-Baptiste Lebas<br>59000 LILLE  <\/a><\/figcaption><\/figure>\n\n\n\n<p><\/p>\n\n\n\n<p><\/p>\n\n\n\n<p><\/p>\n\n\n\n<p><\/p>\n<\/div>\n<\/div>\n\n\n\n<div style=\"height:30px\" aria-hidden=\"true\" class=\"wp-block-spacer\"><\/div>\n\n\n\n<hr class=\"wp-block-separator has-css-opacity is-style-wide\"\/>\n\n\n\n<div style=\"height:20px\" aria-hidden=\"true\" class=\"wp-block-spacer\"><\/div>\n\n\n\n<p><\/p>\n<\/div><\/section>\n","protected":false},"excerpt":{"rendered":"<p>Cours pour enfants D\u00e8s les premi\u00e8res ann\u00e9es les enfants sont sensibles \u00e0 la musique. Les tout-petits connaissent leurs premi\u00e8res exp\u00e9riences musicales, en chantant et mimant les chansons cr\u00e9\u00e9es pour eux. Ces exercices favorisent de mani\u00e8re insidieuse l&rsquo;apprentissage de la parole et du langage. Jusqu&rsquo;\u00e0 l\u2019\u00e2ge de 5 ans, le vocabulaire des enfants se d\u00e9veloppe rapidement [&hellip;]<\/p>\n","protected":false},"author":1,"featured_media":0,"parent":0,"menu_order":0,"comment_status":"closed","ping_status":"closed","template":"","meta":{"_uag_custom_page_level_css":"","site-sidebar-layout":"no-sidebar","site-content-layout":"page-builder","ast-site-content-layout":"default","site-content-style":"default","site-sidebar-style":"default","ast-global-header-display":"","ast-banner-title-visibility":"","ast-main-header-display":"","ast-hfb-above-header-display":"","ast-hfb-below-header-display":"","ast-hfb-mobile-header-display":"","site-post-title":"disabled","ast-breadcrumbs-content":"","ast-featured-img":"disabled","footer-sml-layout":"","theme-transparent-header-meta":"enabled","adv-header-id-meta":"","stick-header-meta":"","header-above-stick-meta":"","header-main-stick-meta":"","header-below-stick-meta":"","astra-migrate-meta-layouts":"default","ast-page-background-enabled":"default","ast-page-background-meta":{"desktop":{"background-color":"","background-image":"","background-repeat":"repeat","background-position":"center center","background-size":"auto","background-attachment":"scroll","background-type":"","background-media":"","overlay-type":"","overlay-color":"","overlay-opacity":"","overlay-gradient":""},"tablet":{"background-color":"","background-image":"","background-repeat":"repeat","background-position":"center center","background-size":"auto","background-attachment":"scroll","background-type":"","background-media":"","overlay-type":"","overlay-color":"","overlay-opacity":"","overlay-gradient":""},"mobile":{"background-color":"","background-image":"","background-repeat":"repeat","background-position":"center center","background-size":"auto","background-attachment":"scroll","background-type":"","background-media":"","overlay-type":"","overlay-color":"","overlay-opacity":"","overlay-gradient":""}},"ast-content-background-meta":{"desktop":{"background-color":"var(--ast-global-color-5)","background-image":"","background-repeat":"repeat","background-position":"center center","background-size":"auto","background-attachment":"scroll","background-type":"","background-media":"","overlay-type":"","overlay-color":"","overlay-opacity":"","overlay-gradient":""},"tablet":{"background-color":"var(--ast-global-color-5)","background-image":"","background-repeat":"repeat","background-position":"center center","background-size":"auto","background-attachment":"scroll","background-type":"","background-media":"","overlay-type":"","overlay-color":"","overlay-opacity":"","overlay-gradient":""},"mobile":{"background-color":"var(--ast-global-color-5)","background-image":"","background-repeat":"repeat","background-position":"center center","background-size":"auto","background-attachment":"scroll","background-type":"","background-media":"","overlay-type":"","overlay-color":"","overlay-opacity":"","overlay-gradient":""}},"__cvm_playback_settings":[],"__cvm_video_id":"","_themeisle_gutenberg_block_has_review":false,"footnotes":""},"class_list":["post-1167","page","type-page","status-publish","hentry"],"featured_image_urls_v2":{"full":"","thumbnail":"","medium":"","medium_large":"","large":"","1536x1536":"","2048x2048":""},"post_excerpt_stackable_v2":"<p>COURS POUR ENFANTS Cours pour enfants D\u00e8s les premi\u00e8res ann\u00e9es les enfants sont sensibles \u00e0 la musique. Les tout-petits connaissent leurs premi\u00e8res exp\u00e9riences musicales, en chantant et mimant les chansons cr\u00e9\u00e9es pour eux. Ces exercices favorisent de mani\u00e8re insidieuse l&rsquo;apprentissage de la parole et du langage. Jusqu&rsquo;\u00e0 l\u2019\u00e2ge de 5 ans, le vocabulaire des enfants se d\u00e9veloppe rapidement ainsi que la capacit\u00e9 \u00e0 reconna\u00eetre et \u00e0 analyser les sons. Ecouter de la musique est un moyen efficace pour favoriser ces d\u00e9veloppements, jouant \u00e9galement sur les aptitudes intellectuelles et sociales. Contact 06-83-11-72-40yms.euterpe@gmail.com Adresse 24 Boulevard Jean-Baptiste Lebas59000 LILLE Horaires Tarifs Junior\u2026<\/p>\n","category_list_v2":"","author_info_v2":{"name":"EUTERPE","url":"http:\/\/yamaha-music-school-lille.fr\/site\/author\/euterpe\/"},"comments_num_v2":"0 commentaire","uagb_featured_image_src":{"full":false,"thumbnail":false,"medium":false,"medium_large":false,"large":false,"1536x1536":false,"2048x2048":false},"uagb_author_info":{"display_name":"EUTERPE","author_link":"http:\/\/yamaha-music-school-lille.fr\/site\/author\/euterpe\/"},"uagb_comment_info":0,"uagb_excerpt":"Cours pour enfants D\u00e8s les premi\u00e8res ann\u00e9es les enfants sont sensibles \u00e0 la musique. Les tout-petits connaissent leurs premi\u00e8res exp\u00e9riences musicales, en chantant et mimant les chansons cr\u00e9\u00e9es pour eux. Ces exercices favorisent de mani\u00e8re insidieuse l&rsquo;apprentissage de la parole et du langage. Jusqu&rsquo;\u00e0 l\u2019\u00e2ge de 5 ans, le vocabulaire des enfants se d\u00e9veloppe rapidement\u2026","_links":{"self":[{"href":"http:\/\/yamaha-music-school-lille.fr\/site\/wp-json\/wp\/v2\/pages\/1167"}],"collection":[{"href":"http:\/\/yamaha-music-school-lille.fr\/site\/wp-json\/wp\/v2\/pages"}],"about":[{"href":"http:\/\/yamaha-music-school-lille.fr\/site\/wp-json\/wp\/v2\/types\/page"}],"author":[{"embeddable":true,"href":"http:\/\/yamaha-music-school-lille.fr\/site\/wp-json\/wp\/v2\/users\/1"}],"replies":[{"embeddable":true,"href":"http:\/\/yamaha-music-school-lille.fr\/site\/wp-json\/wp\/v2\/comments?post=1167"}],"version-history":[{"count":27,"href":"http:\/\/yamaha-music-school-lille.fr\/site\/wp-json\/wp\/v2\/pages\/1167\/revisions"}],"predecessor-version":[{"id":2395,"href":"http:\/\/yamaha-music-school-lille.fr\/site\/wp-json\/wp\/v2\/pages\/1167\/revisions\/2395"}],"wp:attachment":[{"href":"http:\/\/yamaha-music-school-lille.fr\/site\/wp-json\/wp\/v2\/media?parent=1167"}],"curies":[{"name":"wp","href":"https:\/\/api.w.org\/{rel}","templated":true}]}}