{"id":1161,"date":"2019-03-16T18:05:35","date_gmt":"2019-03-16T17:05:35","guid":{"rendered":"http:\/\/www.yamaha-music-school-colmar.com\/site\/?page_id=1161"},"modified":"2020-02-27T09:31:14","modified_gmt":"2020-02-27T08:31:14","slug":"junior-ensemble-course","status":"publish","type":"page","link":"http:\/\/yamaha-music-school-lille.fr\/site\/junior-ensemble-course\/","title":{"rendered":"JUNIOR ENSEMBLE COURSE"},"content":{"rendered":"\n<section class=\"wp-block-uagb-section uagb-section__wrap uagb-section__background-image uagb-block-2183af5c-43e7-4aac-b7f2-d82063b1225f\"><div class=\"uagb-section__overlay\"><\/div><div class=\"uagb-section__inner-wrap\">\n<div class=\"wp-block-uagb-advanced-heading uagb-block-a954bec5-4044-4f25-85f5-06de199c0394\" id=\"uagb-adv-heading-a0230224-9cfc-4db0-94f5-736605e8a5e5\"><h1 class=\"uagb-heading-text\">COURS<\/h1><p class=\"uagb-desc-text\"><\/p><\/div>\n<\/div><\/section>\n\n\n<style>#kt-layout-id_47f35b-43 > .kt-row-column-wrap{align-content:start;}:where(#kt-layout-id_47f35b-43 > .kt-row-column-wrap) > .wp-block-kadence-column{justify-content:start;}#kt-layout-id_47f35b-43 > .kt-row-column-wrap{column-gap:var(--global-kb-gap-md, 2rem);row-gap:var(--global-kb-gap-md, 2rem);max-width:1200px;margin-left:auto;margin-right:auto;padding-top:var( --global-kb-row-default-top, 25px );padding-bottom:var( --global-kb-row-default-bottom, 25px );padding-left:10px;padding-right:197px;grid-template-columns:minmax(0, calc(60% - ((var(--global-kb-gap-md, 2rem) * 1 )\/2)))minmax(0, calc(40% - ((var(--global-kb-gap-md, 2rem) * 1 )\/2)));}#kt-layout-id_47f35b-43 > .kt-row-layout-overlay{opacity:0.30;}@media all and (max-width: 1024px){#kt-layout-id_47f35b-43 > .kt-row-column-wrap{grid-template-columns:minmax(0, 2fr) minmax(0, 1fr);}}@media all and (max-width: 767px){#kt-layout-id_47f35b-43 > .kt-row-column-wrap{grid-template-columns:minmax(0, 1fr);}}<\/style>\n<div class=\"wp-block-kadence-rowlayout alignnone\"><div id=\"kt-layout-id_47f35b-43\" class=\"kt-row-layout-inner  kt-layout-id_47f35b-43\"><div class=\"kt-row-column-wrap kt-has-2-columns kt-gutter-default kt-v-gutter-default kt-row-valign-top kt-row-layout-left-golden kt-tab-layout-inherit kt-m-colapse-left-to-right kt-mobile-layout-row kt-custom-first-width-60 kt-custom-second-width-40\"><style>.kadence-column_37fb20-d7 > .kt-inside-inner-col{border-top-width:0px;border-right-width:0px;border-bottom-width:0px;border-left-width:0px;}.kadence-column_37fb20-d7 > .kt-inside-inner-col,.kadence-column_37fb20-d7 > .kt-inside-inner-col:before{border-top-left-radius:0px;border-top-right-radius:0px;border-bottom-right-radius:0px;border-bottom-left-radius:0px;}.kadence-column_37fb20-d7 > .kt-inside-inner-col{column-gap:var(--global-kb-gap-sm, 1rem);}.kadence-column_37fb20-d7 > .kt-inside-inner-col{flex-direction:column;}.kadence-column_37fb20-d7 > .kt-inside-inner-col > .aligncenter{width:100%;}.kadence-column_37fb20-d7 > .kt-inside-inner-col:before{opacity:0.3;}.kadence-column_37fb20-d7{position:relative;}@media all and (max-width: 1024px){.kadence-column_37fb20-d7 > .kt-inside-inner-col{flex-direction:column;justify-content:center;}}@media all and (max-width: 767px){.kadence-column_37fb20-d7 > .kt-inside-inner-col{flex-direction:column;justify-content:center;}}<\/style>\n<div class=\"wp-block-kadence-column inner-column-1 kadence-column_37fb20-d7\"><div class=\"kt-inside-inner-col\">\n<p class=\"has-text-align-left\"><strong>Nos cours<\/strong><\/p>\n\n\n\n<p>Les \u00e9l\u00e8ves inscrits dans la Yamaha Music School de&nbsp; -VILLE- exp\u00e9rimentent la philosophie \u00abla\npratique avant la th\u00e9orie&nbsp;\u00bb. Notre \u00e9quipe exp\u00e9riment\u00e9e s\u2019adapte aux\nbesoins des \u00e9l\u00e8ves, et accompagne chacun d\u2019entre eux dans leur cr\u00e9ativit\u00e9.<\/p>\n\n\n\n<p>Le syst\u00e8me d\u2019\u00e9ducation musicale\nYamaha couvre une grande vari\u00e9t\u00e9 de genres musicaux, et s\u2019adresse aux \u00e9l\u00e8ves de\ntous \u00e2ges. En plus de ces cours, nous vous proposons des cours de musiques\ncompl\u00e9mentaires dont vous trouverez le d\u00e9tail ici <\/p>\n<\/div><\/div>\n\n\n<style>.kadence-column_55deca-4c > .kt-inside-inner-col{border-top-width:0px;border-right-width:0px;border-bottom-width:0px;border-left-width:0px;}.kadence-column_55deca-4c > .kt-inside-inner-col,.kadence-column_55deca-4c > .kt-inside-inner-col:before{border-top-left-radius:0px;border-top-right-radius:0px;border-bottom-right-radius:0px;border-bottom-left-radius:0px;}.kadence-column_55deca-4c > .kt-inside-inner-col{column-gap:var(--global-kb-gap-sm, 1rem);}.kadence-column_55deca-4c > .kt-inside-inner-col{flex-direction:column;}.kadence-column_55deca-4c > .kt-inside-inner-col > .aligncenter{width:100%;}.kadence-column_55deca-4c > .kt-inside-inner-col:before{opacity:0.3;}.kadence-column_55deca-4c{position:relative;}@media all and (max-width: 1024px){.kadence-column_55deca-4c > .kt-inside-inner-col{flex-direction:column;justify-content:center;}}@media all and (max-width: 767px){.kadence-column_55deca-4c > .kt-inside-inner-col{flex-direction:column;justify-content:center;}}<\/style>\n<div class=\"wp-block-kadence-column inner-column-2 kadence-column_55deca-4c\"><div class=\"kt-inside-inner-col\">\n<p style=\"font-size:21px\"><strong>Contact<\/strong><\/p>\n\n\n\n<ul class=\"wp-block-list\"><li> 06-83-11-72-40<\/li><li>yms.euterpe@gmail.com <\/li><\/ul>\n\n\n\n<div class=\"uagb-cta__outer-wrap uagb-block-c3972223-fe13-4a2c-9f7d-a46abbce3141\"><div class=\"uagb-cta__content-wrap uagb-cta__block uagb-cta__icon-position-right uagb-cta__content-right uagb-cta__content-stacked-tablet uagb-cta__button-valign-middle \"><div class=\"uagb-cta__left-right-wrap\"><div class=\"uagb-cta__content\"><div class=\"uagb-cta__title-wrap\"><h3 class=\"uagb-cta__title\">Adresse<\/h3><\/div><div class=\"uagb-cta-text-wrap\"><p class=\"uagb-cta__desc\"> <br> 24 Boulevard Jean-Baptiste Lebas59000 LILLE <\/p><\/div><\/div><div class=\"uagb-cta__link-wrapper uagb-cta__block-link-style\"><div class=\"uagb-cta__button-wrapper\"><a href=\"http:\/\/yamaha-music-school-lille.fr\/site\/tarifs\/\" class=\"uagb-cta__block-link uagb-cta__button-link-wrapper uagb-cta-typeof-button\" target=\"_self\" rel=\"noopener noreferrer\"><span class=\"uagb-cta__link-content-inner\"><span>Horaires<\/span><\/span><\/a><\/div><\/div><\/div><\/div><\/div>\n<\/div><\/div>\n<\/div><\/div><\/div>\n\n\n<style>#kt-layout-id_bf7da5-ee > .kt-row-column-wrap{align-content:start;}:where(#kt-layout-id_bf7da5-ee > .kt-row-column-wrap) > .wp-block-kadence-column{justify-content:start;}#kt-layout-id_bf7da5-ee > .kt-row-column-wrap{column-gap:var(--global-kb-gap-md, 2rem);row-gap:var(--global-kb-gap-md, 2rem);padding-top:var( --global-kb-row-default-top, 25px );padding-bottom:var( --global-kb-row-default-bottom, 25px );padding-top:var(--global-kb-spacing-sm, 1.5rem);padding-bottom:var(--global-kb-spacing-sm, 1.5rem);grid-template-columns:repeat(2, minmax(0, 1fr));}#kt-layout-id_bf7da5-ee > .kt-row-layout-overlay{opacity:0.30;}@media all and (max-width: 1024px){#kt-layout-id_bf7da5-ee > .kt-row-column-wrap{grid-template-columns:repeat(2, minmax(0, 1fr));}}@media all and (max-width: 767px){#kt-layout-id_bf7da5-ee > .kt-row-column-wrap{grid-template-columns:minmax(0, 1fr);}}<\/style>\n<div class=\"wp-block-kadence-rowlayout aligncenter\"><div id=\"kt-layout-id_bf7da5-ee\" class=\"kt-row-layout-inner  kt-layout-id_bf7da5-ee\"><div class=\"kt-row-column-wrap kt-has-2-columns kt-gutter-default kt-v-gutter-default kt-row-valign-top kt-row-layout-equal kt-tab-layout-inherit kt-m-colapse-left-to-right kt-mobile-layout-row\"><style>.kadence-column_5d9cea-3d > .kt-inside-inner-col{border-top-width:0px;border-right-width:0px;border-bottom-width:0px;border-left-width:0px;}.kadence-column_5d9cea-3d > .kt-inside-inner-col,.kadence-column_5d9cea-3d > .kt-inside-inner-col:before{border-top-left-radius:0px;border-top-right-radius:0px;border-bottom-right-radius:0px;border-bottom-left-radius:0px;}.kadence-column_5d9cea-3d > .kt-inside-inner-col{column-gap:var(--global-kb-gap-sm, 1rem);}.kadence-column_5d9cea-3d > .kt-inside-inner-col{flex-direction:column;}.kadence-column_5d9cea-3d > .kt-inside-inner-col > .aligncenter{width:100%;}.kadence-column_5d9cea-3d > .kt-inside-inner-col:before{opacity:0.3;}.kadence-column_5d9cea-3d{position:relative;}@media all and (max-width: 1024px){.kadence-column_5d9cea-3d > .kt-inside-inner-col{flex-direction:column;justify-content:center;}}@media all and (max-width: 767px){.kadence-column_5d9cea-3d > .kt-inside-inner-col{flex-direction:column;justify-content:center;}}<\/style>\n<div class=\"wp-block-kadence-column inner-column-1 kadence-column_5d9cea-3d\"><div class=\"kt-inside-inner-col\">\n<figure class=\"wp-block-image\"><img decoding=\"async\" src=\"http:\/\/www.yamaha-music-school-colmar.com\/site\/wp-content\/uploads\/2019\/03\/courses-kids.jpg\" alt=\"\" class=\"wp-image-906\" \/><\/figure>\n\n\n\n<p>Cours pour enfants jusqu&rsquo;\u00e0 8 ans<\/p>\n<\/div><\/div>\n\n\n<style>.kadence-column_c97d27-28 > .kt-inside-inner-col{border-top-width:0px;border-right-width:0px;border-bottom-width:0px;border-left-width:0px;}.kadence-column_c97d27-28 > .kt-inside-inner-col,.kadence-column_c97d27-28 > .kt-inside-inner-col:before{border-top-left-radius:0px;border-top-right-radius:0px;border-bottom-right-radius:0px;border-bottom-left-radius:0px;}.kadence-column_c97d27-28 > .kt-inside-inner-col{column-gap:var(--global-kb-gap-sm, 1rem);}.kadence-column_c97d27-28 > .kt-inside-inner-col{flex-direction:column;}.kadence-column_c97d27-28 > .kt-inside-inner-col > .aligncenter{width:100%;}.kadence-column_c97d27-28 > .kt-inside-inner-col:before{opacity:0.3;}.kadence-column_c97d27-28{position:relative;}@media all and (max-width: 1024px){.kadence-column_c97d27-28 > .kt-inside-inner-col{flex-direction:column;justify-content:center;}}@media all and (max-width: 767px){.kadence-column_c97d27-28 > .kt-inside-inner-col{flex-direction:column;justify-content:center;}}<\/style>\n<div class=\"wp-block-kadence-column inner-column-2 kadence-column_c97d27-28\"><div class=\"kt-inside-inner-col\">\n<figure class=\"wp-block-image\"><img decoding=\"async\" src=\"http:\/\/www.yamaha-music-school-colmar.com\/site\/wp-content\/uploads\/2019\/03\/courses-teens.jpg\" alt=\"\" class=\"wp-image-907\" \/><\/figure>\n\n\n\n<p>Cours pour adolescents \/ Adultes<\/p>\n<\/div><\/div>\n<\/div><\/div><\/div>\n\n\n\n<section class=\"wp-block-uagb-section uagb-section__wrap uagb-section__background-image uagb-block-93411bb3-fd1a-4520-9295-8bec860deeec\"><div class=\"uagb-section__overlay\"><\/div><div class=\"uagb-section__inner-wrap\">\n<div class=\"wp-block-columns has-3-columns is-layout-flex wp-container-core-columns-is-layout-1 wp-block-columns-is-layout-flex\">\n<div class=\"wp-block-column is-layout-flow wp-block-column-is-layout-flow\">\n<div class=\"wp-block-uagb-advanced-heading uagb-block-ef50702c-4576-4fcb-86d8-bbe70e1deede\" id=\"uagb-adv-heading-6cd5de8b-7afe-4716-ad3d-1fcb485b1789\"><h4 class=\"uagb-heading-text\"> ABOUT <\/h4><p class=\"uagb-desc-text\"><em><strong>Click edit button to change this text. Lorem ipsum dolor sit amet, consectetur.&nbsp;<\/strong><\/em><\/p><\/div>\n\n\n\n<p style=\"color:#88939b\" class=\"has-text-color has-text-align-left\">Duis sed odio sit amet nibh vulputate cursus a sit amet mauris. Morbi accumsan ipsum velit nam nec tellus a odio tincidunt auctor a ornare conubia nostra. <\/p>\n<\/div>\n\n\n\n<div class=\"wp-block-column is-layout-flow wp-block-column-is-layout-flow\">\n<div class=\"wp-block-uagb-advanced-heading uagb-block-0dafb90b-4381-4ee4-82e6-b5c96645f349\" id=\"uagb-adv-heading-294969f6-3b12-48c0-a6fb-8985df08695e\"><h4 class=\"uagb-heading-text\">SERVICES<\/h4><p class=\"uagb-desc-text\"> <\/p><\/div>\n\n\n\n<div class=\"wp-block-uagb-icon-list uagb-icon-list__outer-wrap uagb-icon-list__layout-vertical uagb-block-79856de3-054c-474b-a5a0-72c078a3b492\"><div class=\"uagb-icon-list__wrap\"><a class=\"uagb-icon-list-repeater-0 uagb-icon-list__wrapper\" target=\"_self\" rel=\"noopener noreferrer\" href=\"#\"><div class=\"uagb-icon-list__content-wrap\"><span class=\"uagb-icon-list__source-wrap\"><span class=\"uagb-icon-list__source-icon\"><svg xmlns=\"http:\/\/www.w3.org\/2000\/svg\" viewbox=\"0 0 448 512\"><path d=\"M416 208H32c-17.67 0-32 14.33-32 32v32c0 17.67 14.33 32 32 32h384c17.67 0 32-14.33 32-32v-32c0-17.67-14.33-32-32-32z\"><\/path><\/svg><\/span><\/span><div class=\"uagb-icon-list__label-wrap\"><span class=\"uagb-icon-list__label\">Study nature <\/span><\/div><\/div><\/a><a class=\"uagb-icon-list-repeater-1 uagb-icon-list__wrapper\" target=\"_self\" rel=\"noopener noreferrer\" href=\"#\"><div class=\"uagb-icon-list__content-wrap\"><span class=\"uagb-icon-list__source-wrap\"><span class=\"uagb-icon-list__source-icon\"><svg xmlns=\"http:\/\/www.w3.org\/2000\/svg\" viewbox=\"0 0 448 512\"><path d=\"M416 208H32c-17.67 0-32 14.33-32 32v32c0 17.67 14.33 32 32 32h384c17.67 0 32-14.33 32-32v-32c0-17.67-14.33-32-32-32z\"><\/path><\/svg><\/span><\/span><div class=\"uagb-icon-list__label-wrap\"><span class=\"uagb-icon-list__label\">Nature is a gift <\/span><\/div><\/div><\/a><a class=\"uagb-icon-list-repeater-2 uagb-icon-list__wrapper\" target=\"_self\" rel=\"noopener noreferrer\" href=\"#\"><div class=\"uagb-icon-list__content-wrap\"><span class=\"uagb-icon-list__source-wrap\"><span class=\"uagb-icon-list__source-icon\"><svg xmlns=\"http:\/\/www.w3.org\/2000\/svg\" viewbox=\"0 0 448 512\"><path d=\"M416 208H32c-17.67 0-32 14.33-32 32v32c0 17.67 14.33 32 32 32h384c17.67 0 32-14.33 32-32v-32c0-17.67-14.33-32-32-32z\"><\/path><\/svg><\/span><\/span><div class=\"uagb-icon-list__label-wrap\"><span class=\"uagb-icon-list__label\">A second spring <\/span><\/div><\/div><\/a><a class=\"uagb-icon-list-repeater-3 uagb-icon-list__wrapper\" target=\"_self\" rel=\"noopener noreferrer\" href=\"#\"><div class=\"uagb-icon-list__content-wrap\"><span class=\"uagb-icon-list__source-wrap\"><span class=\"uagb-icon-list__source-icon\"><svg xmlns=\"http:\/\/www.w3.org\/2000\/svg\" viewbox=\"0 0 448 512\"><path d=\"M416 208H32c-17.67 0-32 14.33-32 32v32c0 17.67 14.33 32 32 32h384c17.67 0 32-14.33 32-32v-32c0-17.67-14.33-32-32-32z\"><\/path><\/svg><\/span><\/span><div class=\"uagb-icon-list__label-wrap\"><span class=\"uagb-icon-list__label\">Smiles of nature <\/span><\/div><\/div><\/a><a class=\"uagb-icon-list-repeater-4 uagb-icon-list__wrapper\" target=\"_self\" rel=\"noopener noreferrer\" href=\"#\"><div class=\"uagb-icon-list__content-wrap\"><span class=\"uagb-icon-list__source-wrap\"><span class=\"uagb-icon-list__source-icon\"><svg xmlns=\"http:\/\/www.w3.org\/2000\/svg\" viewbox=\"0 0 448 512\"><path d=\"M416 208H32c-17.67 0-32 14.33-32 32v32c0 17.67 14.33 32 32 32h384c17.67 0 32-14.33 32-32v-32c0-17.67-14.33-32-32-32z\"><\/path><\/svg><\/span><\/span><div class=\"uagb-icon-list__label-wrap\"><span class=\"uagb-icon-list__label\">Just let it rain <\/span><\/div><\/div><\/a><\/div><\/div>\n\n\n\n<p><\/p>\n<\/div>\n\n\n\n<div class=\"wp-block-column is-layout-flow wp-block-column-is-layout-flow\">\n<div class=\"wp-block-uagb-advanced-heading uagb-block-095752d7-4e9c-4212-a5d1-4d4f8e2a96ff\" id=\"uagb-adv-heading-44a4887b-0fdc-4900-81a2-ba903eb2d9b1\"><h4 class=\"uagb-heading-text\">CONTACT<\/h4><p class=\"uagb-desc-text\"> <\/p><\/div>\n\n\n\n<p style=\"color:#88939b\" class=\"has-text-color\">Proin gravida nibh auctor aliquet amet anean sollicitudin, lorem quis. <\/p>\n\n\n\n<div class=\"wp-block-uagb-icon-list uagb-icon-list__outer-wrap uagb-icon-list__layout-vertical uagb-block-20a62019-44df-49d8-97b5-8a68fc5c2f6b\"><div class=\"uagb-icon-list__wrap\"><a class=\"uagb-icon-list-repeater-0 uagb-icon-list__wrapper\" target=\"_self\" rel=\"noopener noreferrer\" href=\"#\"><div class=\"uagb-icon-list__content-wrap\"><span class=\"uagb-icon-list__source-wrap\"><span class=\"uagb-icon-list__source-icon\"><svg xmlns=\"http:\/\/www.w3.org\/2000\/svg\" viewbox=\"0 0 384 512\"><path d=\"M172.268 501.67C26.97 291.031 0 269.413 0 192 0 85.961 85.961 0 192 0s192 85.961 192 192c0 77.413-26.97 99.031-172.268 309.67-9.535 13.774-29.93 13.773-39.464 0zM192 272c44.183 0 80-35.817 80-80s-35.817-80-80-80-80 35.817-80 80 35.817 80 80 80z\"><\/path><\/svg><\/span><\/span><div class=\"uagb-icon-list__label-wrap\"><span class=\"uagb-icon-list__label\">12 Avenue, New York, NY 10160 <\/span><\/div><\/div><\/a><a class=\"uagb-icon-list-repeater-1 uagb-icon-list__wrapper\" target=\"_self\" rel=\"noopener noreferrer\" href=\"#\"><div class=\"uagb-icon-list__content-wrap\"><span class=\"uagb-icon-list__source-wrap\"><span class=\"uagb-icon-list__source-icon\"><svg xmlns=\"http:\/\/www.w3.org\/2000\/svg\" viewbox=\"0 0 512 512\"><path d=\"M493.4 24.6l-104-24c-11.3-2.6-22.9 3.3-27.5 13.9l-48 112c-4.2 9.8-1.4 21.3 6.9 28l60.6 49.6c-36 76.7-98.9 140.5-177.2 177.2l-49.6-60.6c-6.8-8.3-18.2-11.1-28-6.9l-112 48C3.9 366.5-2 378.1.6 389.4l24 104C27.1 504.2 36.7 512 48 512c256.1 0 464-207.5 464-464 0-11.2-7.7-20.9-18.6-23.4z\"><\/path><\/svg><\/span><\/span><div class=\"uagb-icon-list__label-wrap\"><span class=\"uagb-icon-list__label\">+1 910-626-85255  <\/span><\/div><\/div><\/a><a class=\"uagb-icon-list-repeater-2 uagb-icon-list__wrapper\" target=\"_self\" rel=\"noopener noreferrer\" href=\"#\"><div class=\"uagb-icon-list__content-wrap\"><span class=\"uagb-icon-list__source-wrap\"><span class=\"uagb-icon-list__source-icon\"><svg xmlns=\"http:\/\/www.w3.org\/2000\/svg\" viewbox=\"0 0 512 512\"><path d=\"M512 464c0 26.51-21.49 48-48 48H48c-26.51 0-48-21.49-48-48V200.724a48 48 0 0 1 18.387-37.776c24.913-19.529 45.501-35.365 164.2-121.511C199.412 29.17 232.797-.347 256 .003c23.198-.354 56.596 29.172 73.413 41.433 118.687 86.137 139.303 101.995 164.2 121.512A48 48 0 0 1 512 200.724V464zm-65.666-196.605c-2.563-3.728-7.7-4.595-11.339-1.907-22.845 16.873-55.462 40.705-105.582 77.079-16.825 12.266-50.21 41.781-73.413 41.43-23.211.344-56.559-29.143-73.413-41.43-50.114-36.37-82.734-60.204-105.582-77.079-3.639-2.688-8.776-1.821-11.339 1.907l-9.072 13.196a7.998 7.998 0 0 0 1.839 10.967c22.887 16.899 55.454 40.69 105.303 76.868 20.274 14.781 56.524 47.813 92.264 47.573 35.724.242 71.961-32.771 92.263-47.573 49.85-36.179 82.418-59.97 105.303-76.868a7.998 7.998 0 0 0 1.839-10.967l-9.071-13.196z\"><\/path><\/svg><\/span><\/span><div class=\"uagb-icon-list__label-wrap\"><span class=\"uagb-icon-list__label\">contact@nature.com  <\/span><\/div><\/div><\/a><\/div><\/div>\n<\/div>\n<\/div>\n\n\n\n<div style=\"height:30px\" aria-hidden=\"true\" class=\"wp-block-spacer\"><\/div>\n\n\n\n<hr class=\"wp-block-separator is-style-wide\" \/>\n\n\n\n<div style=\"height:20px\" aria-hidden=\"true\" class=\"wp-block-spacer\"><\/div>\n\n\n\n<p><\/p>\n<\/div><\/section>\n","protected":false},"excerpt":{"rendered":"<p>Nos cours Les \u00e9l\u00e8ves inscrits dans la Yamaha Music School de&nbsp; -VILLE- exp\u00e9rimentent la philosophie \u00abla pratique avant la th\u00e9orie&nbsp;\u00bb. Notre \u00e9quipe exp\u00e9riment\u00e9e s\u2019adapte aux besoins des \u00e9l\u00e8ves, et accompagne chacun d\u2019entre eux dans leur cr\u00e9ativit\u00e9. Le syst\u00e8me d\u2019\u00e9ducation musicale Yamaha couvre une grande vari\u00e9t\u00e9 de genres musicaux, et s\u2019adresse aux \u00e9l\u00e8ves de tous \u00e2ges. [&hellip;]<\/p>\n","protected":false},"author":1,"featured_media":0,"parent":0,"menu_order":0,"comment_status":"closed","ping_status":"closed","template":"","meta":{"_uag_custom_page_level_css":"","site-sidebar-layout":"no-sidebar","site-content-layout":"page-builder","ast-site-content-layout":"default","site-content-style":"default","site-sidebar-style":"default","ast-global-header-display":"","ast-banner-title-visibility":"","ast-main-header-display":"","ast-hfb-above-header-display":"","ast-hfb-below-header-display":"","ast-hfb-mobile-header-display":"","site-post-title":"disabled","ast-breadcrumbs-content":"","ast-featured-img":"disabled","footer-sml-layout":"","theme-transparent-header-meta":"enabled","adv-header-id-meta":"","stick-header-meta":"","header-above-stick-meta":"","header-main-stick-meta":"","header-below-stick-meta":"","astra-migrate-meta-layouts":"default","ast-page-background-enabled":"default","ast-page-background-meta":{"desktop":{"background-color":"","background-image":"","background-repeat":"repeat","background-position":"center center","background-size":"auto","background-attachment":"scroll","background-type":"","background-media":"","overlay-type":"","overlay-color":"","overlay-opacity":"","overlay-gradient":""},"tablet":{"background-color":"","background-image":"","background-repeat":"repeat","background-position":"center center","background-size":"auto","background-attachment":"scroll","background-type":"","background-media":"","overlay-type":"","overlay-color":"","overlay-opacity":"","overlay-gradient":""},"mobile":{"background-color":"","background-image":"","background-repeat":"repeat","background-position":"center center","background-size":"auto","background-attachment":"scroll","background-type":"","background-media":"","overlay-type":"","overlay-color":"","overlay-opacity":"","overlay-gradient":""}},"ast-content-background-meta":{"desktop":{"background-color":"var(--ast-global-color-5)","background-image":"","background-repeat":"repeat","background-position":"center center","background-size":"auto","background-attachment":"scroll","background-type":"","background-media":"","overlay-type":"","overlay-color":"","overlay-opacity":"","overlay-gradient":""},"tablet":{"background-color":"var(--ast-global-color-5)","background-image":"","background-repeat":"repeat","background-position":"center center","background-size":"auto","background-attachment":"scroll","background-type":"","background-media":"","overlay-type":"","overlay-color":"","overlay-opacity":"","overlay-gradient":""},"mobile":{"background-color":"var(--ast-global-color-5)","background-image":"","background-repeat":"repeat","background-position":"center center","background-size":"auto","background-attachment":"scroll","background-type":"","background-media":"","overlay-type":"","overlay-color":"","overlay-opacity":"","overlay-gradient":""}},"__cvm_playback_settings":[],"__cvm_video_id":"","_themeisle_gutenberg_block_has_review":false,"footnotes":""},"class_list":["post-1161","page","type-page","status-publish","hentry"],"featured_image_urls_v2":{"full":"","thumbnail":"","medium":"","medium_large":"","large":"","1536x1536":"","2048x2048":""},"post_excerpt_stackable_v2":"<p>COURS Nos cours Les \u00e9l\u00e8ves inscrits dans la Yamaha Music School de&nbsp; -VILLE- exp\u00e9rimentent la philosophie \u00abla pratique avant la th\u00e9orie&nbsp;\u00bb. Notre \u00e9quipe exp\u00e9riment\u00e9e s\u2019adapte aux besoins des \u00e9l\u00e8ves, et accompagne chacun d\u2019entre eux dans leur cr\u00e9ativit\u00e9. Le syst\u00e8me d\u2019\u00e9ducation musicale Yamaha couvre une grande vari\u00e9t\u00e9 de genres musicaux, et s\u2019adresse aux \u00e9l\u00e8ves de tous \u00e2ges. En plus de ces cours, nous vous proposons des cours de musiques compl\u00e9mentaires dont vous trouverez le d\u00e9tail ici Contact 06-83-11-72-40yms.euterpe@gmail.com Adresse 24 Boulevard Jean-Baptiste Lebas59000 LILLE Horaires Cours pour enfants jusqu&rsquo;\u00e0 8 ans Cours pour adolescents \/ Adultes ABOUT Click edit button to\u2026<\/p>\n","category_list_v2":"","author_info_v2":{"name":"EUTERPE","url":"http:\/\/yamaha-music-school-lille.fr\/site\/author\/euterpe\/"},"comments_num_v2":"0 commentaire","uagb_featured_image_src":{"full":false,"thumbnail":false,"medium":false,"medium_large":false,"large":false,"1536x1536":false,"2048x2048":false},"uagb_author_info":{"display_name":"EUTERPE","author_link":"http:\/\/yamaha-music-school-lille.fr\/site\/author\/euterpe\/"},"uagb_comment_info":0,"uagb_excerpt":"Nos cours Les \u00e9l\u00e8ves inscrits dans la Yamaha Music School de&nbsp; -VILLE- exp\u00e9rimentent la philosophie \u00abla pratique avant la th\u00e9orie&nbsp;\u00bb. Notre \u00e9quipe exp\u00e9riment\u00e9e s\u2019adapte aux besoins des \u00e9l\u00e8ves, et accompagne chacun d\u2019entre eux dans leur cr\u00e9ativit\u00e9. Le syst\u00e8me d\u2019\u00e9ducation musicale Yamaha couvre une grande vari\u00e9t\u00e9 de genres musicaux, et s\u2019adresse aux \u00e9l\u00e8ves de tous \u00e2ges.\u2026","_links":{"self":[{"href":"http:\/\/yamaha-music-school-lille.fr\/site\/wp-json\/wp\/v2\/pages\/1161"}],"collection":[{"href":"http:\/\/yamaha-music-school-lille.fr\/site\/wp-json\/wp\/v2\/pages"}],"about":[{"href":"http:\/\/yamaha-music-school-lille.fr\/site\/wp-json\/wp\/v2\/types\/page"}],"author":[{"embeddable":true,"href":"http:\/\/yamaha-music-school-lille.fr\/site\/wp-json\/wp\/v2\/users\/1"}],"replies":[{"embeddable":true,"href":"http:\/\/yamaha-music-school-lille.fr\/site\/wp-json\/wp\/v2\/comments?post=1161"}],"version-history":[{"count":1,"href":"http:\/\/yamaha-music-school-lille.fr\/site\/wp-json\/wp\/v2\/pages\/1161\/revisions"}],"predecessor-version":[{"id":2224,"href":"http:\/\/yamaha-music-school-lille.fr\/site\/wp-json\/wp\/v2\/pages\/1161\/revisions\/2224"}],"wp:attachment":[{"href":"http:\/\/yamaha-music-school-lille.fr\/site\/wp-json\/wp\/v2\/media?parent=1161"}],"curies":[{"name":"wp","href":"https:\/\/api.w.org\/{rel}","templated":true}]}}