{"id":1159,"date":"2019-03-16T18:04:54","date_gmt":"2019-03-16T17:04:54","guid":{"rendered":"http:\/\/www.yamaha-music-school-colmar.com\/site\/?page_id=1159"},"modified":"2020-02-27T10:32:01","modified_gmt":"2020-02-27T09:32:01","slug":"junior-extension-course","status":"publish","type":"page","link":"http:\/\/yamaha-music-school-lille.fr\/site\/junior-extension-course\/","title":{"rendered":"JUNIOR EXTENSION COURSE"},"content":{"rendered":"\n<section class=\"wp-block-uagb-section uagb-section__wrap uagb-section__background-image uagb-block-9c1c5335-fa3b-4306-a6c7-bbe13e690e3c\"><div class=\"uagb-section__overlay\"><\/div><div class=\"uagb-section__inner-wrap\">\n<div class=\"wp-block-uagb-advanced-heading uagb-block-b73cb27e-8bf5-4117-8faf-1769eafbfd43\" id=\"uagb-adv-heading-2d22619b-1ea9-49f1-bea1-88bc572f75a1\"><h1 class=\"uagb-heading-text\">JUNIOR EXTENSION COURSE<\/h1><p class=\"uagb-desc-text\"><\/p><\/div>\n<\/div><\/section>\n\n\n<style>#kt-layout-id_47f35b-43 > .kt-row-column-wrap{align-content:start;}:where(#kt-layout-id_47f35b-43 > .kt-row-column-wrap) > .wp-block-kadence-column{justify-content:start;}#kt-layout-id_47f35b-43 > .kt-row-column-wrap{column-gap:var(--global-kb-gap-md, 2rem);row-gap:var(--global-kb-gap-md, 2rem);max-width:1200px;margin-left:auto;margin-right:auto;padding-top:var( --global-kb-row-default-top, 25px );padding-bottom:var( --global-kb-row-default-bottom, 25px );padding-left:10px;padding-right:197px;grid-template-columns:minmax(0, calc(60% - ((var(--global-kb-gap-md, 2rem) * 1 )\/2)))minmax(0, calc(40% - ((var(--global-kb-gap-md, 2rem) * 1 )\/2)));}#kt-layout-id_47f35b-43 > .kt-row-layout-overlay{opacity:0.30;}@media all and (max-width: 1024px){#kt-layout-id_47f35b-43 > .kt-row-column-wrap{grid-template-columns:minmax(0, 2fr) minmax(0, 1fr);}}@media all and (max-width: 767px){#kt-layout-id_47f35b-43 > .kt-row-column-wrap{grid-template-columns:minmax(0, 1fr);}}<\/style>\n<div class=\"wp-block-kadence-rowlayout alignnone\"><div id=\"kt-layout-id_47f35b-43\" class=\"kt-row-layout-inner  kt-layout-id_47f35b-43\"><div class=\"kt-row-column-wrap kt-has-2-columns kt-gutter-default kt-v-gutter-default kt-row-valign-top kt-row-layout-left-golden kt-tab-layout-inherit kt-m-colapse-left-to-right kt-mobile-layout-row kt-custom-first-width-60 kt-custom-second-width-40\"><style>.kadence-column_37fb20-d7 > .kt-inside-inner-col{border-top-width:0px;border-right-width:0px;border-bottom-width:0px;border-left-width:0px;}.kadence-column_37fb20-d7 > .kt-inside-inner-col,.kadence-column_37fb20-d7 > .kt-inside-inner-col:before{border-top-left-radius:0px;border-top-right-radius:0px;border-bottom-right-radius:0px;border-bottom-left-radius:0px;}.kadence-column_37fb20-d7 > .kt-inside-inner-col{column-gap:var(--global-kb-gap-sm, 1rem);}.kadence-column_37fb20-d7 > .kt-inside-inner-col{flex-direction:column;}.kadence-column_37fb20-d7 > .kt-inside-inner-col > .aligncenter{width:100%;}.kadence-column_37fb20-d7 > .kt-inside-inner-col:before{opacity:0.3;}.kadence-column_37fb20-d7{position:relative;}@media all and (max-width: 1024px){.kadence-column_37fb20-d7 > .kt-inside-inner-col{flex-direction:column;justify-content:center;}}@media all and (max-width: 767px){.kadence-column_37fb20-d7 > .kt-inside-inner-col{flex-direction:column;justify-content:center;}}<\/style>\n<div class=\"wp-block-kadence-column inner-column-1 kadence-column_37fb20-d7\"><div class=\"kt-inside-inner-col\">\n<p><strong>Junior Extension\nCourse<\/strong><\/p>\n\n\n\n<p>En s&rsquo;appuyant sur les bases musicales acquises dans le Junior\nMusic Course, le Junior Extension Course qui s&rsquo;ensuit se concentre sur les\ndomaines suivants&nbsp;:<\/p>\n\n\n\n<ul class=\"wp-block-list\"><li>D\u00e9velopper la technique et apprendre \u00e0 jouer au clavier avec expression.<\/li><li>Encourager et renforcer les approches cr\u00e9atives individuelles par la composition et l&rsquo;improvisation. <\/li><\/ul>\n\n\n\n<ul class=\"wp-block-list\"><li>Forger l\u2019identit\u00e9 musicale propre \u00e0 chaque enfant.<\/li><\/ul>\n<\/div><\/div>\n\n\n<style>.kadence-column_55deca-4c > .kt-inside-inner-col{border-top-width:0px;border-right-width:0px;border-bottom-width:0px;border-left-width:0px;}.kadence-column_55deca-4c > .kt-inside-inner-col,.kadence-column_55deca-4c > .kt-inside-inner-col:before{border-top-left-radius:0px;border-top-right-radius:0px;border-bottom-right-radius:0px;border-bottom-left-radius:0px;}.kadence-column_55deca-4c > .kt-inside-inner-col{column-gap:var(--global-kb-gap-sm, 1rem);}.kadence-column_55deca-4c > .kt-inside-inner-col{flex-direction:column;}.kadence-column_55deca-4c > .kt-inside-inner-col > .aligncenter{width:100%;}.kadence-column_55deca-4c > .kt-inside-inner-col:before{opacity:0.3;}.kadence-column_55deca-4c{position:relative;}@media all and (max-width: 1024px){.kadence-column_55deca-4c > .kt-inside-inner-col{flex-direction:column;justify-content:center;}}@media all and (max-width: 767px){.kadence-column_55deca-4c > .kt-inside-inner-col{flex-direction:column;justify-content:center;}}<\/style>\n<div class=\"wp-block-kadence-column inner-column-2 kadence-column_55deca-4c\"><div class=\"kt-inside-inner-col\">\n<p>Pour les enfants entre 6 et 7 ans, qui ont valid\u00e9 le Junior Music Course  passant leur Test d Aptitude Musicale.<br><\/p>\n\n\n\n<p>Apr\u00e8s 3 ans de Junior &nbsp;Extension Course les  enfants \u00e9voluent vers le&nbsp;<a href=\"http:\/\/yamaha-music-school-lille.fr\/site\/junior-ensemble-course\/\">Junior Ensemble Course<\/a>.&nbsp; <\/p>\n\n\n\n<p><\/p>\n\n\n\n<p>Dur\u00e9e du cours&nbsp;: 55 minutes<\/p>\n\n\n\n<p>Groupe\nde 10 maximum<\/p>\n\n\n\n<p>Horaire\ndes cours disponibles<\/p>\n\n\n<style>.wp-block-kadence-advancedbtn.kb-btns_f531d5-cf{gap:var(--global-kb-gap-xs, 0.5rem );justify-content:center;align-items:center;}.kt-btns_f531d5-cf .kt-button{font-weight:normal;font-style:normal;}.wp-block-kadence-advancedbtn.kt-btns_f531d5-cf .kt-btn-wrap-0 .kt-button{color:#ffffff;font-size:18px;background:#ff6900;border-color:#ff6900;border-style:solid;}.wp-block-kadence-advancedbtn.kt-btns_f531d5-cf .kt-btn-wrap-0 .kt-button:hover, .wp-block-kadence-advancedbtn.kt-btns_f531d5-cf .kt-btn-wrap-0 .kt-button:focus{color:#ffffff;border-color:#444444;}.wp-block-kadence-advancedbtn.kt-btns_f531d5-cf .kt-btn-wrap-0 .kt-button::before{display:none;}.wp-block-kadence-advancedbtn.kt-btns_f531d5-cf .kt-btn-wrap-0 .kt-button:hover, .wp-block-kadence-advancedbtn.kt-btns_f531d5-cf .kt-btn-wrap-0 .kt-button:focus{background:#444444;}<\/style>\n<div class=\"wp-block-kadence-advancedbtn kt-btn-align-center kt-btn-tablet-align-inherit kt-btn-mobile-align-inherit kt-btns-wrap kt-btns_f531d5-cf\"><div class=\"kt-btn-wrap kt-btn-wrap-0\"><a class=\"kt-button button kt-btn-0-action kt-btn-size-custom kt-btn-style-basic kt-btn-svg-show-always kt-btn-has-text-true kt-btn-has-svg-false\" href=\"http:\/\/www.yamaha-music-school-lille.fr\/site\/contact\/\" style=\"border-radius:3px;border-width:2px\"><span class=\"kt-btn-inner-text\">Horaires<\/span><\/a><\/div><\/div>\n\n\n<style>.wp-block-kadence-advancedbtn.kb-btns_0f990f-21{gap:var(--global-kb-gap-xs, 0.5rem );justify-content:center;align-items:center;}.kt-btns_0f990f-21 .kt-button{font-weight:normal;font-style:normal;}.wp-block-kadence-advancedbtn.kt-btns_0f990f-21 .kt-btn-wrap-0 .kt-button{color:#ffffff;font-size:18px;background:#ff6900;border-color:#ff6900;border-style:solid;}.wp-block-kadence-advancedbtn.kt-btns_0f990f-21 .kt-btn-wrap-0 .kt-button:hover, .wp-block-kadence-advancedbtn.kt-btns_0f990f-21 .kt-btn-wrap-0 .kt-button:focus{color:#ffffff;border-color:#444444;}.wp-block-kadence-advancedbtn.kt-btns_0f990f-21 .kt-btn-wrap-0 .kt-button::before{display:none;}.wp-block-kadence-advancedbtn.kt-btns_0f990f-21 .kt-btn-wrap-0 .kt-button:hover, .wp-block-kadence-advancedbtn.kt-btns_0f990f-21 .kt-btn-wrap-0 .kt-button:focus{background:#444444;}<\/style>\n<div class=\"wp-block-kadence-advancedbtn kt-btn-align-center kt-btn-tablet-align-inherit kt-btn-mobile-align-inherit kt-btns-wrap kt-btns_0f990f-21\"><div class=\"kt-btn-wrap kt-btn-wrap-0\"><a class=\"kt-button button kt-btn-0-action kt-btn-size-custom kt-btn-style-basic kt-btn-svg-show-always kt-btn-has-text-true kt-btn-has-svg-false\" href=\"http:\/\/www.yamaha-music-school-lille.fr\/site\/tarifs\/\" style=\"border-radius:3px;border-width:2px\"><span class=\"kt-btn-inner-text\">Tarifs<\/span><\/a><\/div><\/div>\n\n\n\n<p><\/p>\n<\/div><\/div>\n<\/div><\/div><\/div>\n\n\n\n<section class=\"wp-block-uagb-section uagb-section__wrap uagb-section__background-image uagb-block-a7d9ec38\"><div class=\"uagb-section__overlay\"><\/div><div class=\"uagb-section__inner-wrap\">\n<div class=\"wp-block-columns has-3-columns is-layout-flex wp-container-core-columns-is-layout-1 wp-block-columns-is-layout-flex\">\n<div class=\"wp-block-column is-layout-flow wp-block-column-is-layout-flow\">\n<h4 class=\"wp-block-heading\"><a href=\"http:\/\/yamaha-music-school-lille.fr\/site\/about\/\">A propos<\/a><\/h4>\n\n\n\n<h4 class=\"wp-block-heading\"><a href=\"http:\/\/yamaha-music-school-lille.fr\/site\/junior-original-concert\/\">Junior Original Concert<\/a><\/h4>\n\n\n\n<h4 class=\"wp-block-heading\"><a href=\"http:\/\/yamaha-music-school-lille.fr\/site\/cours-2\/\">Examens de grade<\/a><\/h4>\n\n\n\n<h4 class=\"wp-block-heading\"><a href=\"http:\/\/yamaha-music-school-lille.fr\/site\/contact\/\">Contact<\/a><\/h4>\n\n\n\n<h4 class=\"wp-block-heading\"><a href=\"https:\/\/yamaha-music-school-lille.fr\/site\/politique-de-confidentialite\/\" data-type=\"link\" data-id=\"https:\/\/yamaha-music-school-lille.fr\/site\/politique-de-confidentialite\/\">Mentions l\u00e9gales<\/a><\/h4>\n\n\n\n<figure class=\"wp-block-image is-resized\"><img decoding=\"async\" src=\"http:\/\/yamaha-music-school-lausanne.com\/wp-content\/uploads\/2019\/03\/images.png\" alt=\"\" class=\"wp-image-1274\" style=\"width:84px;height:84px\"\/><figcaption class=\"wp-element-caption\"><a href=\"https:\/\/www.facebook.com\/lallietsandrine\/\">Notre page Facebook<\/a><\/figcaption><\/figure>\n\n\n\n<p><\/p>\n\n\n\n<h4 class=\"wp-block-heading\" id=\"mce_1\">Contact<\/h4>\n<\/div>\n\n\n\n<div class=\"wp-block-column is-layout-flow wp-block-column-is-layout-flow\">\n<h4 class=\"wp-block-heading\"><a href=\"http:\/\/yamaha-music-school-Nos cours Cours Yamaha Autres cours Professeurs Horaires\/cours\/\"><\/a><a href=\"http:\/\/yamaha-music-school-lille.fr\/site\/cours\/\">Nos cours<\/a><\/h4>\n\n\n\n<h4 class=\"wp-block-heading\"><a href=\"http:\/\/yamaha-music-school-Nos cours Cours Yamaha Autres cours Professeurs Horaires\/cours\/\"><\/a><a href=\"http:\/\/yamaha-music-school-lille.fr\/site\/cours-pour-enfants\/\">Cours pour enfants<\/a><\/h4>\n\n\n\n<h4 class=\"wp-block-heading\"><a href=\"http:\/\/yamaha-music-school-Nos cours Cours Yamaha Autres cours Professeurs Horaires\/cours\/\"><\/a><a href=\"http:\/\/yamaha-music-school-lille.fr\/site\/cours-pour-adolescents-adultes\/\">Cours pour Adolescents\/Adultes<\/a><\/h4>\n\n\n\n<h4 class=\"wp-block-heading\"><a href=\"http:\/\/yamaha-music-school-Nos cours Cours Yamaha Autres cours Professeurs Horaires\/cours\/\"><\/a><a href=\"http:\/\/yamaha-music-school-lille.fr\/site\/nos-professeurs\/\">Professeurs<\/a><\/h4>\n\n\n\n<h4 class=\"wp-block-heading\"><a href=\"http:\/\/yamaha-music-school-lille.fr\/site\/tarifs\/\"><\/a><a href=\"http:\/\/yamaha-music-school-lille.fr\/site\/tarifs\/#\"><\/a><a href=\"http:\/\/yamaha-music-school-lausanne.com\/contact\/\"><\/a><a href=\"http:\/\/yamaha-music-school-lille.fr\/site\/tarifs\/\">Horaires<\/a><\/h4>\n\n\n\n<p><\/p>\n\n\n\n<p><\/p>\n<\/div>\n\n\n\n<div class=\"wp-block-column is-layout-flow wp-block-column-is-layout-flow\">\n<figure class=\"wp-block-image size-large is-resized\"><img loading=\"lazy\" decoding=\"async\" width=\"628\" height=\"141\" src=\"http:\/\/yamaha-music-school-lille.fr\/site\/wp-content\/uploads\/2019\/06\/yms_logo_big-1.png\" alt=\"\" class=\"wp-image-1839\" style=\"width:320px;height:71px\" srcset=\"http:\/\/yamaha-music-school-lille.fr\/site\/wp-content\/uploads\/2019\/06\/yms_logo_big-1.png 628w, http:\/\/yamaha-music-school-lille.fr\/site\/wp-content\/uploads\/2019\/06\/yms_logo_big-1-300x67.png 300w\" sizes=\"(max-width: 628px) 100vw, 628px\" \/><figcaption class=\"wp-element-caption\"><a href=\"http:\/\/yamaha-music-school-lille.fr\/site\/contact\/\"><strong> 06-83-11-72-40<br>yms.euterpe@gmail.com<\/strong><br><br> 24 Boulevard Jean-Baptiste Lebas<br>59000 LILLE  <\/a><\/figcaption><\/figure>\n\n\n\n<p><\/p>\n\n\n\n<p><\/p>\n\n\n\n<p><\/p>\n\n\n\n<p><\/p>\n<\/div>\n<\/div>\n\n\n\n<div style=\"height:30px\" aria-hidden=\"true\" class=\"wp-block-spacer\"><\/div>\n\n\n\n<hr class=\"wp-block-separator has-css-opacity is-style-wide\"\/>\n\n\n\n<div style=\"height:20px\" aria-hidden=\"true\" class=\"wp-block-spacer\"><\/div>\n\n\n\n<p><\/p>\n<\/div><\/section>\n","protected":false},"excerpt":{"rendered":"<p>Junior Extension Course En s&rsquo;appuyant sur les bases musicales acquises dans le Junior Music Course, le Junior Extension Course qui s&rsquo;ensuit se concentre sur les domaines suivants&nbsp;: D\u00e9velopper la technique et apprendre \u00e0 jouer au clavier avec expression. Encourager et renforcer les approches cr\u00e9atives individuelles par la composition et l&rsquo;improvisation. Forger l\u2019identit\u00e9 musicale propre \u00e0 [&hellip;]<\/p>\n","protected":false},"author":1,"featured_media":0,"parent":0,"menu_order":0,"comment_status":"closed","ping_status":"closed","template":"","meta":{"_uag_custom_page_level_css":"","site-sidebar-layout":"no-sidebar","site-content-layout":"page-builder","ast-site-content-layout":"default","site-content-style":"default","site-sidebar-style":"default","ast-global-header-display":"","ast-banner-title-visibility":"","ast-main-header-display":"","ast-hfb-above-header-display":"","ast-hfb-below-header-display":"","ast-hfb-mobile-header-display":"","site-post-title":"disabled","ast-breadcrumbs-content":"","ast-featured-img":"disabled","footer-sml-layout":"","theme-transparent-header-meta":"enabled","adv-header-id-meta":"","stick-header-meta":"","header-above-stick-meta":"","header-main-stick-meta":"","header-below-stick-meta":"","astra-migrate-meta-layouts":"default","ast-page-background-enabled":"default","ast-page-background-meta":{"desktop":{"background-color":"","background-image":"","background-repeat":"repeat","background-position":"center center","background-size":"auto","background-attachment":"scroll","background-type":"","background-media":"","overlay-type":"","overlay-color":"","overlay-opacity":"","overlay-gradient":""},"tablet":{"background-color":"","background-image":"","background-repeat":"repeat","background-position":"center center","background-size":"auto","background-attachment":"scroll","background-type":"","background-media":"","overlay-type":"","overlay-color":"","overlay-opacity":"","overlay-gradient":""},"mobile":{"background-color":"","background-image":"","background-repeat":"repeat","background-position":"center center","background-size":"auto","background-attachment":"scroll","background-type":"","background-media":"","overlay-type":"","overlay-color":"","overlay-opacity":"","overlay-gradient":""}},"ast-content-background-meta":{"desktop":{"background-color":"var(--ast-global-color-5)","background-image":"","background-repeat":"repeat","background-position":"center center","background-size":"auto","background-attachment":"scroll","background-type":"","background-media":"","overlay-type":"","overlay-color":"","overlay-opacity":"","overlay-gradient":""},"tablet":{"background-color":"var(--ast-global-color-5)","background-image":"","background-repeat":"repeat","background-position":"center center","background-size":"auto","background-attachment":"scroll","background-type":"","background-media":"","overlay-type":"","overlay-color":"","overlay-opacity":"","overlay-gradient":""},"mobile":{"background-color":"var(--ast-global-color-5)","background-image":"","background-repeat":"repeat","background-position":"center center","background-size":"auto","background-attachment":"scroll","background-type":"","background-media":"","overlay-type":"","overlay-color":"","overlay-opacity":"","overlay-gradient":""}},"__cvm_playback_settings":[],"__cvm_video_id":"","_themeisle_gutenberg_block_has_review":false,"footnotes":""},"class_list":["post-1159","page","type-page","status-publish","hentry"],"featured_image_urls_v2":{"full":"","thumbnail":"","medium":"","medium_large":"","large":"","1536x1536":"","2048x2048":""},"post_excerpt_stackable_v2":"<p>JUNIOR EXTENSION COURSE Junior Extension Course En s&rsquo;appuyant sur les bases musicales acquises dans le Junior Music Course, le Junior Extension Course qui s&rsquo;ensuit se concentre sur les domaines suivants&nbsp;: D\u00e9velopper la technique et apprendre \u00e0 jouer au clavier avec expression.Encourager et renforcer les approches cr\u00e9atives individuelles par la composition et l&rsquo;improvisation. Forger l\u2019identit\u00e9 musicale propre \u00e0 chaque enfant. Pour les enfants entre 6 et 7 ans, qui ont valid\u00e9 le Junior Music Course passant leur Test d Aptitude Musicale. Apr\u00e8s 3 ans de Junior &nbsp;Extension Course les enfants \u00e9voluent vers le&nbsp;Junior Ensemble Course.&nbsp; Dur\u00e9e du cours&nbsp;: 55 minutes Groupe\u2026<\/p>\n","category_list_v2":"","author_info_v2":{"name":"EUTERPE","url":"http:\/\/yamaha-music-school-lille.fr\/site\/author\/euterpe\/"},"comments_num_v2":"0 commentaire","uagb_featured_image_src":{"full":false,"thumbnail":false,"medium":false,"medium_large":false,"large":false,"1536x1536":false,"2048x2048":false},"uagb_author_info":{"display_name":"EUTERPE","author_link":"http:\/\/yamaha-music-school-lille.fr\/site\/author\/euterpe\/"},"uagb_comment_info":0,"uagb_excerpt":"Junior Extension Course En s&rsquo;appuyant sur les bases musicales acquises dans le Junior Music Course, le Junior Extension Course qui s&rsquo;ensuit se concentre sur les domaines suivants&nbsp;: D\u00e9velopper la technique et apprendre \u00e0 jouer au clavier avec expression. Encourager et renforcer les approches cr\u00e9atives individuelles par la composition et l&rsquo;improvisation. Forger l\u2019identit\u00e9 musicale propre \u00e0\u2026","_links":{"self":[{"href":"http:\/\/yamaha-music-school-lille.fr\/site\/wp-json\/wp\/v2\/pages\/1159"}],"collection":[{"href":"http:\/\/yamaha-music-school-lille.fr\/site\/wp-json\/wp\/v2\/pages"}],"about":[{"href":"http:\/\/yamaha-music-school-lille.fr\/site\/wp-json\/wp\/v2\/types\/page"}],"author":[{"embeddable":true,"href":"http:\/\/yamaha-music-school-lille.fr\/site\/wp-json\/wp\/v2\/users\/1"}],"replies":[{"embeddable":true,"href":"http:\/\/yamaha-music-school-lille.fr\/site\/wp-json\/wp\/v2\/comments?post=1159"}],"version-history":[{"count":6,"href":"http:\/\/yamaha-music-school-lille.fr\/site\/wp-json\/wp\/v2\/pages\/1159\/revisions"}],"predecessor-version":[{"id":2235,"href":"http:\/\/yamaha-music-school-lille.fr\/site\/wp-json\/wp\/v2\/pages\/1159\/revisions\/2235"}],"wp:attachment":[{"href":"http:\/\/yamaha-music-school-lille.fr\/site\/wp-json\/wp\/v2\/media?parent=1159"}],"curies":[{"name":"wp","href":"https:\/\/api.w.org\/{rel}","templated":true}]}}