{"id":1067,"date":"2019-03-16T14:55:03","date_gmt":"2019-03-16T13:55:03","guid":{"rendered":"http:\/\/www.yamaha-music-school-colmar.com\/site\/?page_id=1067"},"modified":"2025-05-06T10:04:32","modified_gmt":"2025-05-06T08:04:32","slug":"tarifs","status":"publish","type":"page","link":"http:\/\/yamaha-music-school-lille.fr\/site\/tarifs\/","title":{"rendered":"TARIFS"},"content":{"rendered":"\n<section class=\"wp-block-uagb-section uagb-section__wrap uagb-section__background-image uagb-block-eb796ed6\"><div class=\"uagb-section__overlay\"><\/div><div class=\"uagb-section__inner-wrap\">\n<div class=\"wp-block-uagb-advanced-heading uagb-block-1725074c\" id=\"uagb-adv-heading-ffa62a9c-9a36-4020-82d1-76819ecb0dea\"><h1 class=\"uagb-heading-text\">TARIFS<\/h1><\/div>\n<\/div><\/section>\n\n\n\n<div id=\"wp-block-themeisle-blocks-advanced-columns-333f0e2a\" class=\"wp-block-themeisle-blocks-advanced-columns has-2-columns has-desktop-equal-layout has-tablet-equal-layout has-mobile-collapsedRows-layout has-vertical-unset\"><div class=\"wp-block-themeisle-blocks-advanced-columns-overlay\"><\/div><div class=\"innerblocks-wrap\">\n<div id=\"wp-block-themeisle-blocks-advanced-column-ee3a71dc\" class=\"wp-block-themeisle-blocks-advanced-column\">\n<p><strong>Tarifs<\/strong><\/p>\n\n\n\n<p>Veuillez-trouver ici les informations de dur\u00e9e et de tarifs\ndes cours<\/p>\n\n\n\n<p><a aria-label=\"\ufffcCliquer ici pour t\u00e9l\u00e9charger les tarif (s\u2019ouvre dans un nouvel onglet)\" href=\"http:\/\/yamaha-music-school-lille.fr\/site\/wp-content\/uploads\/2019\/08\/Wk51-CG-et-Tarif-19-20-V6-190125-pdf.pdf\" target=\"_blank\" rel=\"noreferrer noopener\"><\/a><a href=\"http:\/\/yamaha-music-school-lille.fr\/site\/wp-content\/uploads\/2019\/08\/Wk51-CG-et-Tarif-19-20-V6-190125-pdf.pdf\"><\/a><a href=\"http:\/\/yamaha-music-school-lille.fr\/site\/wp-content\/uploads\/2019\/08\/Wk51-CG-et-Tarif-19-20-V6-190125-pdf.pdf\"><\/a><a aria-label=\"Cliquer ici pour t\u00e9l\u00e9charger les tarifs (s\u2019ouvre dans un nouvel onglet)\" href=\"http:\/\/www.yamaha-music-school-colmar.com\/site\/wp-content\/uploads\/2019\/04\/Tarifs-2019-2020.pdf\" target=\"_blank\" rel=\"noreferrer noopener\"><\/a><a href=\"http:\/\/yamaha-music-school-lille.fr\/site\/wp-content\/uploads\/2025\/05\/TLILLE20252026.pdf\" target=\"_blank\" rel=\"noreferrer noopener\">Cliquer ici pour t\u00e9l\u00e9charger les tarifs<\/a><\/p>\n\n\n\n<p><strong>Int\u00e9ress\u00e9&nbsp;par un cours de d\u00e9couverte gratuit et sans engagement&nbsp;?<\/strong><\/p>\n\n\n\n<p><a href=\"http:\/\/www.yamaha-music-school-lille.fr\/site\/contact\">Cliquer ici pour vous inscrire \u00e0 un cours d\u00e9couverte, gratuit et sans engagement<\/a><\/p>\n<\/div>\n\n\n\n<div id=\"wp-block-themeisle-blocks-advanced-column-9192f282\" class=\"wp-block-themeisle-blocks-advanced-column\">\n<h4 class=\"wp-block-heading\" id=\"mce_1\">Contact<\/h4>\n\n\n\n<ul class=\"wp-block-list\">\n<li> 06-83-11-72-40<\/li>\n\n\n\n<li> yms.euterpe@gmail.com <\/li>\n<\/ul>\n\n\n\n<h4 class=\"wp-block-heading\" id=\"mce_1\">Adresse<\/h4>\n\n\n\n<p>24 Boulevard Jean-Baptiste Lebas<br>59000 LILLE<\/p>\n\n\n\n<p><\/p>\n<\/div>\n<\/div><\/div>\n\n\n\n<p class=\"has-text-align-center\">Toutes les informations sont sujettes \u00e0 modifications.<\/p>\n\n\n\n<section class=\"wp-block-uagb-section uagb-section__wrap uagb-section__background-image uagb-block-a7d9ec38\"><div class=\"uagb-section__overlay\"><\/div><div class=\"uagb-section__inner-wrap\">\n<div class=\"wp-block-columns has-3-columns is-layout-flex wp-container-core-columns-is-layout-1 wp-block-columns-is-layout-flex\">\n<div class=\"wp-block-column is-layout-flow wp-block-column-is-layout-flow\">\n<h4 class=\"wp-block-heading\"><a href=\"http:\/\/yamaha-music-school-lille.fr\/site\/about\/\">A propos<\/a><\/h4>\n\n\n\n<h4 class=\"wp-block-heading\"><a href=\"http:\/\/yamaha-music-school-lille.fr\/site\/junior-original-concert\/\">Junior Original Concert<\/a><\/h4>\n\n\n\n<h4 class=\"wp-block-heading\"><a href=\"http:\/\/yamaha-music-school-lille.fr\/site\/cours-2\/\">Examens de grade<\/a><\/h4>\n\n\n\n<h4 class=\"wp-block-heading\"><a href=\"http:\/\/yamaha-music-school-lille.fr\/site\/contact\/\">Contact<\/a><\/h4>\n\n\n\n<h4 class=\"wp-block-heading\"><a href=\"https:\/\/yamaha-music-school-lille.fr\/site\/politique-de-confidentialite\/\" data-type=\"link\" data-id=\"https:\/\/yamaha-music-school-lille.fr\/site\/politique-de-confidentialite\/\">Mentions l\u00e9gales<\/a><\/h4>\n\n\n\n<figure class=\"wp-block-image is-resized\"><img decoding=\"async\" src=\"http:\/\/yamaha-music-school-lausanne.com\/wp-content\/uploads\/2019\/03\/images.png\" alt=\"\" class=\"wp-image-1274\" style=\"width:84px;height:84px\"\/><figcaption class=\"wp-element-caption\"><a href=\"https:\/\/www.facebook.com\/lallietsandrine\/\">Notre page Facebook<\/a><\/figcaption><\/figure>\n\n\n\n<p><\/p>\n\n\n\n<h4 class=\"wp-block-heading\" id=\"mce_1\">Contact<\/h4>\n<\/div>\n\n\n\n<div class=\"wp-block-column is-layout-flow wp-block-column-is-layout-flow\">\n<h4 class=\"wp-block-heading\"><a href=\"http:\/\/yamaha-music-school-Nos cours Cours Yamaha Autres cours Professeurs Horaires\/cours\/\"><\/a><a href=\"http:\/\/yamaha-music-school-lille.fr\/site\/cours\/\">Nos cours<\/a><\/h4>\n\n\n\n<h4 class=\"wp-block-heading\"><a href=\"http:\/\/yamaha-music-school-Nos cours Cours Yamaha Autres cours Professeurs Horaires\/cours\/\"><\/a><a href=\"http:\/\/yamaha-music-school-lille.fr\/site\/cours-pour-enfants\/\">Cours pour enfants<\/a><\/h4>\n\n\n\n<h4 class=\"wp-block-heading\"><a href=\"http:\/\/yamaha-music-school-Nos cours Cours Yamaha Autres cours Professeurs Horaires\/cours\/\"><\/a><a href=\"http:\/\/yamaha-music-school-lille.fr\/site\/cours-pour-adolescents-adultes\/\">Cours pour Adolescents\/Adultes<\/a><\/h4>\n\n\n\n<h4 class=\"wp-block-heading\"><a href=\"http:\/\/yamaha-music-school-Nos cours Cours Yamaha Autres cours Professeurs Horaires\/cours\/\"><\/a><a href=\"http:\/\/yamaha-music-school-lille.fr\/site\/nos-professeurs\/\">Professeurs<\/a><\/h4>\n\n\n\n<h4 class=\"wp-block-heading\"><a href=\"http:\/\/yamaha-music-school-lille.fr\/site\/tarifs\/\"><\/a><a href=\"http:\/\/yamaha-music-school-lille.fr\/site\/tarifs\/#\"><\/a><a href=\"http:\/\/yamaha-music-school-lausanne.com\/contact\/\"><\/a><a href=\"http:\/\/yamaha-music-school-lille.fr\/site\/tarifs\/\">Horaires<\/a><\/h4>\n\n\n\n<p><\/p>\n\n\n\n<p><\/p>\n<\/div>\n\n\n\n<div class=\"wp-block-column is-layout-flow wp-block-column-is-layout-flow\">\n<figure class=\"wp-block-image size-large is-resized\"><img loading=\"lazy\" decoding=\"async\" width=\"628\" height=\"141\" src=\"http:\/\/yamaha-music-school-lille.fr\/site\/wp-content\/uploads\/2019\/06\/yms_logo_big-1.png\" alt=\"\" class=\"wp-image-1839\" style=\"width:320px;height:71px\" srcset=\"http:\/\/yamaha-music-school-lille.fr\/site\/wp-content\/uploads\/2019\/06\/yms_logo_big-1.png 628w, http:\/\/yamaha-music-school-lille.fr\/site\/wp-content\/uploads\/2019\/06\/yms_logo_big-1-300x67.png 300w\" sizes=\"(max-width: 628px) 100vw, 628px\" \/><figcaption class=\"wp-element-caption\"><a href=\"http:\/\/yamaha-music-school-lille.fr\/site\/contact\/\"><strong> 06-83-11-72-40<br>yms.euterpe@gmail.com<\/strong><br><br> 24 Boulevard Jean-Baptiste Lebas<br>59000 LILLE  <\/a><\/figcaption><\/figure>\n\n\n\n<p><\/p>\n\n\n\n<p><\/p>\n\n\n\n<p><\/p>\n\n\n\n<p><\/p>\n<\/div>\n<\/div>\n\n\n\n<div style=\"height:30px\" aria-hidden=\"true\" class=\"wp-block-spacer\"><\/div>\n\n\n\n<hr class=\"wp-block-separator has-css-opacity is-style-wide\"\/>\n\n\n\n<div style=\"height:20px\" aria-hidden=\"true\" class=\"wp-block-spacer\"><\/div>\n\n\n\n<p><\/p>\n<\/div><\/section>\n","protected":false},"excerpt":{"rendered":"<p>Toutes les informations sont sujettes \u00e0 modifications.<\/p>\n","protected":false},"author":1,"featured_media":0,"parent":0,"menu_order":0,"comment_status":"closed","ping_status":"closed","template":"","meta":{"_uag_custom_page_level_css":"","site-sidebar-layout":"no-sidebar","site-content-layout":"page-builder","ast-site-content-layout":"full-width-container","site-content-style":"unboxed","site-sidebar-style":"unboxed","ast-global-header-display":"","ast-banner-title-visibility":"","ast-main-header-display":"","ast-hfb-above-header-display":"","ast-hfb-below-header-display":"","ast-hfb-mobile-header-display":"","site-post-title":"disabled","ast-breadcrumbs-content":"","ast-featured-img":"disabled","footer-sml-layout":"","theme-transparent-header-meta":"enabled","adv-header-id-meta":"","stick-header-meta":"","header-above-stick-meta":"","header-main-stick-meta":"","header-below-stick-meta":"","astra-migrate-meta-layouts":"set","ast-page-background-enabled":"default","ast-page-background-meta":{"desktop":{"background-color":"","background-image":"","background-repeat":"repeat","background-position":"center center","background-size":"auto","background-attachment":"scroll","background-type":"","background-media":"","overlay-type":"","overlay-color":"","overlay-opacity":"","overlay-gradient":""},"tablet":{"background-color":"","background-image":"","background-repeat":"repeat","background-position":"center center","background-size":"auto","background-attachment":"scroll","background-type":"","background-media":"","overlay-type":"","overlay-color":"","overlay-opacity":"","overlay-gradient":""},"mobile":{"background-color":"","background-image":"","background-repeat":"repeat","background-position":"center center","background-size":"auto","background-attachment":"scroll","background-type":"","background-media":"","overlay-type":"","overlay-color":"","overlay-opacity":"","overlay-gradient":""}},"ast-content-background-meta":{"desktop":{"background-color":"var(--ast-global-color-5)","background-image":"","background-repeat":"repeat","background-position":"center center","background-size":"auto","background-attachment":"scroll","background-type":"","background-media":"","overlay-type":"","overlay-color":"","overlay-opacity":"","overlay-gradient":""},"tablet":{"background-color":"var(--ast-global-color-5)","background-image":"","background-repeat":"repeat","background-position":"center center","background-size":"auto","background-attachment":"scroll","background-type":"","background-media":"","overlay-type":"","overlay-color":"","overlay-opacity":"","overlay-gradient":""},"mobile":{"background-color":"var(--ast-global-color-5)","background-image":"","background-repeat":"repeat","background-position":"center center","background-size":"auto","background-attachment":"scroll","background-type":"","background-media":"","overlay-type":"","overlay-color":"","overlay-opacity":"","overlay-gradient":""}},"__cvm_playback_settings":[],"__cvm_video_id":"","_themeisle_gutenberg_block_has_review":false,"footnotes":""},"class_list":["post-1067","page","type-page","status-publish","hentry"],"featured_image_urls_v2":{"full":"","thumbnail":"","medium":"","medium_large":"","large":"","1536x1536":"","2048x2048":""},"post_excerpt_stackable_v2":"<p>TARIFS Tarifs Veuillez-trouver ici les informations de dur\u00e9e et de tarifs des cours Cliquer ici pour t\u00e9l\u00e9charger les tarifs Int\u00e9ress\u00e9&nbsp;par un cours de d\u00e9couverte gratuit et sans engagement&nbsp;? Cliquer ici pour vous inscrire \u00e0 un cours d\u00e9couverte, gratuit et sans engagement Contact 06-83-11-72-40 yms.euterpe@gmail.com Adresse 24 Boulevard Jean-Baptiste Lebas59000 LILLE Toutes les informations sont sujettes \u00e0 modifications. A propos Junior Original Concert Examens de grade Contact Mentions l\u00e9gales Notre page Facebook Contact Nos cours Cours pour enfants Cours pour Adolescents\/Adultes Professeurs Horaires 06-83-11-72-40yms.euterpe@gmail.com 24 Boulevard Jean-Baptiste Lebas59000 LILLE<\/p>\n","category_list_v2":"","author_info_v2":{"name":"EUTERPE","url":"http:\/\/yamaha-music-school-lille.fr\/site\/author\/euterpe\/"},"comments_num_v2":"0 commentaire","uagb_featured_image_src":{"full":false,"thumbnail":false,"medium":false,"medium_large":false,"large":false,"1536x1536":false,"2048x2048":false},"uagb_author_info":{"display_name":"EUTERPE","author_link":"http:\/\/yamaha-music-school-lille.fr\/site\/author\/euterpe\/"},"uagb_comment_info":0,"uagb_excerpt":"Toutes les informations sont sujettes \u00e0 modifications.","_links":{"self":[{"href":"http:\/\/yamaha-music-school-lille.fr\/site\/wp-json\/wp\/v2\/pages\/1067"}],"collection":[{"href":"http:\/\/yamaha-music-school-lille.fr\/site\/wp-json\/wp\/v2\/pages"}],"about":[{"href":"http:\/\/yamaha-music-school-lille.fr\/site\/wp-json\/wp\/v2\/types\/page"}],"author":[{"embeddable":true,"href":"http:\/\/yamaha-music-school-lille.fr\/site\/wp-json\/wp\/v2\/users\/1"}],"replies":[{"embeddable":true,"href":"http:\/\/yamaha-music-school-lille.fr\/site\/wp-json\/wp\/v2\/comments?post=1067"}],"version-history":[{"count":30,"href":"http:\/\/yamaha-music-school-lille.fr\/site\/wp-json\/wp\/v2\/pages\/1067\/revisions"}],"predecessor-version":[{"id":2921,"href":"http:\/\/yamaha-music-school-lille.fr\/site\/wp-json\/wp\/v2\/pages\/1067\/revisions\/2921"}],"wp:attachment":[{"href":"http:\/\/yamaha-music-school-lille.fr\/site\/wp-json\/wp\/v2\/media?parent=1067"}],"curies":[{"name":"wp","href":"https:\/\/api.w.org\/{rel}","templated":true}]}}